{"id":24944,"date":"2024-08-05T17:32:47","date_gmt":"2024-08-05T17:32:47","guid":{"rendered":"https:\/\/hoteljaponespuigpinos.com\/?page_id=24944"},"modified":"2024-08-05T17:33:22","modified_gmt":"2024-08-05T17:33:22","slug":"hatha-yoga-and-wellness-with-essential-oils-contact","status":"publish","type":"page","link":"https:\/\/hoteljaponespuigpinos.com\/en\/hatha-yoga-and-wellness-with-essential-oils-contact\/","title":{"rendered":"Hatha Yoga and Wellness with Essential Oils &#8211; Contact"},"content":{"rendered":"\t\t<div data-elementor-type=\"wp-page\" data-elementor-id=\"24944\" class=\"elementor elementor-24944 elementor-24911\" data-elementor-post-type=\"page\">\n\t\t\t\t\t\t<section class=\"elementor-section elementor-top-section elementor-element elementor-element-c0de39b elementor-section-boxed elementor-section-height-default elementor-section-height-default jltma-glass-effect-no\" data-id=\"c0de39b\" data-element_type=\"section\">\n\t\t\t\t\t\t<div class=\"elementor-container elementor-column-gap-default\">\n\t\t\t\t\t<div class=\"elementor-column elementor-col-100 elementor-top-column elementor-element elementor-element-a5b0c28 jltma-glass-effect-no\" data-id=\"a5b0c28\" data-element_type=\"column\">\n\t\t\t<div class=\"elementor-widget-wrap elementor-element-populated\">\n\t\t\t\t\t\t<div class=\"elementor-element elementor-element-14c4a11 jltma-glass-effect-no elementor-widget elementor-widget-heading\" data-id=\"14c4a11\" data-element_type=\"widget\" data-widget_type=\"heading.default\">\n\t\t\t\t<div class=\"elementor-widget-container\">\n\t\t\t\t\t<h2 class=\"elementor-heading-title elementor-size-default\">Hatha Yoga and Wellness with Essential Oils\n\n<\/h2>\t\t\t\t<\/div>\n\t\t\t\t<\/div>\n\t\t\t\t\t<\/div>\n\t\t<\/div>\n\t\t\t\t\t<\/div>\n\t\t<\/section>\n\t\t\t\t<section class=\"elementor-section elementor-top-section elementor-element elementor-element-4e4fc30 elementor-section-boxed elementor-section-height-default elementor-section-height-default jltma-glass-effect-no\" data-id=\"4e4fc30\" data-element_type=\"section\">\n\t\t\t\t\t\t<div class=\"elementor-container elementor-column-gap-default\">\n\t\t\t\t\t<div class=\"elementor-column elementor-col-100 elementor-top-column elementor-element elementor-element-b14f965 jltma-glass-effect-no\" data-id=\"b14f965\" data-element_type=\"column\">\n\t\t\t<div class=\"elementor-widget-wrap elementor-element-populated\">\n\t\t\t\t\t\t<div class=\"elementor-element elementor-element-59ff5b4 pp-gravity-form-button-custom pp-gravity-form-pagination-buttons-auto jltma-glass-effect-no elementor-widget elementor-widget-pp-gravity-forms\" data-id=\"59ff5b4\" data-element_type=\"widget\" data-widget_type=\"pp-gravity-forms.default\">\n\t\t\t\t<div class=\"elementor-widget-container\">\n\t\t\t\t\t\t\t\t\t<div class=\"pp-contact-form pp-gravity-form\">\n\t\t\t\t\t\t\t\t\t\t<script type=\"text\/javascript\">var gform;gform||(document.addEventListener(\"gform_main_scripts_loaded\",function(){gform.scriptsLoaded=!0}),window.addEventListener(\"DOMContentLoaded\",function(){gform.domLoaded=!0}),gform={domLoaded:!1,scriptsLoaded:!1,initializeOnLoaded:function(o){gform.domLoaded&&gform.scriptsLoaded?o():!gform.domLoaded&&gform.scriptsLoaded?window.addEventListener(\"DOMContentLoaded\",o):document.addEventListener(\"gform_main_scripts_loaded\",o)},hooks:{action:{},filter:{}},addAction:function(o,n,r,t){gform.addHook(\"action\",o,n,r,t)},addFilter:function(o,n,r,t){gform.addHook(\"filter\",o,n,r,t)},doAction:function(o){gform.doHook(\"action\",o,arguments)},applyFilters:function(o){return gform.doHook(\"filter\",o,arguments)},removeAction:function(o,n){gform.removeHook(\"action\",o,n)},removeFilter:function(o,n,r){gform.removeHook(\"filter\",o,n,r)},addHook:function(o,n,r,t,i){null==gform.hooks[o][n]&&(gform.hooks[o][n]=[]);var e=gform.hooks[o][n];null==i&&(i=n+\"_\"+e.length),gform.hooks[o][n].push({tag:i,callable:r,priority:t=null==t?10:t})},doHook:function(n,o,r){var t;if(r=Array.prototype.slice.call(r,1),null!=gform.hooks[n][o]&&((o=gform.hooks[n][o]).sort(function(o,n){return o.priority-n.priority}),o.forEach(function(o){\"function\"!=typeof(t=o.callable)&&(t=window[t]),\"action\"==n?t.apply(null,r):r[0]=t.apply(null,r)})),\"filter\"==n)return r[0]},removeHook:function(o,n,t,i){var r;null!=gform.hooks[o][n]&&(r=(r=gform.hooks[o][n]).filter(function(o,n,r){return!!(null!=i&&i!=o.tag||null!=t&&t!=o.priority)}),gform.hooks[o][n]=r)}});<\/script>\n                <div class='gf_browser_gecko gform_wrapper gravity-theme' id='gform_wrapper_13' >\n                        <div class='gform_heading'>\n                            <span class='gform_description'><\/span>\n                        <\/div><form method='post' enctype='multipart\/form-data'  id='gform_13'  action='\/en\/wp-json\/wp\/v2\/pages\/24944' novalidate>\n                        <div class='gform_body gform-body'><div id='gform_fields_13' class='gform_fields top_label form_sublabel_below description_below'><div id=\"field_13_1\"  class=\"gfield field_sublabel_below field_description_below gfield_visibility_visible\"  data-js-reload=\"field_13_1\"><label class='gfield_label screen-reader-text' for='input_13_1' >Nom*<\/label><div class='ginput_container ginput_container_text'><input name='input_1' id='input_13_1' type='text' value='' class='large'    placeholder='Nom*'  aria-invalid=\"false\"   \/> <\/div><\/div><div id=\"field_13_3\"  class=\"gfield gfield--width-full field_sublabel_below field_description_below gfield_visibility_visible\"  data-js-reload=\"field_13_3\"><label class='gfield_label screen-reader-text' for='input_13_3' >Cognoms*<\/label><div class='ginput_container ginput_container_text'><input name='input_3' id='input_13_3' type='text' value='' class='large'    placeholder='Cognoms*'  aria-invalid=\"false\"   \/> <\/div><\/div><div id=\"field_13_5\"  class=\"gfield gfield--width-full gfield_contains_required field_sublabel_below field_description_below gfield_visibility_visible\"  data-js-reload=\"field_13_5\"><label class='gfield_label screen-reader-text' for='input_13_5' >Tel\u00e8fon*<span class=\"gfield_required\"><span class=\"gfield_required gfield_required_text\">(Required)<\/span><\/span><\/label><div class='ginput_container ginput_container_phone'><input name='input_5' id='input_13_5' type='tel' value='' class='large'  placeholder='Tel\u00e8fon*' aria-required=\"true\" aria-invalid=\"false\"   \/><\/div><\/div><div id=\"field_13_6\"  class=\"gfield gfield--width-full gfield_contains_required field_sublabel_below field_description_below gfield_visibility_visible\"  data-js-reload=\"field_13_6\"><label class='gfield_label screen-reader-text' for='input_13_6' >E-mail*<span class=\"gfield_required\"><span class=\"gfield_required gfield_required_text\">(Required)<\/span><\/span><\/label><div class='ginput_container ginput_container_email'>\n                            <input name='input_6' id='input_13_6' type='email' value='' class='large'   placeholder='E-mail*' aria-required=\"true\" aria-invalid=\"false\"  \/>\n                        <\/div><\/div><div id=\"field_13_4\"  class=\"gfield gfield--width-full gfield_contains_required field_sublabel_below field_description_below gfield_visibility_visible\"  data-js-reload=\"field_13_4\"><label class='gfield_label screen-reader-text' for='input_13_4' >Quantes persones sereu*<span class=\"gfield_required\"><span class=\"gfield_required gfield_required_text\">(Required)<\/span><\/span><\/label><div class='ginput_container ginput_container_text'><input name='input_4' id='input_13_4' type='text' value='' class='large'    placeholder='Quantes persones sereu*' aria-required=\"true\" aria-invalid=\"false\"   \/> <\/div><\/div><fieldset id=\"field_13_7\"  class=\"gfield gfield--width-full field_sublabel_below field_description_below gfield_visibility_visible\"  data-js-reload=\"field_13_7\"><legend class='gfield_label gfield_label_before_complex'  >Privacitat La informaci\u00f3 proporcionada en aquest formulari \u00fanicament s&#039;utilitzar\u00e0 per informar d&#039;actualitzacions sobre l&#039;activitat i altres tallers relacionats. La teva privacitat \u00e9s important per a nosaltres. Indica&#039;ns com vols mantenir el contacte:<\/legend><div class='ginput_container ginput_container_checkbox'><div class='gfield_checkbox' id='input_13_7'><div class='gchoice gchoice_13_7_1'>\n\t\t\t\t\t\t\t\t<input class='gfield-choice-input' name='input_7.1' type='checkbox'  value='Correu electr\u00f2nic'  id='choice_13_7_1'   \/>\n\t\t\t\t\t\t\t\t<label for='choice_13_7_1' id='label_13_7_1'>Correu electr\u00f2nic<\/label>\n\t\t\t\t\t\t\t<\/div><\/div><\/div><\/fieldset><fieldset id=\"field_13_8\"  class=\"gfield gfield--width-full gfield_contains_required field_sublabel_below field_description_below gfield_visibility_visible\"  data-js-reload=\"field_13_8\"><legend class='gfield_label screen-reader-text gfield_label_before_complex'  ><span class=\"gfield_required\"><span class=\"gfield_required gfield_required_text\">(Required)<\/span><\/span><\/legend><div class='ginput_container ginput_container_checkbox'><div class='gfield_checkbox' id='input_13_8'><div class='gchoice gchoice_13_8_1'>\n\t\t\t\t\t\t\t\t<input class='gfield-choice-input' name='input_8.1' type='checkbox'  value='Accepto fer el pagament de l&#039;opci\u00f3 marcada el mateix dia de l&#039;esdeveniment *'  id='choice_13_8_1'   \/>\n\t\t\t\t\t\t\t\t<label for='choice_13_8_1' id='label_13_8_1'>Accepto fer el pagament de l'opci\u00f3 marcada el mateix dia de l'esdeveniment *<\/label>\n\t\t\t\t\t\t\t<\/div><\/div><\/div><\/fieldset><fieldset id=\"field_13_9\"  class=\"gfield gfield--width-full field_sublabel_below field_description_below gfield_visibility_visible\"  data-js-reload=\"field_13_9\"><legend class='gfield_label screen-reader-text gfield_label_before_complex'  ><\/legend><div class='ginput_container ginput_container_checkbox'><div class='gfield_checkbox' id='input_13_9'><div class='gchoice gchoice_13_9_1'>\n\t\t\t\t\t\t\t\t<input class='gfield-choice-input' name='input_9.1' type='checkbox'  value='Vull rebre novetats, promocions i informaci\u00f3 d&#039;activitats al meu correu electr\u00f2nic'  id='choice_13_9_1'   \/>\n\t\t\t\t\t\t\t\t<label for='choice_13_9_1' id='label_13_9_1'>Vull rebre novetats, promocions i informaci\u00f3 d'activitats al meu correu electr\u00f2nic<\/label>\n\t\t\t\t\t\t\t<\/div><\/div><\/div><\/fieldset><\/div><\/div>\n        <div class='gform_footer top_label'> <input type='submit' id='gform_submit_button_13' class='gform_button button' value='Envia'  onclick='if(window[\"gf_submitting_13\"]){return false;}  if( !jQuery(\"#gform_13\")[0].checkValidity || jQuery(\"#gform_13\")[0].checkValidity()){window[\"gf_submitting_13\"]=true;}  ' onkeypress='if( event.keyCode == 13 ){ if(window[\"gf_submitting_13\"]){return false;} if( !jQuery(\"#gform_13\")[0].checkValidity || jQuery(\"#gform_13\")[0].checkValidity()){window[\"gf_submitting_13\"]=true;}  jQuery(\"#gform_13\").trigger(\"submit\",[true]); }' \/> \n            <input type='hidden' class='gform_hidden' name='is_submit_13' value='1' \/>\n            <input type='hidden' class='gform_hidden' name='gform_submit' value='13' \/>\n            \n            <input type='hidden' class='gform_hidden' name='gform_unique_id' value='' \/>\n            <input type='hidden' class='gform_hidden' name='state_13' value='WyJbXSIsIjEwMWQ2MDI3YWQzMzljZmYzNDI3NmJjYWY3NGE3YTgyIl0=' \/>\n            <input type='hidden' class='gform_hidden' name='gform_target_page_number_13' id='gform_target_page_number_13' value='0' \/>\n            <input type='hidden' class='gform_hidden' name='gform_source_page_number_13' id='gform_source_page_number_13' value='1' \/>\n            <input type='hidden' name='gform_field_values' value='' \/>\n            \n        <\/div>\n                        <\/form>\n                        <\/div>\t\t\t\t<\/div>\n\t\t\t\t\t\t\t\t<\/div>\n\t\t\t\t<\/div>\n\t\t\t\t\t<\/div>\n\t\t<\/div>\n\t\t\t\t\t<\/div>\n\t\t<\/section>\n\t\t\t\t<\/div>\n\t\t","protected":false},"excerpt":{"rendered":"<p>Hatha Yoga and Wellness with Essential Oils Nom Cognoms Ciutat de resid\u00e8ncia Tel\u00e8fonE-mail Privacitat La informaci\u00f3 proporcionada en aquest formulari \u00fanicament s&#039;utilitzar\u00e0 per informar d&#039;actualitzacions sobre l&#039;activitat i altres tallers relacionats. La teva privacitat \u00e9s important per a nosaltres. Indica&#039;ns com vols mantenir el contacte: Correu electr\u00f2nic<\/p>\n","protected":false},"author":5,"featured_media":0,"parent":0,"menu_order":0,"comment_status":"closed","ping_status":"closed","template":"elementor_header_footer","meta":{"_joinchat":[],"footnotes":""},"class_list":["post-24944","page","type-page","status-publish","hentry","entry","owp-thumbs-layout-horizontal","owp-btn-normal","owp-tabs-layout-horizontal","has-no-thumbnails","has-product-nav"],"_links":{"self":[{"href":"https:\/\/hoteljaponespuigpinos.com\/en\/wp-json\/wp\/v2\/pages\/24944","targetHints":{"allow":["GET"]}}],"collection":[{"href":"https:\/\/hoteljaponespuigpinos.com\/en\/wp-json\/wp\/v2\/pages"}],"about":[{"href":"https:\/\/hoteljaponespuigpinos.com\/en\/wp-json\/wp\/v2\/types\/page"}],"author":[{"embeddable":true,"href":"https:\/\/hoteljaponespuigpinos.com\/en\/wp-json\/wp\/v2\/users\/5"}],"replies":[{"embeddable":true,"href":"https:\/\/hoteljaponespuigpinos.com\/en\/wp-json\/wp\/v2\/comments?post=24944"}],"version-history":[{"count":4,"href":"https:\/\/hoteljaponespuigpinos.com\/en\/wp-json\/wp\/v2\/pages\/24944\/revisions"}],"predecessor-version":[{"id":24948,"href":"https:\/\/hoteljaponespuigpinos.com\/en\/wp-json\/wp\/v2\/pages\/24944\/revisions\/24948"}],"wp:attachment":[{"href":"https:\/\/hoteljaponespuigpinos.com\/en\/wp-json\/wp\/v2\/media?parent=24944"}],"curies":[{"name":"wp","href":"https:\/\/api.w.org\/{rel}","templated":true}]}}