{"id":26433,"date":"2025-06-13T18:07:01","date_gmt":"2025-06-13T18:07:01","guid":{"rendered":"https:\/\/hoteljaponespuigpinos.com\/?page_id=26433"},"modified":"2025-07-24T17:39:53","modified_gmt":"2025-07-24T17:39:53","slug":"workshops-and-activities-july","status":"publish","type":"page","link":"https:\/\/hoteljaponespuigpinos.com\/en\/workshops-and-activities-july\/","title":{"rendered":"Workshops and Activities \u2013 July"},"content":{"rendered":"\t\t<div data-elementor-type=\"wp-page\" data-elementor-id=\"26433\" class=\"elementor elementor-26433 elementor-26358\" data-elementor-post-type=\"page\">\n\t\t\t\t\t\t<section class=\"elementor-section elementor-top-section elementor-element elementor-element-8ea9bab elementor-section-boxed elementor-section-height-default elementor-section-height-default jltma-glass-effect-no\" data-id=\"8ea9bab\" data-element_type=\"section\">\n\t\t\t\t\t\t<div class=\"elementor-container elementor-column-gap-default\">\n\t\t\t\t\t<div class=\"elementor-column elementor-col-100 elementor-top-column elementor-element elementor-element-7bc4bda jltma-glass-effect-no\" data-id=\"7bc4bda\" data-element_type=\"column\">\n\t\t\t<div class=\"elementor-widget-wrap elementor-element-populated\">\n\t\t\t\t\t\t<div class=\"elementor-element elementor-element-9dadaf3 jltma-glass-effect-no elementor-widget elementor-widget-heading\" data-id=\"9dadaf3\" data-element_type=\"widget\" data-widget_type=\"heading.default\">\n\t\t\t\t<div class=\"elementor-widget-container\">\n\t\t\t\t\t<h2 class=\"elementor-heading-title elementor-size-default\">August Workshops &amp; Activities\n<\/h2>\t\t\t\t<\/div>\n\t\t\t\t<\/div>\n\t\t\t\t<div class=\"elementor-element elementor-element-cc45424 jltma-glass-effect-no elementor-widget elementor-widget-heading\" data-id=\"cc45424\" data-element_type=\"widget\" data-widget_type=\"heading.default\">\n\t\t\t\t<div class=\"elementor-widget-container\">\n\t\t\t\t\t<h2 class=\"elementor-heading-title elementor-size-default\">Reconnect with nature and creativity<\/h2>\t\t\t\t<\/div>\n\t\t\t\t<\/div>\n\t\t\t\t\t<\/div>\n\t\t<\/div>\n\t\t\t\t\t<\/div>\n\t\t<\/section>\n\t\t\t\t<section class=\"elementor-section elementor-top-section elementor-element elementor-element-31321ae elementor-section-boxed elementor-section-height-default elementor-section-height-default jltma-glass-effect-no\" data-id=\"31321ae\" data-element_type=\"section\">\n\t\t\t\t\t\t<div class=\"elementor-container elementor-column-gap-default\">\n\t\t\t\t\t<div class=\"elementor-column elementor-col-50 elementor-top-column elementor-element elementor-element-8e5ca4f jltma-glass-effect-no\" data-id=\"8e5ca4f\" data-element_type=\"column\">\n\t\t\t<div class=\"elementor-widget-wrap elementor-element-populated\">\n\t\t\t\t\t\t<div class=\"elementor-element elementor-element-ff1dc75 jltma-glass-effect-no elementor-widget elementor-widget-text-editor\" data-id=\"ff1dc75\" data-element_type=\"widget\" data-widget_type=\"text-editor.default\">\n\t\t\t\t<div class=\"elementor-widget-container\">\n\t\t\t\t\t\t\t\t\t<p data-start=\"492\" data-end=\"645\">This summer, at <em data-start=\"508\" data-end=\"533\">Hotel Japon\u00e8s Puigpin\u00f3s<\/em>, we\u2019re opening the doors to experiences that nourish both body and mind \u2014 all inspired by Japanese sensibility.<\/p><p data-start=\"647\" data-end=\"731\">All activities are open to the public, with small groups and prior booking required.<\/p>\t\t\t\t\t\t\t\t<\/div>\n\t\t\t\t<\/div>\n\t\t\t\t<div class=\"elementor-element elementor-element-5daf952 jltma-glass-effect-no elementor-widget elementor-widget-heading\" data-id=\"5daf952\" data-element_type=\"widget\" data-widget_type=\"heading.default\">\n\t\t\t\t<div class=\"elementor-widget-container\">\n\t\t\t\t\t<h2 class=\"elementor-heading-title elementor-size-default\">Ceramic Bowl &amp; Ikebana Workshop \u2013 2 August\n<\/h2>\t\t\t\t<\/div>\n\t\t\t\t<\/div>\n\t\t\t\t<div class=\"elementor-element elementor-element-7ed3a36 jltma-glass-effect-no elementor-widget elementor-widget-text-editor\" data-id=\"7ed3a36\" data-element_type=\"widget\" data-widget_type=\"text-editor.default\">\n\t\t\t\t<div class=\"elementor-widget-container\">\n\t\t\t\t\t\t\t\t\t<p data-start=\"733\" data-end=\"1143\">An afternoon to create with your hands and reconnect with the beauty of simple forms.<br data-start=\"867\" data-end=\"870\" \/>We\u2019ll begin with a tactile meditation practice, eyes closed, to explore clay through intuition and silence.<br data-start=\"977\" data-end=\"980\" \/>You\u2019ll then create a bowl with organic shapes using textured clay, and we\u2019ll finish with a live demonstration of <em data-start=\"1093\" data-end=\"1102\">ikebana<\/em>, the Japanese art of floral arrangement.<\/p><p data-start=\"1145\" data-end=\"1301\"><strong>Time:<\/strong> 17:00 \u2013 19:30<br data-start=\"1164\" data-end=\"1167\" \/><strong>Small group:<\/strong> minimum 5 \u2013 maximum 10 people<br data-start=\"1209\" data-end=\"1212\" \/><strong>Price:<\/strong> \u20ac75 per person (materials included)<br data-start=\"1254\" data-end=\"1257\" \/><em data-start=\"1257\" data-end=\"1301\">Home delivery of the bowl is not included.<\/em><\/p>\t\t\t\t\t\t\t\t<\/div>\n\t\t\t\t<\/div>\n\t\t\t\t<div class=\"elementor-element elementor-element-d07a069 jltma-glass-effect-no elementor-widget elementor-widget-heading\" data-id=\"d07a069\" data-element_type=\"widget\" data-widget_type=\"heading.default\">\n\t\t\t\t<div class=\"elementor-widget-container\">\n\t\t\t\t\t<h2 class=\"elementor-heading-title elementor-size-default\">Yoga + Pool Dip \u2013 10 August\n<\/h2>\t\t\t\t<\/div>\n\t\t\t\t<\/div>\n\t\t\t\t<div class=\"elementor-element elementor-element-2e8b313 jltma-glass-effect-no elementor-widget elementor-widget-text-editor\" data-id=\"2e8b313\" data-element_type=\"widget\" data-widget_type=\"text-editor.default\">\n\t\t\t\t<div class=\"elementor-widget-container\">\n\t\t\t\t\t\t\t\t\t<p data-start=\"1303\" data-end=\"1484\">A gentle morning session to unwind and take care of yourself: soft yoga practice, a relaxing swim in the pool, and a healthy refreshment to finish.<\/p><p data-start=\"1486\" data-end=\"1566\"><strong>Time:<\/strong> 10:30<br data-start=\"1497\" data-end=\"1500\" \/><strong>Small group:<\/strong> minimum 5 \u2013 maximum 10 people<br data-start=\"1542\" data-end=\"1545\" \/><strong>Price:<\/strong> \u20ac25 per person<\/p>\t\t\t\t\t\t\t\t<\/div>\n\t\t\t\t<\/div>\n\t\t\t\t\t<\/div>\n\t\t<\/div>\n\t\t\t\t<div class=\"elementor-column elementor-col-50 elementor-top-column elementor-element elementor-element-ea77591 jltma-glass-effect-no\" data-id=\"ea77591\" data-element_type=\"column\">\n\t\t\t<div class=\"elementor-widget-wrap elementor-element-populated\">\n\t\t\t\t\t\t<div class=\"elementor-element elementor-element-62ded7e jltma-glass-effect-no elementor-widget elementor-widget-image\" data-id=\"62ded7e\" data-element_type=\"widget\" data-widget_type=\"image.default\">\n\t\t\t\t<div class=\"elementor-widget-container\">\n\t\t\t\t\t\t\t\t\t\t\t\t\t\t\t<img fetchpriority=\"high\" decoding=\"async\" width=\"576\" height=\"1024\" src=\"https:\/\/hoteljaponespuigpinos.com\/wp-content\/uploads\/2025\/07\/anna-cicognani-RRl4UPoC-8E-unsplash-2-576x1024.png\" class=\"attachment-large size-large wp-image-26545\" alt=\"\" srcset=\"https:\/\/hoteljaponespuigpinos.com\/wp-content\/uploads\/2025\/07\/anna-cicognani-RRl4UPoC-8E-unsplash-2-576x1024.png 576w, https:\/\/hoteljaponespuigpinos.com\/wp-content\/uploads\/2025\/07\/anna-cicognani-RRl4UPoC-8E-unsplash-2-169x300.png 169w, https:\/\/hoteljaponespuigpinos.com\/wp-content\/uploads\/2025\/07\/anna-cicognani-RRl4UPoC-8E-unsplash-2-768x1365.png 768w, https:\/\/hoteljaponespuigpinos.com\/wp-content\/uploads\/2025\/07\/anna-cicognani-RRl4UPoC-8E-unsplash-2-864x1536.png 864w, https:\/\/hoteljaponespuigpinos.com\/wp-content\/uploads\/2025\/07\/anna-cicognani-RRl4UPoC-8E-unsplash-2-600x1067.png 600w, https:\/\/hoteljaponespuigpinos.com\/wp-content\/uploads\/2025\/07\/anna-cicognani-RRl4UPoC-8E-unsplash-2.png 1080w\" sizes=\"(max-width: 576px) 100vw, 576px\" \/>\t\t\t\t\t\t\t\t\t\t\t\t\t\t\t<\/div>\n\t\t\t\t<\/div>\n\t\t\t\t\t<\/div>\n\t\t<\/div>\n\t\t\t\t\t<\/div>\n\t\t<\/section>\n\t\t\t\t<section class=\"elementor-section elementor-top-section elementor-element elementor-element-aeeaf90 elementor-section-boxed elementor-section-height-default elementor-section-height-default jltma-glass-effect-no\" data-id=\"aeeaf90\" data-element_type=\"section\">\n\t\t\t\t\t\t<div class=\"elementor-container elementor-column-gap-default\">\n\t\t\t\t\t<div class=\"elementor-column elementor-col-100 elementor-top-column elementor-element elementor-element-a001e57 jltma-glass-effect-no\" data-id=\"a001e57\" data-element_type=\"column\">\n\t\t\t<div class=\"elementor-widget-wrap elementor-element-populated\">\n\t\t\t\t\t\t<div class=\"elementor-element elementor-element-b01fdb3 jltma-glass-effect-no elementor-widget elementor-widget-heading\" data-id=\"b01fdb3\" data-element_type=\"widget\" data-widget_type=\"heading.default\">\n\t\t\t\t<div class=\"elementor-widget-container\">\n\t\t\t\t\t<h2 class=\"elementor-heading-title elementor-size-default\">Registrations now open<\/h2>\t\t\t\t<\/div>\n\t\t\t\t<\/div>\n\t\t\t\t<div class=\"elementor-element elementor-element-e2a3cc4 jltma-glass-effect-no elementor-widget elementor-widget-text-editor\" data-id=\"e2a3cc4\" data-element_type=\"widget\" data-widget_type=\"text-editor.default\">\n\t\t\t\t<div class=\"elementor-widget-container\">\n\t\t\t\t\t\t\t\t\t<p data-start=\"1573\" data-end=\"1739\">Fill in the form and select the activities you&#8217;re interested in.<br data-start=\"1666\" data-end=\"1669\" \/>Payment will be made directly at the hotel on the day of the activity.<\/p>\t\t\t\t\t\t\t\t<\/div>\n\t\t\t\t<\/div>\n\t\t\t\t\t<\/div>\n\t\t<\/div>\n\t\t\t\t\t<\/div>\n\t\t<\/section>\n\t\t\t\t<section class=\"elementor-section elementor-top-section elementor-element elementor-element-dc2d18a elementor-section-boxed elementor-section-height-default elementor-section-height-default jltma-glass-effect-no\" data-id=\"dc2d18a\" data-element_type=\"section\">\n\t\t\t\t\t\t<div class=\"elementor-container elementor-column-gap-default\">\n\t\t\t\t\t<div class=\"elementor-column elementor-col-100 elementor-top-column elementor-element elementor-element-f5e7563 jltma-glass-effect-no\" data-id=\"f5e7563\" data-element_type=\"column\">\n\t\t\t<div class=\"elementor-widget-wrap elementor-element-populated\">\n\t\t\t\t\t\t<div class=\"elementor-element elementor-element-7aeaf6b jltma-glass-effect-no elementor-widget elementor-widget-shortcode\" data-id=\"7aeaf6b\" data-element_type=\"widget\" data-widget_type=\"shortcode.default\">\n\t\t\t\t<div class=\"elementor-widget-container\">\n\t\t\t\t\t\t\t<div class=\"elementor-shortcode\"><script type=\"text\/javascript\">var gform;gform||(document.addEventListener(\"gform_main_scripts_loaded\",function(){gform.scriptsLoaded=!0}),window.addEventListener(\"DOMContentLoaded\",function(){gform.domLoaded=!0}),gform={domLoaded:!1,scriptsLoaded:!1,initializeOnLoaded:function(o){gform.domLoaded&&gform.scriptsLoaded?o():!gform.domLoaded&&gform.scriptsLoaded?window.addEventListener(\"DOMContentLoaded\",o):document.addEventListener(\"gform_main_scripts_loaded\",o)},hooks:{action:{},filter:{}},addAction:function(o,n,r,t){gform.addHook(\"action\",o,n,r,t)},addFilter:function(o,n,r,t){gform.addHook(\"filter\",o,n,r,t)},doAction:function(o){gform.doHook(\"action\",o,arguments)},applyFilters:function(o){return gform.doHook(\"filter\",o,arguments)},removeAction:function(o,n){gform.removeHook(\"action\",o,n)},removeFilter:function(o,n,r){gform.removeHook(\"filter\",o,n,r)},addHook:function(o,n,r,t,i){null==gform.hooks[o][n]&&(gform.hooks[o][n]=[]);var e=gform.hooks[o][n];null==i&&(i=n+\"_\"+e.length),gform.hooks[o][n].push({tag:i,callable:r,priority:t=null==t?10:t})},doHook:function(n,o,r){var t;if(r=Array.prototype.slice.call(r,1),null!=gform.hooks[n][o]&&((o=gform.hooks[n][o]).sort(function(o,n){return o.priority-n.priority}),o.forEach(function(o){\"function\"!=typeof(t=o.callable)&&(t=window[t]),\"action\"==n?t.apply(null,r):r[0]=t.apply(null,r)})),\"filter\"==n)return r[0]},removeHook:function(o,n,t,i){var r;null!=gform.hooks[o][n]&&(r=(r=gform.hooks[o][n]).filter(function(o,n,r){return!!(null!=i&&i!=o.tag||null!=t&&t!=o.priority)}),gform.hooks[o][n]=r)}});<\/script>\n                <div class='gf_browser_gecko gform_wrapper gravity-theme' id='gform_wrapper_19' >\n                        <div class='gform_heading'>\n                            <h2 class=\"gform_title\">Workshops and Activities<\/h2>\n                            <span class='gform_description'><\/span>\n                        <\/div><form method='post' enctype='multipart\/form-data'  id='gform_19'  action='\/en\/wp-json\/wp\/v2\/pages\/26433' novalidate>\n                        <div class='gform_body gform-body'><div id='gform_fields_19' class='gform_fields top_label form_sublabel_below description_below'><div id=\"field_19_1\"  class=\"gfield gfield_contains_required field_sublabel_below field_description_below gfield_visibility_visible\"  data-js-reload=\"field_19_1\"><label class='gfield_label screen-reader-text' for='input_19_1' >Full name<span class=\"gfield_required\"><span class=\"gfield_required gfield_required_text\">(Required)<\/span><\/span><\/label><div class='ginput_container ginput_container_text'><input name='input_1' id='input_19_1' type='text' value='' class='large'    placeholder='Full name' aria-required=\"true\" aria-invalid=\"false\"   \/> <\/div><\/div><div id=\"field_19_6\"  class=\"gfield gfield--width-full gfield_contains_required field_sublabel_below field_description_below gfield_visibility_visible\"  data-js-reload=\"field_19_6\"><label class='gfield_label screen-reader-text' for='input_19_6' >Email address<span class=\"gfield_required\"><span class=\"gfield_required gfield_required_text\">(Required)<\/span><\/span><\/label><div class='ginput_container ginput_container_email'>\n                            <input name='input_6' id='input_19_6' type='email' value='' class='large'   placeholder='Email address' aria-required=\"true\" aria-invalid=\"false\"  \/>\n                        <\/div><\/div><div id=\"field_19_10\"  class=\"gfield gfield--width-full field_sublabel_below field_description_below gfield_visibility_visible\"  data-js-reload=\"field_19_10\"><label class='gfield_label screen-reader-text' for='input_19_10' >Contact phone number<\/label><div class='ginput_container ginput_container_text'><input name='input_10' id='input_19_10' type='text' value='' class='large'    placeholder='Contact phone number'  aria-invalid=\"false\"   \/> <\/div><\/div><fieldset id=\"field_19_8\"  class=\"gfield gfield--width-full gfield_contains_required field_sublabel_below field_description_below gfield_visibility_visible\"  data-js-reload=\"field_19_8\"><legend class='gfield_label gfield_label_before_complex'  >Select the workshop(s) you&#039;re interested in<span class=\"gfield_required\"><span class=\"gfield_required gfield_required_text\">(Required)<\/span><\/span><\/legend><div class='ginput_container ginput_container_checkbox'><div class='gfield_checkbox' id='input_19_8'><div class='gchoice gchoice_19_8_1'>\n\t\t\t\t\t\t\t\t<input class='gfield-choice-input' name='input_8.1' type='checkbox'  value='Yoga + Pool Dip \u2013 10 August'  id='choice_19_8_1'   \/>\n\t\t\t\t\t\t\t\t<label for='choice_19_8_1' id='label_19_8_1'>Yoga + Pool Dip \u2013 10 August<\/label>\n\t\t\t\t\t\t\t<\/div><\/div><\/div><\/fieldset><div id=\"field_19_9\"  class=\"gfield gfield--width-full field_sublabel_below field_description_below gfield_visibility_visible\"  data-js-reload=\"field_19_9\"><label class='gfield_label' for='input_19_9' >Any comments or questions?<\/label><div class='ginput_container ginput_container_textarea'><textarea name='input_9' id='input_19_9' class='textarea large'      aria-invalid=\"false\"   rows='10' cols='50'><\/textarea><\/div><\/div><fieldset id=\"field_19_7\"  class=\"gfield gfield--width-full gfield_contains_required field_sublabel_below field_description_below gfield_visibility_visible\"  data-js-reload=\"field_19_7\"><legend class='gfield_label gfield_label_before_complex'  >*Privacitat La informaci\u00f3 proporcionada en aquest formulari \u00fanicament s&#039;utilitzar\u00e0 per informar d&#039;actualitzacions sobre l&#039;activitat i altres tallers relacionats. La teva privacitat \u00e9s important per a nosaltres. Indica&#039;ns com vols mantenir el contacte:<span class=\"gfield_required\"><span class=\"gfield_required gfield_required_text\">(Required)<\/span><\/span><\/legend><div class='ginput_container ginput_container_checkbox'><div class='gfield_checkbox' id='input_19_7'><div class='gchoice gchoice_19_7_1'>\n\t\t\t\t\t\t\t\t<input class='gfield-choice-input' name='input_7.1' type='checkbox'  value='Correu electr\u00f2nic'  id='choice_19_7_1'   \/>\n\t\t\t\t\t\t\t\t<label for='choice_19_7_1' id='label_19_7_1'>Correu electr\u00f2nic<\/label>\n\t\t\t\t\t\t\t<\/div><\/div><\/div><\/fieldset><\/div><\/div>\n        <div class='gform_footer top_label'> <input type='submit' id='gform_submit_button_19' class='gform_button button' value='Submit'  onclick='if(window[\"gf_submitting_19\"]){return false;}  if( !jQuery(\"#gform_19\")[0].checkValidity || jQuery(\"#gform_19\")[0].checkValidity()){window[\"gf_submitting_19\"]=true;}  ' onkeypress='if( event.keyCode == 13 ){ if(window[\"gf_submitting_19\"]){return false;} if( !jQuery(\"#gform_19\")[0].checkValidity || jQuery(\"#gform_19\")[0].checkValidity()){window[\"gf_submitting_19\"]=true;}  jQuery(\"#gform_19\").trigger(\"submit\",[true]); }' \/> \n            <input type='hidden' class='gform_hidden' name='is_submit_19' value='1' \/>\n            <input type='hidden' class='gform_hidden' name='gform_submit' value='19' \/>\n            \n            <input type='hidden' class='gform_hidden' name='gform_unique_id' value='' \/>\n            <input type='hidden' class='gform_hidden' name='state_19' value='WyJbXSIsIjEwMWQ2MDI3YWQzMzljZmYzNDI3NmJjYWY3NGE3YTgyIl0=' \/>\n            <input type='hidden' class='gform_hidden' name='gform_target_page_number_19' id='gform_target_page_number_19' value='0' \/>\n            <input type='hidden' class='gform_hidden' name='gform_source_page_number_19' id='gform_source_page_number_19' value='1' \/>\n            <input type='hidden' name='gform_field_values' value='' \/>\n            \n        <\/div>\n                        <\/form>\n                        <\/div><\/div>\n\t\t\t\t\t\t<\/div>\n\t\t\t\t<\/div>\n\t\t\t\t\t<\/div>\n\t\t<\/div>\n\t\t\t\t\t<\/div>\n\t\t<\/section>\n\t\t\t\t<section class=\"elementor-section elementor-top-section elementor-element elementor-element-7b728f0 elementor-section-boxed elementor-section-height-default elementor-section-height-default jltma-glass-effect-no\" data-id=\"7b728f0\" data-element_type=\"section\">\n\t\t\t\t\t\t<div class=\"elementor-container elementor-column-gap-default\">\n\t\t\t\t\t<div class=\"elementor-column elementor-col-100 elementor-top-column elementor-element elementor-element-777eb5f jltma-glass-effect-no\" data-id=\"777eb5f\" data-element_type=\"column\">\n\t\t\t<div class=\"elementor-widget-wrap elementor-element-populated\">\n\t\t\t\t\t\t<div class=\"elementor-element elementor-element-41f0dda jltma-glass-effect-no elementor-widget elementor-widget-html\" data-id=\"41f0dda\" data-element_type=\"widget\" data-widget_type=\"html.default\">\n\t\t\t\t<div class=\"elementor-widget-container\">\n\t\t\t\t\t<style>\r\nh5 a {color: #424242\r\n}!important\r\n\r\n\r\n\r\n\r\n\r\n<\/style>\t\t\t\t<\/div>\n\t\t\t\t<\/div>\n\t\t\t\t\t<\/div>\n\t\t<\/div>\n\t\t\t\t\t<\/div>\n\t\t<\/section>\n\t\t\t\t<\/div>\n\t\t","protected":false},"excerpt":{"rendered":"<p>August Workshops &amp; Activities Reconnect with nature and creativity This summer, at Hotel Japon\u00e8s Puigpin\u00f3s, we\u2019re opening the doors to experiences that nourish both body and mind \u2014 all inspired by Japanese sensibility. All activities are open to the public, with small groups and prior booking required. Ceramic Bowl &amp; Ikebana Workshop \u2013 2 August [&hellip;]<\/p>\n","protected":false},"author":5,"featured_media":0,"parent":0,"menu_order":0,"comment_status":"closed","ping_status":"closed","template":"","meta":{"_joinchat":[],"footnotes":""},"class_list":["post-26433","page","type-page","status-publish","hentry","entry","owp-thumbs-layout-horizontal","owp-btn-normal","owp-tabs-layout-horizontal","has-no-thumbnails","has-product-nav"],"_links":{"self":[{"href":"https:\/\/hoteljaponespuigpinos.com\/en\/wp-json\/wp\/v2\/pages\/26433","targetHints":{"allow":["GET"]}}],"collection":[{"href":"https:\/\/hoteljaponespuigpinos.com\/en\/wp-json\/wp\/v2\/pages"}],"about":[{"href":"https:\/\/hoteljaponespuigpinos.com\/en\/wp-json\/wp\/v2\/types\/page"}],"author":[{"embeddable":true,"href":"https:\/\/hoteljaponespuigpinos.com\/en\/wp-json\/wp\/v2\/users\/5"}],"replies":[{"embeddable":true,"href":"https:\/\/hoteljaponespuigpinos.com\/en\/wp-json\/wp\/v2\/comments?post=26433"}],"version-history":[{"count":28,"href":"https:\/\/hoteljaponespuigpinos.com\/en\/wp-json\/wp\/v2\/pages\/26433\/revisions"}],"predecessor-version":[{"id":26588,"href":"https:\/\/hoteljaponespuigpinos.com\/en\/wp-json\/wp\/v2\/pages\/26433\/revisions\/26588"}],"wp:attachment":[{"href":"https:\/\/hoteljaponespuigpinos.com\/en\/wp-json\/wp\/v2\/media?parent=26433"}],"curies":[{"name":"wp","href":"https:\/\/api.w.org\/{rel}","templated":true}]}}