{"id":5889,"date":"2022-04-20T16:48:55","date_gmt":"2022-04-20T16:48:55","guid":{"rendered":"https:\/\/hoteljaponespuigpinos.com\/?page_id=5889"},"modified":"2025-12-19T19:44:18","modified_gmt":"2025-12-19T19:44:18","slug":"restaurant","status":"publish","type":"page","link":"https:\/\/hoteljaponespuigpinos.com\/en\/restaurant\/","title":{"rendered":"Restaurant"},"content":{"rendered":"\t\t<div data-elementor-type=\"wp-page\" data-elementor-id=\"5889\" class=\"elementor elementor-5889 elementor-933\" data-elementor-post-type=\"page\">\n\t\t\t\t\t\t<section class=\"elementor-section elementor-top-section elementor-element elementor-element-cca24d7 elementor-section-full_width elementor-section-height-default elementor-section-height-default jltma-glass-effect-no\" data-id=\"cca24d7\" data-element_type=\"section\" data-settings=\"{&quot;background_background&quot;:&quot;classic&quot;}\">\n\t\t\t\t\t\t\t<div class=\"elementor-background-overlay\"><\/div>\n\t\t\t\t\t\t\t<div class=\"elementor-container elementor-column-gap-no\">\n\t\t\t\t\t<div class=\"elementor-column elementor-col-100 elementor-top-column elementor-element elementor-element-44d99da jltma-glass-effect-no\" data-id=\"44d99da\" data-element_type=\"column\">\n\t\t\t<div class=\"elementor-widget-wrap elementor-element-populated\">\n\t\t\t\t\t\t<div class=\"elementor-element elementor-element-ebd246c jltma-glass-effect-no elementor-widget elementor-widget-heading\" data-id=\"ebd246c\" data-element_type=\"widget\" data-widget_type=\"heading.default\">\n\t\t\t\t<div class=\"elementor-widget-container\">\n\t\t\t\t\t<h2 class=\"elementor-heading-title elementor-size-default\">RESTAURANT<\/h2>\t\t\t\t<\/div>\n\t\t\t\t<\/div>\n\t\t\t\t<div class=\"elementor-element elementor-element-8f9305f jltma-glass-effect-no elementor-widget elementor-widget-heading\" data-id=\"8f9305f\" data-element_type=\"widget\" data-widget_type=\"heading.default\">\n\t\t\t\t<div class=\"elementor-widget-container\">\n\t\t\t\t\t<h2 class=\"elementor-heading-title elementor-size-default\">\u6599\u7406<\/h2>\t\t\t\t<\/div>\n\t\t\t\t<\/div>\n\t\t\t\t\t<\/div>\n\t\t<\/div>\n\t\t\t\t\t<\/div>\n\t\t<\/section>\n\t\t\t\t<section class=\"elementor-section elementor-top-section elementor-element elementor-element-ef5b693 elementor-hidden-tablet elementor-hidden-mobile elementor-section-boxed elementor-section-height-default elementor-section-height-default jltma-glass-effect-no\" data-id=\"ef5b693\" data-element_type=\"section\">\n\t\t\t\t\t\t<div class=\"elementor-container elementor-column-gap-default\">\n\t\t\t\t\t<div class=\"elementor-column elementor-col-50 elementor-top-column elementor-element elementor-element-c6531ca jltma-glass-effect-no\" data-id=\"c6531ca\" data-element_type=\"column\">\n\t\t\t<div class=\"elementor-widget-wrap elementor-element-populated\">\n\t\t\t\t\t\t<div class=\"elementor-element elementor-element-6465f09 jltma-glass-effect-no elementor-widget elementor-widget-image\" data-id=\"6465f09\" data-element_type=\"widget\" data-widget_type=\"image.default\">\n\t\t\t\t<div class=\"elementor-widget-container\">\n\t\t\t\t\t\t\t\t\t\t\t\t\t\t\t<img decoding=\"async\" src=\"https:\/\/hoteljaponespuigpinos.com\/wp-content\/uploads\/elementor\/thumbs\/02_puigpinos_icono_restaurant-qrvlgqrwqx0fx9m05f9r3cmp00e8ncz9rmek15slig.png\" title=\"02_puigpinos_icono_restaurant\" alt=\"02_puigpinos_icono_restaurant\" loading=\"lazy\" \/>\t\t\t\t\t\t\t\t\t\t\t\t\t\t\t<\/div>\n\t\t\t\t<\/div>\n\t\t\t\t\t<\/div>\n\t\t<\/div>\n\t\t\t\t<div class=\"elementor-column elementor-col-50 elementor-top-column elementor-element elementor-element-19820d7 jltma-glass-effect-no\" data-id=\"19820d7\" data-element_type=\"column\">\n\t\t\t<div class=\"elementor-widget-wrap\">\n\t\t\t\t\t\t\t<\/div>\n\t\t<\/div>\n\t\t\t\t\t<\/div>\n\t\t<\/section>\n\t\t\t\t<section class=\"elementor-section elementor-top-section elementor-element elementor-element-0e0561e elementor-section-boxed elementor-section-height-default elementor-section-height-default jltma-glass-effect-no\" data-id=\"0e0561e\" data-element_type=\"section\">\n\t\t\t\t\t\t<div class=\"elementor-container elementor-column-gap-default\">\n\t\t\t\t\t<div class=\"elementor-column elementor-col-100 elementor-top-column elementor-element elementor-element-47fc443 jltma-glass-effect-no\" data-id=\"47fc443\" data-element_type=\"column\">\n\t\t\t<div class=\"elementor-widget-wrap elementor-element-populated\">\n\t\t\t\t\t\t<div class=\"elementor-element elementor-element-91e558b jltma-glass-effect-no elementor-widget elementor-widget-heading\" data-id=\"91e558b\" data-element_type=\"widget\" data-widget_type=\"heading.default\">\n\t\t\t\t<div class=\"elementor-widget-container\">\n\t\t\t\t\t<h2 class=\"elementor-heading-title elementor-size-default\">Japanese omakase cuisine in the heart of El Solson\u00e8s\n<\/h2>\t\t\t\t<\/div>\n\t\t\t\t<\/div>\n\t\t\t\t<div class=\"elementor-element elementor-element-3a02574 jltma-glass-effect-no elementor-widget elementor-widget-text-editor\" data-id=\"3a02574\" data-element_type=\"widget\" data-widget_type=\"text-editor.default\">\n\t\t\t\t<div class=\"elementor-widget-container\">\n\t\t\t\t\t\t\t\t\t<p><span style=\"font-weight: 400;\">The restaurant at Hotel Japon\u00e8s Puigpin\u00f3s is an intimate space where you can enjoy an authentic Japanese dining experience surrounded by nature. <br \/>We work with local produce from El Solson\u00e8s and vegetables from our organic garden to offer a healthy, balanced and flavourful menu.<\/span><\/p>\t\t\t\t\t\t\t\t<\/div>\n\t\t\t\t<\/div>\n\t\t\t\t\t<\/div>\n\t\t<\/div>\n\t\t\t\t\t<\/div>\n\t\t<\/section>\n\t\t\t\t<section class=\"elementor-section elementor-top-section elementor-element elementor-element-40a763c elementor-section-boxed elementor-section-height-default elementor-section-height-default jltma-glass-effect-no\" data-id=\"40a763c\" data-element_type=\"section\" data-settings=\"{&quot;background_background&quot;:&quot;classic&quot;}\">\n\t\t\t\t\t\t<div class=\"elementor-container elementor-column-gap-default\">\n\t\t\t\t\t<div class=\"elementor-column elementor-col-50 elementor-top-column elementor-element elementor-element-151982a jltma-glass-effect-no\" data-id=\"151982a\" data-element_type=\"column\">\n\t\t\t<div class=\"elementor-widget-wrap elementor-element-populated\">\n\t\t\t\t\t\t<div class=\"elementor-element elementor-element-d528ab0 jltma-glass-effect-no elementor-widget elementor-widget-image\" data-id=\"d528ab0\" data-element_type=\"widget\" data-widget_type=\"image.default\">\n\t\t\t\t<div class=\"elementor-widget-container\">\n\t\t\t\t\t\t\t\t\t\t\t\t\t\t\t<img decoding=\"async\" src=\"https:\/\/hoteljaponespuigpinos.com\/wp-content\/uploads\/elementor\/thumbs\/WhatsApp-Image-2025-12-17-at-05.22.32-2-scaled-e1765979037917-rgaj4c49ieebx80ezem2d7uwrxnhjuirb5039kt7z4.jpeg\" title=\"WhatsApp Image 2025-12-17 at 05.22.32 (2)\" alt=\"WhatsApp Image 2025-12-17 at 05.22.32 (2)\" loading=\"lazy\" \/>\t\t\t\t\t\t\t\t\t\t\t\t\t\t\t<\/div>\n\t\t\t\t<\/div>\n\t\t\t\t<section class=\"elementor-section elementor-inner-section elementor-element elementor-element-78d5617 elementor-section-boxed elementor-section-height-default elementor-section-height-default jltma-glass-effect-no\" data-id=\"78d5617\" data-element_type=\"section\">\n\t\t\t\t\t\t<div class=\"elementor-container elementor-column-gap-default\">\n\t\t\t\t\t<div class=\"elementor-column elementor-col-100 elementor-inner-column elementor-element elementor-element-d0465cf jltma-glass-effect-no\" data-id=\"d0465cf\" data-element_type=\"column\" data-settings=\"{&quot;background_background&quot;:&quot;classic&quot;}\">\n\t\t\t<div class=\"elementor-widget-wrap elementor-element-populated\">\n\t\t\t\t\t\t<div class=\"elementor-element elementor-element-3383b73 jltma-glass-effect-no elementor-widget elementor-widget-heading\" data-id=\"3383b73\" data-element_type=\"widget\" data-widget_type=\"heading.default\">\n\t\t\t\t<div class=\"elementor-widget-container\">\n\t\t\t\t\t<h2 class=\"elementor-heading-title elementor-size-default\">Omakase menu: let the chef surprise you\n<\/h2>\t\t\t\t<\/div>\n\t\t\t\t<\/div>\n\t\t\t\t<div class=\"elementor-element elementor-element-bb4bfab jltma-glass-effect-no elementor-widget elementor-widget-text-editor\" data-id=\"bb4bfab\" data-element_type=\"widget\" data-widget_type=\"text-editor.default\">\n\t\t\t\t<div class=\"elementor-widget-container\">\n\t\t\t\t\t\t\t\t\t<p><span style=\"font-weight: 400;\">Our restaurant serves an <\/span><b>omakase menu<\/b><span style=\"font-weight: 400;\">, a unique Japanese experience where guests trust the chef to create the dishes.<\/span><\/p><p><span style=\"font-weight: 400;\">We use fresh, seasonal ingredients that combine Japanese flavours with the essence of El Solson\u00e8s: mushrooms, vegetables from our garden, truffle and locally sourced meats, among others.<\/span><\/p><p><span style=\"font-weight: 400;\">Each dinner becomes a different culinary journey, designed for you to enjoy calmness, a slow pace and the Japanese philosophy.<\/span><\/p>\t\t\t\t\t\t\t\t<\/div>\n\t\t\t\t<\/div>\n\t\t\t\t\t<\/div>\n\t\t<\/div>\n\t\t\t\t\t<\/div>\n\t\t<\/section>\n\t\t\t\t\t<\/div>\n\t\t<\/div>\n\t\t\t\t<div class=\"elementor-column elementor-col-50 elementor-top-column elementor-element elementor-element-51eefbb jltma-glass-effect-no\" data-id=\"51eefbb\" data-element_type=\"column\">\n\t\t\t<div class=\"elementor-widget-wrap elementor-element-populated\">\n\t\t\t\t\t\t<div class=\"elementor-element elementor-element-b7be28b jltma-glass-effect-no elementor-widget elementor-widget-image\" data-id=\"b7be28b\" data-element_type=\"widget\" data-widget_type=\"image.default\">\n\t\t\t\t<div class=\"elementor-widget-container\">\n\t\t\t\t\t\t\t\t\t\t\t\t\t\t\t<img decoding=\"async\" src=\"https:\/\/hoteljaponespuigpinos.com\/wp-content\/uploads\/elementor\/thumbs\/20210817_192035-min-scaled-qrvlgtllep1c0xm03dgkb0gv76631gep00b7630l28.jpg\" title=\"20210817_192035-min\" alt=\"20210817_192035-min\" loading=\"lazy\" \/>\t\t\t\t\t\t\t\t\t\t\t\t\t\t\t<\/div>\n\t\t\t\t<\/div>\n\t\t\t\t<section class=\"elementor-section elementor-inner-section elementor-element elementor-element-938bc8e elementor-section-boxed elementor-section-height-default elementor-section-height-default jltma-glass-effect-no\" data-id=\"938bc8e\" data-element_type=\"section\">\n\t\t\t\t\t\t<div class=\"elementor-container elementor-column-gap-default\">\n\t\t\t\t\t<div class=\"elementor-column elementor-col-100 elementor-inner-column elementor-element elementor-element-62dce48 jltma-glass-effect-no\" data-id=\"62dce48\" data-element_type=\"column\" data-settings=\"{&quot;background_background&quot;:&quot;classic&quot;}\">\n\t\t\t<div class=\"elementor-widget-wrap elementor-element-populated\">\n\t\t\t\t\t\t<div class=\"elementor-element elementor-element-7e1e831 jltma-glass-effect-no elementor-widget elementor-widget-heading\" data-id=\"7e1e831\" data-element_type=\"widget\" data-widget_type=\"heading.default\">\n\t\t\t\t<div class=\"elementor-widget-container\">\n\t\t\t\t\t<h2 class=\"elementor-heading-title elementor-size-default\">Organic garden and local produce\n<\/h2>\t\t\t\t<\/div>\n\t\t\t\t<\/div>\n\t\t\t\t<div class=\"elementor-element elementor-element-f15943d jltma-glass-effect-no elementor-widget elementor-widget-text-editor\" data-id=\"f15943d\" data-element_type=\"widget\" data-widget_type=\"text-editor.default\">\n\t\t\t\t<div class=\"elementor-widget-container\">\n\t\t\t\t\t\t\t\t\t<p><span style=\"font-weight: 400;\">At Hotel Japon\u00e8s Puigpin\u00f3s we are fortunate to collaborate with our relatives in the nearby village of Lladurs, who cultivate an <\/span><b>organic vegetable garden<\/b><span style=\"font-weight: 400;\"> with traditional Japanese crops adapted to the soil and climate of El Solson\u00e8s.<\/span><\/p><p><span style=\"font-weight: 400;\">This garden supplies our restaurant during the summer and autumn months, strengthening our commitment to sustainable, healthy and locally rooted cuisine.<\/span><\/p>\t\t\t\t\t\t\t\t<\/div>\n\t\t\t\t<\/div>\n\t\t\t\t\t<\/div>\n\t\t<\/div>\n\t\t\t\t\t<\/div>\n\t\t<\/section>\n\t\t\t\t\t<\/div>\n\t\t<\/div>\n\t\t\t\t\t<\/div>\n\t\t<\/section>\n\t\t\t\t<section class=\"elementor-section elementor-top-section elementor-element elementor-element-4962378 elementor-section-full_width elementor-section-stretched elementor-section-height-default elementor-section-height-default jltma-glass-effect-no\" data-id=\"4962378\" data-element_type=\"section\" data-settings=\"{&quot;stretch_section&quot;:&quot;section-stretched&quot;}\">\n\t\t\t\t\t\t<div class=\"elementor-container elementor-column-gap-default\">\n\t\t\t\t\t<div class=\"elementor-column elementor-col-50 elementor-top-column elementor-element elementor-element-2333446 jltma-glass-effect-no\" data-id=\"2333446\" data-element_type=\"column\">\n\t\t\t<div class=\"elementor-widget-wrap elementor-element-populated\">\n\t\t\t\t\t\t<div class=\"elementor-element elementor-element-cb4ddd4 jltma-glass-effect-no elementor-widget elementor-widget-image\" data-id=\"cb4ddd4\" data-element_type=\"widget\" data-widget_type=\"image.default\">\n\t\t\t\t<div class=\"elementor-widget-container\">\n\t\t\t\t\t\t\t\t\t\t\t\t\t\t\t<img fetchpriority=\"high\" decoding=\"async\" width=\"2560\" height=\"1708\" src=\"https:\/\/hoteljaponespuigpinos.com\/wp-content\/uploads\/2025\/12\/HJP_-156-scaled.webp\" class=\"attachment-full size-full wp-image-27416\" alt=\"\" srcset=\"https:\/\/hoteljaponespuigpinos.com\/wp-content\/uploads\/2025\/12\/HJP_-156-scaled.webp 2560w, https:\/\/hoteljaponespuigpinos.com\/wp-content\/uploads\/2025\/12\/HJP_-156-300x200.webp 300w, https:\/\/hoteljaponespuigpinos.com\/wp-content\/uploads\/2025\/12\/HJP_-156-1024x683.webp 1024w, https:\/\/hoteljaponespuigpinos.com\/wp-content\/uploads\/2025\/12\/HJP_-156-768x512.webp 768w, https:\/\/hoteljaponespuigpinos.com\/wp-content\/uploads\/2025\/12\/HJP_-156-1536x1025.webp 1536w, https:\/\/hoteljaponespuigpinos.com\/wp-content\/uploads\/2025\/12\/HJP_-156-2048x1366.webp 2048w, https:\/\/hoteljaponespuigpinos.com\/wp-content\/uploads\/2025\/12\/HJP_-156-600x400.webp 600w, https:\/\/hoteljaponespuigpinos.com\/wp-content\/uploads\/2025\/12\/HJP_-156-66x43.webp 66w\" sizes=\"(max-width: 2560px) 100vw, 2560px\" \/>\t\t\t\t\t\t\t\t\t\t\t\t\t\t\t<\/div>\n\t\t\t\t<\/div>\n\t\t\t\t\t<\/div>\n\t\t<\/div>\n\t\t\t\t<div class=\"elementor-column elementor-col-50 elementor-top-column elementor-element elementor-element-f177383 jltma-glass-effect-no\" data-id=\"f177383\" data-element_type=\"column\" data-settings=\"{&quot;background_background&quot;:&quot;classic&quot;}\">\n\t\t\t<div class=\"elementor-widget-wrap elementor-element-populated\">\n\t\t\t\t\t\t<div class=\"elementor-element elementor-element-fb94c58 jltma-glass-effect-no elementor-widget elementor-widget-heading\" data-id=\"fb94c58\" data-element_type=\"widget\" data-widget_type=\"heading.default\">\n\t\t\t\t<div class=\"elementor-widget-container\">\n\t\t\t\t\t<h2 class=\"elementor-heading-title elementor-size-default\">Breakfasts with Catalan and Japanese essence\n<\/h2>\t\t\t\t<\/div>\n\t\t\t\t<\/div>\n\t\t\t\t<div class=\"elementor-element elementor-element-814c771 jltma-glass-effect-no elementor-widget elementor-widget-text-editor\" data-id=\"814c771\" data-element_type=\"widget\" data-widget_type=\"text-editor.default\">\n\t\t\t\t<div class=\"elementor-widget-container\">\n\t\t\t\t\t\t\t\t\t<div class=\"traductor-textarea form-group\"><div class=\"textarea-desti col-xs-12 col-sm-6\"><div class=\"form-control second-textarea\"><p><span style=\"font-weight: 400;\">Start your day with a full breakfast, with two different options:<\/span><\/p><ul><li style=\"font-weight: 400;\" aria-level=\"1\"><b>Catalan-style breakfast<\/b><span style=\"font-weight: 400;\">, featuring local products such as cheese and handmade cured meats from the region.<\/span><span style=\"font-weight: 400;\"><br \/><br \/><\/span><\/li><li style=\"font-weight: 400;\" aria-level=\"1\"><b>Japanese-style breakfast<\/b><span style=\"font-weight: 400;\">, including salmon onigiri, oinari, miso soup with seaweed and tofu, fresh salad with Japanese dressing and sweet omelette.<\/span><\/li><\/ul><p><span style=\"font-weight: 400;\">A different way to discover Japanese gastronomy without leaving El Solson\u00e8s.<\/span><\/p><\/div><\/div><\/div>\t\t\t\t\t\t\t\t<\/div>\n\t\t\t\t<\/div>\n\t\t\t\t\t<\/div>\n\t\t<\/div>\n\t\t\t\t\t<\/div>\n\t\t<\/section>\n\t\t\t\t<section class=\"elementor-section elementor-top-section elementor-element elementor-element-4fe7bae elementor-section-boxed elementor-section-height-default elementor-section-height-default jltma-glass-effect-no\" data-id=\"4fe7bae\" data-element_type=\"section\" data-settings=\"{&quot;background_background&quot;:&quot;classic&quot;}\">\n\t\t\t\t\t\t<div class=\"elementor-container elementor-column-gap-default\">\n\t\t\t\t\t<div class=\"elementor-column elementor-col-100 elementor-top-column elementor-element elementor-element-9f71c50 jltma-glass-effect-no\" data-id=\"9f71c50\" data-element_type=\"column\">\n\t\t\t<div class=\"elementor-widget-wrap elementor-element-populated\">\n\t\t\t\t\t\t<section class=\"elementor-section elementor-inner-section elementor-element elementor-element-b78b30c elementor-section-boxed elementor-section-height-default elementor-section-height-default jltma-glass-effect-no\" data-id=\"b78b30c\" data-element_type=\"section\">\n\t\t\t\t\t\t<div class=\"elementor-container elementor-column-gap-default\">\n\t\t\t\t\t<div class=\"elementor-column elementor-col-50 elementor-inner-column elementor-element elementor-element-c73279d jltma-glass-effect-no\" data-id=\"c73279d\" data-element_type=\"column\" data-settings=\"{&quot;background_background&quot;:&quot;classic&quot;}\">\n\t\t\t<div class=\"elementor-widget-wrap elementor-element-populated\">\n\t\t\t\t\t\t<div class=\"elementor-element elementor-element-4ad49e7 jltma-glass-effect-no elementor-widget elementor-widget-heading\" data-id=\"4ad49e7\" data-element_type=\"widget\" data-widget_type=\"heading.default\">\n\t\t\t\t<div class=\"elementor-widget-container\">\n\t\t\t\t\t<h2 class=\"elementor-heading-title elementor-size-default\">Restaurant schedule\n<\/h2>\t\t\t\t<\/div>\n\t\t\t\t<\/div>\n\t\t\t\t<div class=\"elementor-element elementor-element-3801976 jltma-glass-effect-no elementor-widget elementor-widget-text-editor\" data-id=\"3801976\" data-element_type=\"widget\" data-widget_type=\"text-editor.default\">\n\t\t\t\t<div class=\"elementor-widget-container\">\n\t\t\t\t\t\t\t\t\t<p><span style=\"font-weight: 400;\">The restaurant is mainly reserved for <\/span><b>hotel guests<\/b><span style=\"font-weight: 400;\">, who can enjoy dinner in a calm and peaceful atmosphere.<\/span><\/p><ul><li style=\"font-weight: 400;\" aria-level=\"1\"><b>Dinner service from Thursday to Sunday<\/b><span style=\"font-weight: 400;\">, starting at 8.00 p.m.<\/span><\/li><\/ul><p><span style=\"font-weight: 400;\">To preserve the tranquillity and rest of the hotel, dinners are served early.<\/span><\/p>\t\t\t\t\t\t\t\t<\/div>\n\t\t\t\t<\/div>\n\t\t\t\t<div class=\"elementor-element elementor-element-dca0855 jltma-glass-effect-no elementor-widget elementor-widget-heading\" data-id=\"dca0855\" data-element_type=\"widget\" data-widget_type=\"heading.default\">\n\t\t\t\t<div class=\"elementor-widget-container\">\n\t\t\t\t\t<h2 class=\"elementor-heading-title elementor-size-default\">Bookings for external guests\n<\/h2>\t\t\t\t<\/div>\n\t\t\t\t<\/div>\n\t\t\t\t<div class=\"elementor-element elementor-element-0d9367d jltma-glass-effect-no elementor-widget elementor-widget-text-editor\" data-id=\"0d9367d\" data-element_type=\"widget\" data-widget_type=\"text-editor.default\">\n\t\t\t\t<div class=\"elementor-widget-container\">\n\t\t\t\t\t\t\t\t\t<p><span style=\"font-weight: 400;\">When available, we are delighted to welcome <\/span><b>external visitors<\/b><span style=\"font-weight: 400;\"> wishing to enjoy our omakase experience.<\/span><\/p><p><span style=\"font-weight: 400;\">To maintain the quiet atmosphere, external bookings must be made for <\/span><b>8.00 p.m. or 8.30 p.m. at the latest<\/b><span style=\"font-weight: 400;\">.<\/span><\/p><p><span style=\"font-weight: 400;\">To book:<\/span><\/p><ul><li style=\"font-weight: 400;\" aria-level=\"1\"><span style=\"font-weight: 400;\">Send a <\/span><b>WhatsApp to +34 669 52 73 38<\/b><b><br \/><br \/><\/b><\/li><li style=\"font-weight: 400;\" aria-level=\"1\"><span style=\"font-weight: 400;\">or an email to <\/span><b>info@hoteljaponespuigpinos.com<\/b><\/li><\/ul><p><span style=\"font-weight: 400;\">Please include your name, number of guests and a contact phone number. We will confirm your booking or offer alternatives if necessary.<\/span><\/p>\t\t\t\t\t\t\t\t<\/div>\n\t\t\t\t<\/div>\n\t\t\t\t\t<\/div>\n\t\t<\/div>\n\t\t\t\t<div class=\"elementor-column elementor-col-50 elementor-inner-column elementor-element elementor-element-710b914 jltma-glass-effect-no\" data-id=\"710b914\" data-element_type=\"column\">\n\t\t\t<div class=\"elementor-widget-wrap elementor-element-populated\">\n\t\t\t\t\t\t<div class=\"elementor-element elementor-element-2492d6b jltma-glass-effect-no elementor-widget elementor-widget-image\" data-id=\"2492d6b\" data-element_type=\"widget\" data-widget_type=\"image.default\">\n\t\t\t\t<div class=\"elementor-widget-container\">\n\t\t\t\t\t\t\t\t\t\t\t\t\t\t\t<img decoding=\"async\" src=\"https:\/\/hoteljaponespuigpinos.com\/wp-content\/uploads\/elementor\/thumbs\/Puigpinos_077-1-scaled-reuf4n0tr4dli78sm1fdmuu9yfn8a37al4ypq5rka8.jpg\" title=\"Puigpinos_077 (1)\" alt=\"Puigpinos_077 (1)\" loading=\"lazy\" \/>\t\t\t\t\t\t\t\t\t\t\t\t\t\t\t<\/div>\n\t\t\t\t<\/div>\n\t\t\t\t\t<\/div>\n\t\t<\/div>\n\t\t\t\t\t<\/div>\n\t\t<\/section>\n\t\t\t\t\t<\/div>\n\t\t<\/div>\n\t\t\t\t\t<\/div>\n\t\t<\/section>\n\t\t\t\t<section class=\"elementor-section elementor-top-section elementor-element elementor-element-77f7a76 elementor-section-boxed elementor-section-height-default elementor-section-height-default jltma-glass-effect-no\" data-id=\"77f7a76\" data-element_type=\"section\" data-settings=\"{&quot;background_background&quot;:&quot;classic&quot;}\">\n\t\t\t\t\t\t\t<div class=\"elementor-background-overlay\"><\/div>\n\t\t\t\t\t\t\t<div class=\"elementor-container elementor-column-gap-default\">\n\t\t\t\t\t<div class=\"elementor-column elementor-col-100 elementor-top-column elementor-element elementor-element-0443fa6 jltma-glass-effect-no\" data-id=\"0443fa6\" data-element_type=\"column\">\n\t\t\t<div class=\"elementor-widget-wrap elementor-element-populated\">\n\t\t\t\t\t\t<div class=\"elementor-element elementor-element-0dc542f jltma-glass-effect-no elementor-widget elementor-widget-heading\" data-id=\"0dc542f\" data-element_type=\"widget\" data-widget_type=\"heading.default\">\n\t\t\t\t<div class=\"elementor-widget-container\">\n\t\t\t\t\t<h3 class=\"elementor-heading-title elementor-size-default\">Japanese picnic to go\n<\/h3>\t\t\t\t<\/div>\n\t\t\t\t<\/div>\n\t\t\t\t<div class=\"elementor-element elementor-element-175bb23 jltma-glass-effect-no elementor-widget elementor-widget-text-editor\" data-id=\"175bb23\" data-element_type=\"widget\" data-widget_type=\"text-editor.default\">\n\t\t\t\t<div class=\"elementor-widget-container\">\n\t\t\t\t\t\t\t\t\t<p><span style=\"font-weight: 400;\">Hotel guests can also order an <\/span><b>obento (Japanese picnic)<\/b><span style=\"font-weight: 400;\"> or sandwiches to take away \u2014 perfect for a day exploring El Solson\u00e8s.<\/span><\/p><p><span style=\"font-weight: 400;\">Please place your order at least <\/span><b>24 hours in advance<\/b><span style=\"font-weight: 400;\">.<\/span><\/p>\t\t\t\t\t\t\t\t<\/div>\n\t\t\t\t<\/div>\n\t\t\t\t\t<\/div>\n\t\t<\/div>\n\t\t\t\t\t<\/div>\n\t\t<\/section>\n\t\t\t\t<section class=\"elementor-section elementor-top-section elementor-element elementor-element-d3def63 elementor-section-boxed elementor-section-height-default elementor-section-height-default jltma-glass-effect-no\" data-id=\"d3def63\" data-element_type=\"section\">\n\t\t\t\t\t\t<div class=\"elementor-container elementor-column-gap-default\">\n\t\t\t\t\t<div class=\"elementor-column elementor-col-100 elementor-top-column elementor-element elementor-element-dbeaa69 jltma-glass-effect-no\" data-id=\"dbeaa69\" data-element_type=\"column\">\n\t\t\t<div class=\"elementor-widget-wrap elementor-element-populated\">\n\t\t\t\t\t\t<div class=\"elementor-element elementor-element-c550ab9 jltma-glass-effect-no elementor-widget elementor-widget-heading\" data-id=\"c550ab9\" data-element_type=\"widget\" data-widget_type=\"heading.default\">\n\t\t\t\t<div class=\"elementor-widget-container\">\n\t\t\t\t\t<h2 class=\"elementor-heading-title elementor-size-default\">Allergies and special menus\n<\/h2>\t\t\t\t<\/div>\n\t\t\t\t<\/div>\n\t\t\t\t<div class=\"elementor-element elementor-element-f8aef7c jltma-glass-effect-no elementor-widget elementor-widget-text-editor\" data-id=\"f8aef7c\" data-element_type=\"widget\" data-widget_type=\"text-editor.default\">\n\t\t\t\t<div class=\"elementor-widget-container\">\n\t\t\t\t\t\t\t\t\t<p><span style=\"font-weight: 400;\">If you require a <\/span><b>menu adapted for health reasons<\/b><span style=\"font-weight: 400;\"> (allergies, intolerances, coeliac disease, etc.), please inform us at least <\/span><b>48 hours in advance<\/b><span style=\"font-weight: 400;\">.<\/span><\/p><p><span style=\"font-weight: 400;\">The chef will be pleased to adapt the omakase experience to your needs.<\/span><\/p>\t\t\t\t\t\t\t\t<\/div>\n\t\t\t\t<\/div>\n\t\t\t\t\t<\/div>\n\t\t<\/div>\n\t\t\t\t\t<\/div>\n\t\t<\/section>\n\t\t\t\t<\/div>\n\t\t","protected":false},"excerpt":{"rendered":"<p>RESTAURANT \u6599\u7406 Japanese omakase cuisine in the heart of El Solson\u00e8s The restaurant at Hotel Japon\u00e8s Puigpin\u00f3s is an intimate space where you can enjoy an authentic Japanese dining experience surrounded by nature. We work with local produce from El Solson\u00e8s and vegetables from our organic garden to offer a healthy, balanced and flavourful menu. [&hellip;]<\/p>\n","protected":false},"author":5,"featured_media":0,"parent":0,"menu_order":0,"comment_status":"closed","ping_status":"closed","template":"elementor_header_footer","meta":{"_joinchat":[],"footnotes":""},"class_list":["post-5889","page","type-page","status-publish","hentry","entry","owp-thumbs-layout-horizontal","owp-btn-normal","owp-tabs-layout-horizontal","has-no-thumbnails","has-product-nav"],"_links":{"self":[{"href":"https:\/\/hoteljaponespuigpinos.com\/en\/wp-json\/wp\/v2\/pages\/5889","targetHints":{"allow":["GET"]}}],"collection":[{"href":"https:\/\/hoteljaponespuigpinos.com\/en\/wp-json\/wp\/v2\/pages"}],"about":[{"href":"https:\/\/hoteljaponespuigpinos.com\/en\/wp-json\/wp\/v2\/types\/page"}],"author":[{"embeddable":true,"href":"https:\/\/hoteljaponespuigpinos.com\/en\/wp-json\/wp\/v2\/users\/5"}],"replies":[{"embeddable":true,"href":"https:\/\/hoteljaponespuigpinos.com\/en\/wp-json\/wp\/v2\/comments?post=5889"}],"version-history":[{"count":47,"href":"https:\/\/hoteljaponespuigpinos.com\/en\/wp-json\/wp\/v2\/pages\/5889\/revisions"}],"predecessor-version":[{"id":27767,"href":"https:\/\/hoteljaponespuigpinos.com\/en\/wp-json\/wp\/v2\/pages\/5889\/revisions\/27767"}],"wp:attachment":[{"href":"https:\/\/hoteljaponespuigpinos.com\/en\/wp-json\/wp\/v2\/media?parent=5889"}],"curies":[{"name":"wp","href":"https:\/\/api.w.org\/{rel}","templated":true}]}}