{"id":18709,"date":"2023-01-02T16:03:58","date_gmt":"2023-01-02T16:03:58","guid":{"rendered":"https:\/\/hoteljaponespuigpinos.com\/?page_id=18709"},"modified":"2023-01-02T17:06:56","modified_gmt":"2023-01-02T17:06:56","slug":"como-adquirir-un-vale-regalo","status":"publish","type":"page","link":"https:\/\/hoteljaponespuigpinos.com\/es\/como-adquirir-un-vale-regalo\/","title":{"rendered":"\u00a0C\u00f3mo adquirir un vale regalo"},"content":{"rendered":"\t\t<div data-elementor-type=\"wp-page\" data-elementor-id=\"18709\" class=\"elementor elementor-18709 elementor-18704\" data-elementor-post-type=\"page\">\n\t\t\t\t\t\t<section class=\"elementor-section elementor-top-section elementor-element elementor-element-ace3ffe elementor-section-boxed elementor-section-height-default elementor-section-height-default jltma-glass-effect-no\" data-id=\"ace3ffe\" data-element_type=\"section\">\n\t\t\t\t\t\t<div class=\"elementor-container elementor-column-gap-default\">\n\t\t\t\t\t<div class=\"elementor-column elementor-col-100 elementor-top-column elementor-element elementor-element-372455a jltma-glass-effect-no\" data-id=\"372455a\" data-element_type=\"column\">\n\t\t\t<div class=\"elementor-widget-wrap elementor-element-populated\">\n\t\t\t\t\t\t<div class=\"elementor-element elementor-element-4d27cc1 jltma-glass-effect-no elementor-widget elementor-widget-heading\" data-id=\"4d27cc1\" data-element_type=\"widget\" data-widget_type=\"heading.default\">\n\t\t\t\t<div class=\"elementor-widget-container\">\n\t\t\t\t\t<h2 class=\"elementor-heading-title elementor-size-default\">C\u00f3mo adquirir un vale regalo<\/h2>\t\t\t\t<\/div>\n\t\t\t\t<\/div>\n\t\t\t\t<div class=\"elementor-element elementor-element-6b91741 jltma-glass-effect-no elementor-widget elementor-widget-text-editor\" data-id=\"6b91741\" data-element_type=\"widget\" data-widget_type=\"text-editor.default\">\n\t\t\t\t<div class=\"elementor-widget-container\">\n\t\t\t\t\t\t\t\t\t<p><span style=\"font-weight: 400;\">La adquisici\u00f3n de un vale regalo funciona de la siguiente manera:<\/span><\/p><p><span style=\"font-weight: 400;\">Escoge el paquete que m\u00e1s te interese o tambi\u00e9n puedes coger el alojamiento, las comidas y alg\u00fan servicio por separado y crear tu propio paquete.<\/span><\/p><p><span style=\"font-weight: 400;\">En el proceso de compra te pedir\u00e1 el nombre del beneficiario (esto es para que te podamos personalizar lo vale regalo). Tambi\u00e9n tienes un apartado donde a\u00f1adir anotaciones donde puedes indicarnos lo que te haga falta.<\/span><\/p><p><span style=\"font-weight: 400;\">Cuando recibimos la confirmaci\u00f3n de la compra, generaremos un vale regalo en formato pdf donde se especifica qu\u00e9 incluye el regalo y te lo enviaremos al mail que nos hayas dejado. Desde all\u00e1 podr\u00e1s imprimirlo para regalar (el env\u00edo del vale regalo puede tardar entre dos o tres d\u00edas; si lo necesitas de forma urgente, mejor que nos lo indiques).<\/span><\/p><p><span style=\"font-weight: 400;\">Los vales regalo tienen una validez de un a\u00f1o desde su adquisici\u00f3n.<\/span><\/p><p><span style=\"font-weight: 400;\">Para poder disfrutar de la experiencia, el beneficiario tendr\u00e1 que contactar por mail, tel\u00e9fono o whatsapp con el hotel para reservar la fecha.<\/span><\/p>\t\t\t\t\t\t\t\t<\/div>\n\t\t\t\t<\/div>\n\t\t\t\t\t<\/div>\n\t\t<\/div>\n\t\t\t\t\t<\/div>\n\t\t<\/section>\n\t\t\t\t<\/div>\n\t\t","protected":false},"excerpt":{"rendered":"<p>C\u00f3mo adquirir un vale regalo La adquisici\u00f3n de un vale regalo funciona de la siguiente manera: Escoge el paquete que m\u00e1s te interese o tambi\u00e9n puedes coger el alojamiento, las comidas y alg\u00fan servicio por separado y crear tu propio paquete. En el proceso de compra te pedir\u00e1 el nombre del beneficiario (esto es para [&hellip;]<\/p>\n","protected":false},"author":5,"featured_media":0,"parent":0,"menu_order":0,"comment_status":"closed","ping_status":"closed","template":"","meta":{"_joinchat":[],"footnotes":""},"class_list":["post-18709","page","type-page","status-publish","hentry","entry","owp-thumbs-layout-horizontal","owp-btn-normal","owp-tabs-layout-horizontal","has-no-thumbnails","has-product-nav"],"_links":{"self":[{"href":"https:\/\/hoteljaponespuigpinos.com\/es\/wp-json\/wp\/v2\/pages\/18709","targetHints":{"allow":["GET"]}}],"collection":[{"href":"https:\/\/hoteljaponespuigpinos.com\/es\/wp-json\/wp\/v2\/pages"}],"about":[{"href":"https:\/\/hoteljaponespuigpinos.com\/es\/wp-json\/wp\/v2\/types\/page"}],"author":[{"embeddable":true,"href":"https:\/\/hoteljaponespuigpinos.com\/es\/wp-json\/wp\/v2\/users\/5"}],"replies":[{"embeddable":true,"href":"https:\/\/hoteljaponespuigpinos.com\/es\/wp-json\/wp\/v2\/comments?post=18709"}],"version-history":[{"count":7,"href":"https:\/\/hoteljaponespuigpinos.com\/es\/wp-json\/wp\/v2\/pages\/18709\/revisions"}],"predecessor-version":[{"id":18743,"href":"https:\/\/hoteljaponespuigpinos.com\/es\/wp-json\/wp\/v2\/pages\/18709\/revisions\/18743"}],"wp:attachment":[{"href":"https:\/\/hoteljaponespuigpinos.com\/es\/wp-json\/wp\/v2\/media?parent=18709"}],"curies":[{"name":"wp","href":"https:\/\/api.w.org\/{rel}","templated":true}]}}