{"id":21786,"date":"2023-04-12T11:52:06","date_gmt":"2023-04-12T11:52:06","guid":{"rendered":"https:\/\/hoteljaponespuigpinos.com\/?page_id=21786"},"modified":"2023-04-19T08:49:55","modified_gmt":"2023-04-19T08:49:55","slug":"el-hotel-japones-puigpinos-cumple-un-ano","status":"publish","type":"page","link":"https:\/\/hoteljaponespuigpinos.com\/es\/el-hotel-japones-puigpinos-cumple-un-ano\/","title":{"rendered":"\u00a1El Hotel Japon\u00e8s Puigpin\u00f3s cumple un a\u00f1o!"},"content":{"rendered":"\t\t<div data-elementor-type=\"wp-page\" data-elementor-id=\"21786\" class=\"elementor elementor-21786\" data-elementor-post-type=\"page\">\n\t\t\t\t\t\t<section class=\"elementor-section elementor-top-section elementor-element elementor-element-abe8fec elementor-section-boxed elementor-section-height-default elementor-section-height-default jltma-glass-effect-no\" data-id=\"abe8fec\" data-element_type=\"section\">\n\t\t\t\t\t\t<div class=\"elementor-container elementor-column-gap-default\">\n\t\t\t\t\t<div class=\"elementor-column elementor-col-50 elementor-top-column elementor-element elementor-element-fa4e5b0 jltma-glass-effect-no\" data-id=\"fa4e5b0\" data-element_type=\"column\">\n\t\t\t<div class=\"elementor-widget-wrap elementor-element-populated\">\n\t\t\t\t\t\t<div class=\"elementor-element elementor-element-4bda12d jltma-glass-effect-no elementor-widget elementor-widget-heading\" data-id=\"4bda12d\" data-element_type=\"widget\" data-widget_type=\"heading.default\">\n\t\t\t\t<div class=\"elementor-widget-container\">\n\t\t\t\t\t<h2 class=\"elementor-heading-title elementor-size-default\">\u00a1El Hotel Japon\u00e8s Puigpin\u00f3s cumple un a\u00f1o!\n<\/h2>\t\t\t\t<\/div>\n\t\t\t\t<\/div>\n\t\t\t\t<div class=\"elementor-element elementor-element-4b78202 jltma-glass-effect-no elementor-widget elementor-widget-text-editor\" data-id=\"4b78202\" data-element_type=\"widget\" id=\"text5\" data-widget_type=\"text-editor.default\">\n\t\t\t\t<div class=\"elementor-widget-container\">\n\t\t\t\t\t\t\t\t\t<p><b>El pr\u00f3ximo 21 de abril har\u00e1 un a\u00f1o que abrimos las puertas.<\/b><\/p><p><span style=\"font-weight: 400;\">Por este motivo, te invitamos a la celebraci\u00f3n Haru Matsuri Puigpin\u00f3s que hemos organizado para el s\u00e1bado 22 de abril, de 18 a 21 horas, en el Hotel Japon\u00e8s Puigpin\u00f3s.<\/span><\/p><p><span style=\"font-weight: 400;\">Disfrutaremos de m\u00fasica de la mano de Gasc\u00f3n &amp; Mart\u00ed (@gascon_marti_blues), barras de vino, cerveza artesana y vermut y aperitivos japoneses.<\/span><\/p><p><span style=\"font-weight: 400;\">El evento estar\u00e1 abierto para todo el mundo.<\/span><\/p><div class=\"RichText3-paragraph--withVSpacingNormal RichText3-paragraph Typography Typography--m\">Durante la celebraci\u00f3n, se realizaran fotograf\u00edas y v\u00eddeos que despu\u00e9s se publicaran en redes sociales.<\/div><div class=\"RichText3-paragraph--withVSpacingNormal RichText3-paragraph Typography Typography--m\">\u00a0<\/div><p><span style=\"font-weight: 400;\">Consulta <\/span><a href=\"https:\/\/hoteljaponespuigpinos.com\/es\/contacto\/\"><span style=\"font-weight: 400;\">c\u00f3mo llegar<\/span><\/a><span style=\"font-weight: 400;\">.<br \/><\/span><span style=\"font-weight: 400;\">Cualquier duda puedes contactar a info@hoteljaponespuigpinos.com<\/span><\/p>\t\t\t\t\t\t\t\t<\/div>\n\t\t\t\t<\/div>\n\t\t\t\t<div class=\"elementor-element elementor-element-b1b9b1d elementor-hidden-desktop elementor-hidden-tablet elementor-hidden-mobile jltma-glass-effect-no elementor-widget elementor-widget-html\" data-id=\"b1b9b1d\" data-element_type=\"widget\" data-widget_type=\"html.default\">\n\t\t\t\t<div class=\"elementor-widget-container\">\n\t\t\t\t\t<style>  \r\n\r\n#text5 a {color:#CB6754;}\r\n\r\n\r\n<\/style>\r\n\t\t\t\t<\/div>\n\t\t\t\t<\/div>\n\t\t\t\t\t<\/div>\n\t\t<\/div>\n\t\t\t\t<div class=\"elementor-column elementor-col-50 elementor-top-column elementor-element elementor-element-ecb9954 jltma-glass-effect-no\" data-id=\"ecb9954\" data-element_type=\"column\">\n\t\t\t<div class=\"elementor-widget-wrap elementor-element-populated\">\n\t\t\t\t\t\t<div class=\"elementor-element elementor-element-bfdcdb1 jltma-glass-effect-no elementor-widget elementor-widget-image\" data-id=\"bfdcdb1\" data-element_type=\"widget\" data-widget_type=\"image.default\">\n\t\t\t\t<div class=\"elementor-widget-container\">\n\t\t\t\t\t\t\t\t\t\t\t\t\t\t\t<img fetchpriority=\"high\" decoding=\"async\" width=\"1024\" height=\"683\" src=\"https:\/\/hoteljaponespuigpinos.com\/wp-content\/uploads\/2023\/04\/exterior-35-1024x683.jpg\" class=\"attachment-large size-large wp-image-21804\" alt=\"\" srcset=\"https:\/\/hoteljaponespuigpinos.com\/wp-content\/uploads\/2023\/04\/exterior-35-1024x683.jpg 1024w, https:\/\/hoteljaponespuigpinos.com\/wp-content\/uploads\/2023\/04\/exterior-35-300x200.jpg 300w, https:\/\/hoteljaponespuigpinos.com\/wp-content\/uploads\/2023\/04\/exterior-35-768x512.jpg 768w, https:\/\/hoteljaponespuigpinos.com\/wp-content\/uploads\/2023\/04\/exterior-35-1536x1024.jpg 1536w, https:\/\/hoteljaponespuigpinos.com\/wp-content\/uploads\/2023\/04\/exterior-35-2048x1365.jpg 2048w, https:\/\/hoteljaponespuigpinos.com\/wp-content\/uploads\/2023\/04\/exterior-35-600x400.jpg 600w, https:\/\/hoteljaponespuigpinos.com\/wp-content\/uploads\/2023\/04\/exterior-35-66x43.jpg 66w\" sizes=\"(max-width: 1024px) 100vw, 1024px\" \/>\t\t\t\t\t\t\t\t\t\t\t\t\t\t\t<\/div>\n\t\t\t\t<\/div>\n\t\t\t\t\t<\/div>\n\t\t<\/div>\n\t\t\t\t\t<\/div>\n\t\t<\/section>\n\t\t\t\t<section class=\"elementor-section elementor-top-section elementor-element elementor-element-bb83bc5 elementor-section-boxed elementor-section-height-default elementor-section-height-default jltma-glass-effect-no\" data-id=\"bb83bc5\" data-element_type=\"section\">\n\t\t\t\t\t\t<div class=\"elementor-container elementor-column-gap-default\">\n\t\t\t\t\t<div class=\"elementor-column elementor-col-100 elementor-top-column elementor-element elementor-element-9c75c08 jltma-glass-effect-no\" data-id=\"9c75c08\" data-element_type=\"column\">\n\t\t\t<div class=\"elementor-widget-wrap elementor-element-populated\">\n\t\t\t\t\t\t<div class=\"elementor-element elementor-element-ffbcddb text5 jltma-glass-effect-no elementor-widget elementor-widget-text-editor\" data-id=\"ffbcddb\" data-element_type=\"widget\" data-widget_type=\"text-editor.default\">\n\t\t\t\t<div class=\"elementor-widget-container\">\n\t\t\t\t\t\t\t\t\t<p><strong>Me quiero apuntar<\/strong><\/p>\t\t\t\t\t\t\t\t<\/div>\n\t\t\t\t<\/div>\n\t\t\t\t<div class=\"elementor-element elementor-element-b04063f pp-gravity-form-button-custom pp-gravity-form-pagination-buttons-auto jltma-glass-effect-no elementor-widget elementor-widget-pp-gravity-forms\" data-id=\"b04063f\" data-element_type=\"widget\" data-widget_type=\"pp-gravity-forms.default\">\n\t\t\t\t<div class=\"elementor-widget-container\">\n\t\t\t\t\t\t\t\t\t<div class=\"pp-contact-form pp-gravity-form\">\n\t\t\t\t\t\t\t\t\t\t<script type=\"text\/javascript\">var gform;gform||(document.addEventListener(\"gform_main_scripts_loaded\",function(){gform.scriptsLoaded=!0}),window.addEventListener(\"DOMContentLoaded\",function(){gform.domLoaded=!0}),gform={domLoaded:!1,scriptsLoaded:!1,initializeOnLoaded:function(o){gform.domLoaded&&gform.scriptsLoaded?o():!gform.domLoaded&&gform.scriptsLoaded?window.addEventListener(\"DOMContentLoaded\",o):document.addEventListener(\"gform_main_scripts_loaded\",o)},hooks:{action:{},filter:{}},addAction:function(o,n,r,t){gform.addHook(\"action\",o,n,r,t)},addFilter:function(o,n,r,t){gform.addHook(\"filter\",o,n,r,t)},doAction:function(o){gform.doHook(\"action\",o,arguments)},applyFilters:function(o){return gform.doHook(\"filter\",o,arguments)},removeAction:function(o,n){gform.removeHook(\"action\",o,n)},removeFilter:function(o,n,r){gform.removeHook(\"filter\",o,n,r)},addHook:function(o,n,r,t,i){null==gform.hooks[o][n]&&(gform.hooks[o][n]=[]);var e=gform.hooks[o][n];null==i&&(i=n+\"_\"+e.length),gform.hooks[o][n].push({tag:i,callable:r,priority:t=null==t?10:t})},doHook:function(n,o,r){var t;if(r=Array.prototype.slice.call(r,1),null!=gform.hooks[n][o]&&((o=gform.hooks[n][o]).sort(function(o,n){return o.priority-n.priority}),o.forEach(function(o){\"function\"!=typeof(t=o.callable)&&(t=window[t]),\"action\"==n?t.apply(null,r):r[0]=t.apply(null,r)})),\"filter\"==n)return r[0]},removeHook:function(o,n,t,i){var r;null!=gform.hooks[o][n]&&(r=(r=gform.hooks[o][n]).filter(function(o,n,r){return!!(null!=i&&i!=o.tag||null!=t&&t!=o.priority)}),gform.hooks[o][n]=r)}});<\/script>\n                <div class='gf_browser_gecko gform_wrapper gravity-theme' id='gform_wrapper_9' >\n                        <div class='gform_heading'>\n                            <span class='gform_description'><\/span>\n                        <\/div><form method='post' enctype='multipart\/form-data'  id='gform_9'  action='\/es\/wp-json\/wp\/v2\/pages\/21786' novalidate>\n                        <div class='gform_body gform-body'><div id='gform_fields_9' class='gform_fields top_label form_sublabel_below description_below'><div id=\"field_9_1\"  class=\"gfield field_sublabel_below field_description_below gfield_visibility_visible\"  data-js-reload=\"field_9_1\"><label class='gfield_label screen-reader-text' for='input_9_1' >Nombre<\/label><div class='ginput_container ginput_container_text'><input name='input_1' id='input_9_1' type='text' value='' class='large'    placeholder='Nombre'  aria-invalid=\"false\"   \/> <\/div><\/div><div id=\"field_9_2\"  class=\"gfield gfield--width-full field_sublabel_below field_description_below gfield_visibility_visible\"  data-js-reload=\"field_9_2\"><label class='gfield_label screen-reader-text' for='input_9_2' >Apellido<\/label><div class='ginput_container ginput_container_text'><input name='input_2' id='input_9_2' type='text' value='' class='large'    placeholder='Apellido'  aria-invalid=\"false\"   \/> <\/div><\/div><div id=\"field_9_3\"  class=\"gfield gfield--width-full field_sublabel_below field_description_below gfield_visibility_visible\"  data-js-reload=\"field_9_3\"><label class='gfield_label screen-reader-text' for='input_9_3' >Ciudad de residencia<\/label><div class='ginput_container ginput_container_text'><input name='input_3' id='input_9_3' type='text' value='' class='large'    placeholder='Ciudad de residencia'  aria-invalid=\"false\"   \/> <\/div><\/div><div id=\"field_9_4\"  class=\"gfield gfield--width-full field_sublabel_below field_description_below gfield_visibility_visible\"  data-js-reload=\"field_9_4\"><label class='gfield_label screen-reader-text' for='input_9_4' >Tel\u00e9fono<\/label><div class='ginput_container ginput_container_phone'><input name='input_4' id='input_9_4' type='tel' value='' class='large'  placeholder='Tel\u00e9fono'  aria-invalid=\"false\"   \/><\/div><\/div><div id=\"field_9_5\"  class=\"gfield gfield--width-full field_sublabel_below field_description_below gfield_visibility_visible\"  data-js-reload=\"field_9_5\"><label class='gfield_label screen-reader-text' for='input_9_5' >E-mail<\/label><div class='ginput_container ginput_container_email'>\n                            <input name='input_5' id='input_9_5' type='email' value='' class='large'   placeholder='E-mail'  aria-invalid=\"false\"  \/>\n                        <\/div><\/div><div id=\"field_9_9\"  class=\"gfield gfield--width-full field_sublabel_below field_description_below gfield_visibility_visible\"  data-js-reload=\"field_9_9\"><label class='gfield_label' for='input_9_9' >Acompa\u00f1antes<\/label><div class='ginput_container ginput_container_select'><select name='input_9' id='input_9_9' class='large gfield_select'     aria-invalid=\"false\" ><option value='0' >0<\/option><option value='1' >1<\/option><option value='2' >2<\/option><option value='3' >3<\/option><option value='4' >4<\/option><option value='5' >5<\/option><option value='6' >6<\/option><option value='7' >7<\/option><option value='8' >8<\/option><option value='9' >9<\/option><option value='10' >10<\/option><\/select><\/div><\/div><div id=\"field_9_10\"  class=\"gfield gfield--width-full field_sublabel_below field_description_below gfield_visibility_visible\"  data-js-reload=\"field_9_10\"><label class='gfield_label' for='input_9_10' >De los cuales menores de edad<\/label><div class='ginput_container ginput_container_select'><select name='input_10' id='input_9_10' class='large gfield_select'     aria-invalid=\"false\" ><option value='0' >0<\/option><option value='1' >1<\/option><option value='2' >2<\/option><option value='3' >3<\/option><option value='4' >4<\/option><option value='5' >5<\/option><option value='6' >6<\/option><option value='7' >7<\/option><option value='8' >8<\/option><option value='9' >9<\/option><option value='10' >10<\/option><\/select><\/div><\/div><fieldset id=\"field_9_7\"  class=\"gfield gfield--width-full field_sublabel_below field_description_below gfield_visibility_visible\"  data-js-reload=\"field_9_7\"><legend class='gfield_label gfield_label_before_complex'  >Privacidad La informaci\u00f3n proporcionada en este formulario \u00fanicamente se utilizar\u00e1 para informar de actualizaciones sobre la actividad y otros talleres relacionados. Tu privacidad es importante para nosotros. Ind\u00edcanos c\u00f3mo quieres mantener el contacto:<\/legend><div class='ginput_container ginput_container_checkbox'><div class='gfield_checkbox' id='input_9_7'><div class='gchoice gchoice_9_7_1'>\n\t\t\t\t\t\t\t\t<input class='gfield-choice-input' name='input_7.1' type='checkbox'  value='Correo electr\u00f3nico'  id='choice_9_7_1'   aria-describedby=\"gfield_description_9_7\"\/>\n\t\t\t\t\t\t\t\t<label for='choice_9_7_1' id='label_9_7_1'>Correo electr\u00f3nico<\/label>\n\t\t\t\t\t\t\t<\/div><\/div><\/div><div class='gfield_description' id='gfield_description_9_7'>\n<\/div><\/fieldset><\/div><\/div>\n        <div class='gform_footer top_label'> <input type='submit' id='gform_submit_button_9' class='gform_button button' value='Envia'  onclick='if(window[\"gf_submitting_9\"]){return false;}  if( !jQuery(\"#gform_9\")[0].checkValidity || jQuery(\"#gform_9\")[0].checkValidity()){window[\"gf_submitting_9\"]=true;}  ' onkeypress='if( event.keyCode == 13 ){ if(window[\"gf_submitting_9\"]){return false;} if( !jQuery(\"#gform_9\")[0].checkValidity || jQuery(\"#gform_9\")[0].checkValidity()){window[\"gf_submitting_9\"]=true;}  jQuery(\"#gform_9\").trigger(\"submit\",[true]); }' \/> \n            <input type='hidden' class='gform_hidden' name='is_submit_9' value='1' \/>\n            <input type='hidden' class='gform_hidden' name='gform_submit' value='9' \/>\n            \n            <input type='hidden' class='gform_hidden' name='gform_unique_id' value='' \/>\n            <input type='hidden' class='gform_hidden' name='state_9' value='WyJbXSIsIjEwMWQ2MDI3YWQzMzljZmYzNDI3NmJjYWY3NGE3YTgyIl0=' \/>\n            <input type='hidden' class='gform_hidden' name='gform_target_page_number_9' id='gform_target_page_number_9' value='0' \/>\n            <input type='hidden' class='gform_hidden' name='gform_source_page_number_9' id='gform_source_page_number_9' value='1' \/>\n            <input type='hidden' name='gform_field_values' value='' \/>\n            \n        <\/div>\n                        <\/form>\n                        <\/div>\t\t\t\t<\/div>\n\t\t\t\t\t\t\t\t<\/div>\n\t\t\t\t<\/div>\n\t\t\t\t\t<\/div>\n\t\t<\/div>\n\t\t\t\t\t<\/div>\n\t\t<\/section>\n\t\t\t\t<\/div>\n\t\t","protected":false},"excerpt":{"rendered":"<p>\u00a1El Hotel Japon\u00e8s Puigpin\u00f3s cumple un a\u00f1o! El pr\u00f3ximo 21 de abril har\u00e1 un a\u00f1o que abrimos las puertas. Por este motivo, te invitamos a la celebraci\u00f3n Haru Matsuri Puigpin\u00f3s que hemos organizado para el s\u00e1bado 22 de abril, de 18 a 21 horas, en el Hotel Japon\u00e8s Puigpin\u00f3s. Disfrutaremos de m\u00fasica de la mano [&hellip;]<\/p>\n","protected":false},"author":5,"featured_media":0,"parent":0,"menu_order":0,"comment_status":"closed","ping_status":"closed","template":"","meta":{"_joinchat":[],"footnotes":""},"class_list":["post-21786","page","type-page","status-publish","hentry","entry","owp-thumbs-layout-horizontal","owp-btn-normal","owp-tabs-layout-horizontal","has-no-thumbnails","has-product-nav"],"_links":{"self":[{"href":"https:\/\/hoteljaponespuigpinos.com\/es\/wp-json\/wp\/v2\/pages\/21786","targetHints":{"allow":["GET"]}}],"collection":[{"href":"https:\/\/hoteljaponespuigpinos.com\/es\/wp-json\/wp\/v2\/pages"}],"about":[{"href":"https:\/\/hoteljaponespuigpinos.com\/es\/wp-json\/wp\/v2\/types\/page"}],"author":[{"embeddable":true,"href":"https:\/\/hoteljaponespuigpinos.com\/es\/wp-json\/wp\/v2\/users\/5"}],"replies":[{"embeddable":true,"href":"https:\/\/hoteljaponespuigpinos.com\/es\/wp-json\/wp\/v2\/comments?post=21786"}],"version-history":[{"count":28,"href":"https:\/\/hoteljaponespuigpinos.com\/es\/wp-json\/wp\/v2\/pages\/21786\/revisions"}],"predecessor-version":[{"id":22005,"href":"https:\/\/hoteljaponespuigpinos.com\/es\/wp-json\/wp\/v2\/pages\/21786\/revisions\/22005"}],"wp:attachment":[{"href":"https:\/\/hoteljaponespuigpinos.com\/es\/wp-json\/wp\/v2\/media?parent=21786"}],"curies":[{"name":"wp","href":"https:\/\/api.w.org\/{rel}","templated":true}]}}