{"id":24922,"date":"2024-08-05T17:23:22","date_gmt":"2024-08-05T17:23:22","guid":{"rendered":"https:\/\/hoteljaponespuigpinos.com\/?page_id=24922"},"modified":"2024-08-05T17:25:53","modified_gmt":"2024-08-05T17:25:53","slug":"hatha-yoga-y-bienestar-con-aceites-esenciales-contacto","status":"publish","type":"page","link":"https:\/\/hoteljaponespuigpinos.com\/es\/hatha-yoga-y-bienestar-con-aceites-esenciales-contacto\/","title":{"rendered":"Hatha Yoga y Bienestar con Aceites Esenciales &#8211; Contacto"},"content":{"rendered":"\t\t<div data-elementor-type=\"wp-page\" data-elementor-id=\"24922\" class=\"elementor elementor-24922 elementor-24911\" data-elementor-post-type=\"page\">\n\t\t\t\t\t\t<section class=\"elementor-section elementor-top-section elementor-element elementor-element-c0de39b elementor-section-boxed elementor-section-height-default elementor-section-height-default jltma-glass-effect-no\" data-id=\"c0de39b\" data-element_type=\"section\">\n\t\t\t\t\t\t<div class=\"elementor-container elementor-column-gap-default\">\n\t\t\t\t\t<div class=\"elementor-column elementor-col-100 elementor-top-column elementor-element elementor-element-a5b0c28 jltma-glass-effect-no\" data-id=\"a5b0c28\" data-element_type=\"column\">\n\t\t\t<div class=\"elementor-widget-wrap elementor-element-populated\">\n\t\t\t\t\t\t<div class=\"elementor-element elementor-element-14c4a11 jltma-glass-effect-no elementor-widget elementor-widget-heading\" data-id=\"14c4a11\" data-element_type=\"widget\" data-widget_type=\"heading.default\">\n\t\t\t\t<div class=\"elementor-widget-container\">\n\t\t\t\t\t<h2 class=\"elementor-heading-title elementor-size-default\">Hatha Yoga y Bienestar con Aceites Esenciales\n<\/h2>\t\t\t\t<\/div>\n\t\t\t\t<\/div>\n\t\t\t\t\t<\/div>\n\t\t<\/div>\n\t\t\t\t\t<\/div>\n\t\t<\/section>\n\t\t\t\t<section class=\"elementor-section elementor-top-section elementor-element elementor-element-4e4fc30 elementor-section-boxed elementor-section-height-default elementor-section-height-default jltma-glass-effect-no\" data-id=\"4e4fc30\" data-element_type=\"section\">\n\t\t\t\t\t\t<div class=\"elementor-container elementor-column-gap-default\">\n\t\t\t\t\t<div class=\"elementor-column elementor-col-100 elementor-top-column elementor-element elementor-element-b14f965 jltma-glass-effect-no\" data-id=\"b14f965\" data-element_type=\"column\">\n\t\t\t<div class=\"elementor-widget-wrap elementor-element-populated\">\n\t\t\t\t\t\t<div class=\"elementor-element elementor-element-59ff5b4 pp-gravity-form-button-custom pp-gravity-form-pagination-buttons-auto jltma-glass-effect-no elementor-widget elementor-widget-pp-gravity-forms\" data-id=\"59ff5b4\" data-element_type=\"widget\" data-widget_type=\"pp-gravity-forms.default\">\n\t\t\t\t<div class=\"elementor-widget-container\">\n\t\t\t\t\t\t\t\t\t<div class=\"pp-contact-form pp-gravity-form\">\n\t\t\t\t\t\t\t\t\t\t<script type=\"text\/javascript\">var gform;gform||(document.addEventListener(\"gform_main_scripts_loaded\",function(){gform.scriptsLoaded=!0}),window.addEventListener(\"DOMContentLoaded\",function(){gform.domLoaded=!0}),gform={domLoaded:!1,scriptsLoaded:!1,initializeOnLoaded:function(o){gform.domLoaded&&gform.scriptsLoaded?o():!gform.domLoaded&&gform.scriptsLoaded?window.addEventListener(\"DOMContentLoaded\",o):document.addEventListener(\"gform_main_scripts_loaded\",o)},hooks:{action:{},filter:{}},addAction:function(o,n,r,t){gform.addHook(\"action\",o,n,r,t)},addFilter:function(o,n,r,t){gform.addHook(\"filter\",o,n,r,t)},doAction:function(o){gform.doHook(\"action\",o,arguments)},applyFilters:function(o){return gform.doHook(\"filter\",o,arguments)},removeAction:function(o,n){gform.removeHook(\"action\",o,n)},removeFilter:function(o,n,r){gform.removeHook(\"filter\",o,n,r)},addHook:function(o,n,r,t,i){null==gform.hooks[o][n]&&(gform.hooks[o][n]=[]);var e=gform.hooks[o][n];null==i&&(i=n+\"_\"+e.length),gform.hooks[o][n].push({tag:i,callable:r,priority:t=null==t?10:t})},doHook:function(n,o,r){var t;if(r=Array.prototype.slice.call(r,1),null!=gform.hooks[n][o]&&((o=gform.hooks[n][o]).sort(function(o,n){return o.priority-n.priority}),o.forEach(function(o){\"function\"!=typeof(t=o.callable)&&(t=window[t]),\"action\"==n?t.apply(null,r):r[0]=t.apply(null,r)})),\"filter\"==n)return r[0]},removeHook:function(o,n,t,i){var r;null!=gform.hooks[o][n]&&(r=(r=gform.hooks[o][n]).filter(function(o,n,r){return!!(null!=i&&i!=o.tag||null!=t&&t!=o.priority)}),gform.hooks[o][n]=r)}});<\/script>\n                <div class='gf_browser_gecko gform_wrapper gravity-theme' id='gform_wrapper_14' >\n                        <div class='gform_heading'>\n                            <span class='gform_description'><\/span>\n                        <\/div><form method='post' enctype='multipart\/form-data'  id='gform_14'  action='\/es\/wp-json\/wp\/v2\/pages\/24922' novalidate>\n                        <div class='gform_body gform-body'><div id='gform_fields_14' class='gform_fields top_label form_sublabel_below description_below'><div id=\"field_14_1\"  class=\"gfield gfield_contains_required field_sublabel_below field_description_below gfield_visibility_visible\"  data-js-reload=\"field_14_1\"><label class='gfield_label screen-reader-text' for='input_14_1' >Nombre*<span class=\"gfield_required\"><span class=\"gfield_required gfield_required_text\">(Obligatorio)<\/span><\/span><\/label><div class='ginput_container ginput_container_text'><input name='input_1' id='input_14_1' type='text' value='' class='large'    placeholder='Nombre*' aria-required=\"true\" aria-invalid=\"false\"   \/> <\/div><\/div><div id=\"field_14_2\"  class=\"gfield gfield--width-full gfield_contains_required field_sublabel_below field_description_below gfield_visibility_visible\"  data-js-reload=\"field_14_2\"><label class='gfield_label screen-reader-text' for='input_14_2' >Apellido*<span class=\"gfield_required\"><span class=\"gfield_required gfield_required_text\">(Obligatorio)<\/span><\/span><\/label><div class='ginput_container ginput_container_text'><input name='input_2' id='input_14_2' type='text' value='' class='large'    placeholder='Apellido*' aria-required=\"true\" aria-invalid=\"false\"   \/> <\/div><\/div><div id=\"field_14_4\"  class=\"gfield gfield--width-full gfield_contains_required field_sublabel_below field_description_below gfield_visibility_visible\"  data-js-reload=\"field_14_4\"><label class='gfield_label screen-reader-text' for='input_14_4' >Tel\u00e9fono*<span class=\"gfield_required\"><span class=\"gfield_required gfield_required_text\">(Obligatorio)<\/span><\/span><\/label><div class='ginput_container ginput_container_phone'><input name='input_4' id='input_14_4' type='tel' value='' class='large'  placeholder='Tel\u00e9fono*' aria-required=\"true\" aria-invalid=\"false\"   \/><\/div><\/div><div id=\"field_14_5\"  class=\"gfield gfield--width-full gfield_contains_required field_sublabel_below field_description_below gfield_visibility_visible\"  data-js-reload=\"field_14_5\"><label class='gfield_label screen-reader-text' for='input_14_5' >E-mail*<span class=\"gfield_required\"><span class=\"gfield_required gfield_required_text\">(Obligatorio)<\/span><\/span><\/label><div class='ginput_container ginput_container_email'>\n                            <input name='input_5' id='input_14_5' type='email' value='' class='large'   placeholder='E-mail*' aria-required=\"true\" aria-invalid=\"false\"  \/>\n                        <\/div><\/div><div id=\"field_14_3\"  class=\"gfield gfield--width-full gfield_contains_required field_sublabel_below field_description_below gfield_visibility_visible\"  data-js-reload=\"field_14_3\"><label class='gfield_label screen-reader-text' for='input_14_3' >Cu\u00e1ntas personas ser\u00e9is*<span class=\"gfield_required\"><span class=\"gfield_required gfield_required_text\">(Obligatorio)<\/span><\/span><\/label><div class='ginput_container ginput_container_text'><input name='input_3' id='input_14_3' type='text' value='' class='large'    placeholder='Cu\u00e1ntas personas ser\u00e9is*' aria-required=\"true\" aria-invalid=\"false\"   \/> <\/div><\/div><fieldset id=\"field_14_7\"  class=\"gfield gfield--width-full gfield_contains_required field_sublabel_below field_description_below gfield_visibility_visible\"  data-js-reload=\"field_14_7\"><legend class='gfield_label gfield_label_before_complex'  >Privacidad La informaci\u00f3n proporcionada en este formulario \u00fanicamente se utilizar\u00e1 para informar de actualizaciones sobre la actividad y otros talleres relacionados. Tu privacidad es importante para nosotros. Ind\u00edcanos c\u00f3mo quieres mantener el contacto:<span class=\"gfield_required\"><span class=\"gfield_required gfield_required_text\">(Obligatorio)<\/span><\/span><\/legend><div class='ginput_container ginput_container_checkbox'><div class='gfield_checkbox' id='input_14_7'><div class='gchoice gchoice_14_7_1'>\n\t\t\t\t\t\t\t\t<input class='gfield-choice-input' name='input_7.1' type='checkbox'  value='Correo electr\u00f3nico'  id='choice_14_7_1'   aria-describedby=\"gfield_description_14_7\"\/>\n\t\t\t\t\t\t\t\t<label for='choice_14_7_1' id='label_14_7_1'>Correo electr\u00f3nico<\/label>\n\t\t\t\t\t\t\t<\/div><\/div><\/div><div class='gfield_description' id='gfield_description_14_7'>\n<\/div><\/fieldset><fieldset id=\"field_14_9\"  class=\"gfield gfield--width-full gfield_contains_required field_sublabel_below field_description_below gfield_visibility_visible\"  data-js-reload=\"field_14_9\"><legend class='gfield_label screen-reader-text gfield_label_before_complex'  ><span class=\"gfield_required\"><span class=\"gfield_required gfield_required_text\">(Obligatorio)<\/span><\/span><\/legend><div class='ginput_container ginput_container_checkbox'><div class='gfield_checkbox' id='input_14_9'><div class='gchoice gchoice_14_9_1'>\n\t\t\t\t\t\t\t\t<input class='gfield-choice-input' name='input_9.1' type='checkbox'  value='Acepto realizar el pago de la opci\u00f3n marcada el mismo d\u00eda del evento *'  id='choice_14_9_1'   aria-describedby=\"gfield_description_14_9\"\/>\n\t\t\t\t\t\t\t\t<label for='choice_14_9_1' id='label_14_9_1'>Acepto realizar el pago de la opci\u00f3n marcada el mismo d\u00eda del evento *<\/label>\n\t\t\t\t\t\t\t<\/div><\/div><\/div><div class='gfield_description' id='gfield_description_14_9'>\n<\/div><\/fieldset><fieldset id=\"field_14_10\"  class=\"gfield gfield--width-full field_sublabel_below field_description_below gfield_visibility_visible\"  data-js-reload=\"field_14_10\"><legend class='gfield_label screen-reader-text gfield_label_before_complex'  ><\/legend><div class='ginput_container ginput_container_checkbox'><div class='gfield_checkbox' id='input_14_10'><div class='gchoice gchoice_14_10_1'>\n\t\t\t\t\t\t\t\t<input class='gfield-choice-input' name='input_10.1' type='checkbox'  value='Quiero recibir novedades, promociones e informaci\u00f3n de actividades en mi correo electr\u00f3nico'  id='choice_14_10_1'   aria-describedby=\"gfield_description_14_10\"\/>\n\t\t\t\t\t\t\t\t<label for='choice_14_10_1' id='label_14_10_1'>Quiero recibir novedades, promociones e informaci\u00f3n de actividades en mi correo electr\u00f3nico<\/label>\n\t\t\t\t\t\t\t<\/div><\/div><\/div><div class='gfield_description' id='gfield_description_14_10'>\n<\/div><\/fieldset><\/div><\/div>\n        <div class='gform_footer top_label'> <input type='submit' id='gform_submit_button_14' class='gform_button button' value='Envia'  onclick='if(window[\"gf_submitting_14\"]){return false;}  if( !jQuery(\"#gform_14\")[0].checkValidity || jQuery(\"#gform_14\")[0].checkValidity()){window[\"gf_submitting_14\"]=true;}  ' onkeypress='if( event.keyCode == 13 ){ if(window[\"gf_submitting_14\"]){return false;} if( !jQuery(\"#gform_14\")[0].checkValidity || jQuery(\"#gform_14\")[0].checkValidity()){window[\"gf_submitting_14\"]=true;}  jQuery(\"#gform_14\").trigger(\"submit\",[true]); }' \/> \n            <input type='hidden' class='gform_hidden' name='is_submit_14' value='1' \/>\n            <input type='hidden' class='gform_hidden' name='gform_submit' value='14' \/>\n            \n            <input type='hidden' class='gform_hidden' name='gform_unique_id' value='' \/>\n            <input type='hidden' class='gform_hidden' name='state_14' value='WyJbXSIsIjEwMWQ2MDI3YWQzMzljZmYzNDI3NmJjYWY3NGE3YTgyIl0=' \/>\n            <input type='hidden' class='gform_hidden' name='gform_target_page_number_14' id='gform_target_page_number_14' value='0' \/>\n            <input type='hidden' class='gform_hidden' name='gform_source_page_number_14' id='gform_source_page_number_14' value='1' \/>\n            <input type='hidden' name='gform_field_values' value='' \/>\n            \n        <\/div>\n                        <\/form>\n                        <\/div>\t\t\t\t<\/div>\n\t\t\t\t\t\t\t\t<\/div>\n\t\t\t\t<\/div>\n\t\t\t\t\t<\/div>\n\t\t<\/div>\n\t\t\t\t\t<\/div>\n\t\t<\/section>\n\t\t\t\t<\/div>\n\t\t","protected":false},"excerpt":{"rendered":"<p>Hatha Yoga y Bienestar con Aceites Esenciales Nombre Apellido Ciudad de residencia Tel\u00e9fonoE-mail Privacidad La informaci\u00f3n proporcionada en este formulario \u00fanicamente se utilizar\u00e1 para informar de actualizaciones sobre la actividad y otros talleres relacionados. Tu privacidad es importante para nosotros. Ind\u00edcanos c\u00f3mo quieres mantener el contacto: Correo electr\u00f3nico<\/p>\n","protected":false},"author":5,"featured_media":0,"parent":0,"menu_order":0,"comment_status":"closed","ping_status":"closed","template":"elementor_header_footer","meta":{"_joinchat":[],"footnotes":""},"class_list":["post-24922","page","type-page","status-publish","hentry","entry","owp-thumbs-layout-horizontal","owp-btn-normal","owp-tabs-layout-horizontal","has-no-thumbnails","has-product-nav"],"_links":{"self":[{"href":"https:\/\/hoteljaponespuigpinos.com\/es\/wp-json\/wp\/v2\/pages\/24922","targetHints":{"allow":["GET"]}}],"collection":[{"href":"https:\/\/hoteljaponespuigpinos.com\/es\/wp-json\/wp\/v2\/pages"}],"about":[{"href":"https:\/\/hoteljaponespuigpinos.com\/es\/wp-json\/wp\/v2\/types\/page"}],"author":[{"embeddable":true,"href":"https:\/\/hoteljaponespuigpinos.com\/es\/wp-json\/wp\/v2\/users\/5"}],"replies":[{"embeddable":true,"href":"https:\/\/hoteljaponespuigpinos.com\/es\/wp-json\/wp\/v2\/comments?post=24922"}],"version-history":[{"count":8,"href":"https:\/\/hoteljaponespuigpinos.com\/es\/wp-json\/wp\/v2\/pages\/24922\/revisions"}],"predecessor-version":[{"id":24930,"href":"https:\/\/hoteljaponespuigpinos.com\/es\/wp-json\/wp\/v2\/pages\/24922\/revisions\/24930"}],"wp:attachment":[{"href":"https:\/\/hoteljaponespuigpinos.com\/es\/wp-json\/wp\/v2\/media?parent=24922"}],"curies":[{"name":"wp","href":"https:\/\/api.w.org\/{rel}","templated":true}]}}