{"id":26413,"date":"2025-06-13T17:41:11","date_gmt":"2025-06-13T17:41:11","guid":{"rendered":"https:\/\/hoteljaponespuigpinos.com\/?page_id=26413"},"modified":"2025-07-24T17:20:24","modified_gmt":"2025-07-24T17:20:24","slug":"talleres-y-actividades-de-julio","status":"publish","type":"page","link":"https:\/\/hoteljaponespuigpinos.com\/es\/talleres-y-actividades-de-julio\/","title":{"rendered":"Talleres y actividades de julio"},"content":{"rendered":"\t\t<div data-elementor-type=\"wp-page\" data-elementor-id=\"26413\" class=\"elementor elementor-26413 elementor-26358\" data-elementor-post-type=\"page\">\n\t\t\t\t\t\t<section class=\"elementor-section elementor-top-section elementor-element elementor-element-8ea9bab elementor-section-boxed elementor-section-height-default elementor-section-height-default jltma-glass-effect-no\" data-id=\"8ea9bab\" data-element_type=\"section\">\n\t\t\t\t\t\t<div class=\"elementor-container elementor-column-gap-default\">\n\t\t\t\t\t<div class=\"elementor-column elementor-col-100 elementor-top-column elementor-element elementor-element-7bc4bda jltma-glass-effect-no\" data-id=\"7bc4bda\" data-element_type=\"column\">\n\t\t\t<div class=\"elementor-widget-wrap elementor-element-populated\">\n\t\t\t\t\t\t<div class=\"elementor-element elementor-element-9dadaf3 jltma-glass-effect-no elementor-widget elementor-widget-heading\" data-id=\"9dadaf3\" data-element_type=\"widget\" data-widget_type=\"heading.default\">\n\t\t\t\t<div class=\"elementor-widget-container\">\n\t\t\t\t\t<h2 class=\"elementor-heading-title elementor-size-default\">Talleres y actividades de agosto<\/h2>\t\t\t\t<\/div>\n\t\t\t\t<\/div>\n\t\t\t\t<div class=\"elementor-element elementor-element-cc45424 jltma-glass-effect-no elementor-widget elementor-widget-heading\" data-id=\"cc45424\" data-element_type=\"widget\" data-widget_type=\"heading.default\">\n\t\t\t\t<div class=\"elementor-widget-container\">\n\t\t\t\t\t<h2 class=\"elementor-heading-title elementor-size-default\">Reconecta con la naturaleza y la creatividad\n<\/h2>\t\t\t\t<\/div>\n\t\t\t\t<\/div>\n\t\t\t\t\t<\/div>\n\t\t<\/div>\n\t\t\t\t\t<\/div>\n\t\t<\/section>\n\t\t\t\t<section class=\"elementor-section elementor-top-section elementor-element elementor-element-31321ae elementor-section-boxed elementor-section-height-default elementor-section-height-default jltma-glass-effect-no\" data-id=\"31321ae\" data-element_type=\"section\">\n\t\t\t\t\t\t<div class=\"elementor-container elementor-column-gap-default\">\n\t\t\t\t\t<div class=\"elementor-column elementor-col-50 elementor-top-column elementor-element elementor-element-8e5ca4f jltma-glass-effect-no\" data-id=\"8e5ca4f\" data-element_type=\"column\">\n\t\t\t<div class=\"elementor-widget-wrap elementor-element-populated\">\n\t\t\t\t\t\t<div class=\"elementor-element elementor-element-ff1dc75 jltma-glass-effect-no elementor-widget elementor-widget-text-editor\" data-id=\"ff1dc75\" data-element_type=\"widget\" data-widget_type=\"text-editor.default\">\n\t\t\t\t<div class=\"elementor-widget-container\">\n\t\t\t\t\t\t\t\t\t<p data-start=\"64\" data-end=\"307\">Este verano, en el <em data-start=\"173\" data-end=\"198\">Hotel Japon\u00e8s Puigpin\u00f3s<\/em>, abrimos las puertas a experiencias que cuidan el cuerpo y la mente, inspiradas en la sensibilidad japonesa.<\/p><p data-start=\"309\" data-end=\"396\">Todas las actividades est\u00e1n abiertas al p\u00fablico, con grupos reducidos y reserva previa.<\/p>\t\t\t\t\t\t\t\t<\/div>\n\t\t\t\t<\/div>\n\t\t\t\t<div class=\"elementor-element elementor-element-5daf952 jltma-glass-effect-no elementor-widget elementor-widget-heading\" data-id=\"5daf952\" data-element_type=\"widget\" data-widget_type=\"heading.default\">\n\t\t\t\t<div class=\"elementor-widget-container\">\n\t\t\t\t\t<h2 class=\"elementor-heading-title elementor-size-default\">Taller de cuencos cer\u00e1micos e ikebana \u2013 2 de agosto\n<\/h2>\t\t\t\t<\/div>\n\t\t\t\t<\/div>\n\t\t\t\t<div class=\"elementor-element elementor-element-7ed3a36 jltma-glass-effect-no elementor-widget elementor-widget-text-editor\" data-id=\"7ed3a36\" data-element_type=\"widget\" data-widget_type=\"text-editor.default\">\n\t\t\t\t<div class=\"elementor-widget-container\">\n\t\t\t\t\t\t\t\t\t<p data-start=\"398\" data-end=\"826\">Una tarde para crear con las manos y reconectar con la belleza de las formas simples.<br data-start=\"541\" data-end=\"544\" \/>Empezaremos con una pr\u00e1ctica de meditaci\u00f3n t\u00e1ctil con los ojos cerrados, para explorar el barro desde la intuici\u00f3n y el silencio.<br data-start=\"673\" data-end=\"676\" \/>Crearemos un cuenco de formas org\u00e1nicas con barros texturizados y, para terminar, asistiremos a una demostraci\u00f3n de <em data-start=\"792\" data-end=\"801\">ikebana<\/em>, el arte floral japon\u00e9s.<\/p><p data-start=\"828\" data-end=\"1003\"><strong>Horario:<\/strong> de 17:00 a 19:30 h<br data-start=\"855\" data-end=\"858\" \/><strong>Grupo reducido:<\/strong> m\u00ednimo 5 \u2013 m\u00e1ximo 10 personas<br data-start=\"903\" data-end=\"906\" \/><strong>Precio:<\/strong> 75 \u20ac por persona (material incluido)<br data-start=\"950\" data-end=\"953\" \/><em data-start=\"953\" data-end=\"1003\">El env\u00edo a domicilio del cuenco no est\u00e1 incluido<\/em><\/p>\t\t\t\t\t\t\t\t<\/div>\n\t\t\t\t<\/div>\n\t\t\t\t<div class=\"elementor-element elementor-element-62aeaf3 jltma-glass-effect-no elementor-widget elementor-widget-heading\" data-id=\"62aeaf3\" data-element_type=\"widget\" data-widget_type=\"heading.default\">\n\t\t\t\t<div class=\"elementor-widget-container\">\n\t\t\t\t\t<h2 class=\"elementor-heading-title elementor-size-default\">Yoga + ba\u00f1o \u2013 10 de agosto\n<\/h2>\t\t\t\t<\/div>\n\t\t\t\t<\/div>\n\t\t\t\t<div class=\"elementor-element elementor-element-394a682 jltma-glass-effect-no elementor-widget elementor-widget-text-editor\" data-id=\"394a682\" data-element_type=\"widget\" data-widget_type=\"text-editor.default\">\n\t\t\t\t<div class=\"elementor-widget-container\">\n\t\t\t\t\t\t\t\t\t<p data-start=\"1005\" data-end=\"1176\">Una propuesta matinal para desconectar y cuidarte: sesi\u00f3n suave de yoga y ba\u00f1o relajante en la piscina.<\/p><p data-start=\"1178\" data-end=\"1275\" data-is-last-node=\"\" data-is-only-node=\"\"><strong>Horario:<\/strong> a las 10:30 h<br data-start=\"1200\" data-end=\"1203\" \/><strong>Grupo reducido:<\/strong> m\u00ednimo 5 \u2013 m\u00e1ximo 10 personas<br data-start=\"1248\" data-end=\"1251\" \/><strong>Precio:<\/strong> 25 \u20ac por persona<\/p>\t\t\t\t\t\t\t\t<\/div>\n\t\t\t\t<\/div>\n\t\t\t\t\t<\/div>\n\t\t<\/div>\n\t\t\t\t<div class=\"elementor-column elementor-col-50 elementor-top-column elementor-element elementor-element-ea77591 jltma-glass-effect-no\" data-id=\"ea77591\" data-element_type=\"column\">\n\t\t\t<div class=\"elementor-widget-wrap elementor-element-populated\">\n\t\t\t\t\t\t<div class=\"elementor-element elementor-element-62ded7e jltma-glass-effect-no elementor-widget elementor-widget-image\" data-id=\"62ded7e\" data-element_type=\"widget\" data-widget_type=\"image.default\">\n\t\t\t\t<div class=\"elementor-widget-container\">\n\t\t\t\t\t\t\t\t\t\t\t\t\t\t\t<img fetchpriority=\"high\" decoding=\"async\" width=\"576\" height=\"1024\" src=\"https:\/\/hoteljaponespuigpinos.com\/wp-content\/uploads\/2025\/07\/anna-cicognani-RRl4UPoC-8E-unsplash-2-576x1024.png\" class=\"attachment-large size-large wp-image-26547\" alt=\"\" srcset=\"https:\/\/hoteljaponespuigpinos.com\/wp-content\/uploads\/2025\/07\/anna-cicognani-RRl4UPoC-8E-unsplash-2-576x1024.png 576w, https:\/\/hoteljaponespuigpinos.com\/wp-content\/uploads\/2025\/07\/anna-cicognani-RRl4UPoC-8E-unsplash-2-169x300.png 169w, https:\/\/hoteljaponespuigpinos.com\/wp-content\/uploads\/2025\/07\/anna-cicognani-RRl4UPoC-8E-unsplash-2-768x1365.png 768w, https:\/\/hoteljaponespuigpinos.com\/wp-content\/uploads\/2025\/07\/anna-cicognani-RRl4UPoC-8E-unsplash-2-864x1536.png 864w, https:\/\/hoteljaponespuigpinos.com\/wp-content\/uploads\/2025\/07\/anna-cicognani-RRl4UPoC-8E-unsplash-2-600x1067.png 600w, https:\/\/hoteljaponespuigpinos.com\/wp-content\/uploads\/2025\/07\/anna-cicognani-RRl4UPoC-8E-unsplash-2.png 1080w\" sizes=\"(max-width: 576px) 100vw, 576px\" \/>\t\t\t\t\t\t\t\t\t\t\t\t\t\t\t<\/div>\n\t\t\t\t<\/div>\n\t\t\t\t\t<\/div>\n\t\t<\/div>\n\t\t\t\t\t<\/div>\n\t\t<\/section>\n\t\t\t\t<section class=\"elementor-section elementor-top-section elementor-element elementor-element-aeeaf90 elementor-section-boxed elementor-section-height-default elementor-section-height-default jltma-glass-effect-no\" data-id=\"aeeaf90\" data-element_type=\"section\">\n\t\t\t\t\t\t<div class=\"elementor-container elementor-column-gap-default\">\n\t\t\t\t\t<div class=\"elementor-column elementor-col-100 elementor-top-column elementor-element elementor-element-a001e57 jltma-glass-effect-no\" data-id=\"a001e57\" data-element_type=\"column\">\n\t\t\t<div class=\"elementor-widget-wrap elementor-element-populated\">\n\t\t\t\t\t\t<div class=\"elementor-element elementor-element-b01fdb3 jltma-glass-effect-no elementor-widget elementor-widget-heading\" data-id=\"b01fdb3\" data-element_type=\"widget\" data-widget_type=\"heading.default\">\n\t\t\t\t<div class=\"elementor-widget-container\">\n\t\t\t\t\t<h2 class=\"elementor-heading-title elementor-size-default\">Inscripciones abiertas<\/h2>\t\t\t\t<\/div>\n\t\t\t\t<\/div>\n\t\t\t\t<div class=\"elementor-element elementor-element-e2a3cc4 jltma-glass-effect-no elementor-widget elementor-widget-text-editor\" data-id=\"e2a3cc4\" data-element_type=\"widget\" data-widget_type=\"text-editor.default\">\n\t\t\t\t<div class=\"elementor-widget-container\">\n\t\t\t\t\t\t\t\t\t<p data-start=\"71\" data-end=\"240\">Rellena el formulario y selecciona las actividades que te interesen.<br data-start=\"168\" data-end=\"171\" \/>El pago se realizar\u00e1 directamente en el hotel el d\u00eda de la actividad.<\/p>\t\t\t\t\t\t\t\t<\/div>\n\t\t\t\t<\/div>\n\t\t\t\t\t<\/div>\n\t\t<\/div>\n\t\t\t\t\t<\/div>\n\t\t<\/section>\n\t\t\t\t<section class=\"elementor-section elementor-top-section elementor-element elementor-element-dc2d18a elementor-section-boxed elementor-section-height-default elementor-section-height-default jltma-glass-effect-no\" data-id=\"dc2d18a\" data-element_type=\"section\">\n\t\t\t\t\t\t<div class=\"elementor-container elementor-column-gap-default\">\n\t\t\t\t\t<div class=\"elementor-column elementor-col-100 elementor-top-column elementor-element elementor-element-f5e7563 jltma-glass-effect-no\" data-id=\"f5e7563\" data-element_type=\"column\">\n\t\t\t<div class=\"elementor-widget-wrap elementor-element-populated\">\n\t\t\t\t\t\t<div class=\"elementor-element elementor-element-7aeaf6b jltma-glass-effect-no elementor-widget elementor-widget-shortcode\" data-id=\"7aeaf6b\" data-element_type=\"widget\" data-widget_type=\"shortcode.default\">\n\t\t\t\t<div class=\"elementor-widget-container\">\n\t\t\t\t\t\t\t<div class=\"elementor-shortcode\"><script type=\"text\/javascript\">var gform;gform||(document.addEventListener(\"gform_main_scripts_loaded\",function(){gform.scriptsLoaded=!0}),window.addEventListener(\"DOMContentLoaded\",function(){gform.domLoaded=!0}),gform={domLoaded:!1,scriptsLoaded:!1,initializeOnLoaded:function(o){gform.domLoaded&&gform.scriptsLoaded?o():!gform.domLoaded&&gform.scriptsLoaded?window.addEventListener(\"DOMContentLoaded\",o):document.addEventListener(\"gform_main_scripts_loaded\",o)},hooks:{action:{},filter:{}},addAction:function(o,n,r,t){gform.addHook(\"action\",o,n,r,t)},addFilter:function(o,n,r,t){gform.addHook(\"filter\",o,n,r,t)},doAction:function(o){gform.doHook(\"action\",o,arguments)},applyFilters:function(o){return gform.doHook(\"filter\",o,arguments)},removeAction:function(o,n){gform.removeHook(\"action\",o,n)},removeFilter:function(o,n,r){gform.removeHook(\"filter\",o,n,r)},addHook:function(o,n,r,t,i){null==gform.hooks[o][n]&&(gform.hooks[o][n]=[]);var e=gform.hooks[o][n];null==i&&(i=n+\"_\"+e.length),gform.hooks[o][n].push({tag:i,callable:r,priority:t=null==t?10:t})},doHook:function(n,o,r){var t;if(r=Array.prototype.slice.call(r,1),null!=gform.hooks[n][o]&&((o=gform.hooks[n][o]).sort(function(o,n){return o.priority-n.priority}),o.forEach(function(o){\"function\"!=typeof(t=o.callable)&&(t=window[t]),\"action\"==n?t.apply(null,r):r[0]=t.apply(null,r)})),\"filter\"==n)return r[0]},removeHook:function(o,n,t,i){var r;null!=gform.hooks[o][n]&&(r=(r=gform.hooks[o][n]).filter(function(o,n,r){return!!(null!=i&&i!=o.tag||null!=t&&t!=o.priority)}),gform.hooks[o][n]=r)}});<\/script>\n                <div class='gf_browser_gecko gform_wrapper gravity-theme' id='gform_wrapper_18' >\n                        <div class='gform_heading'>\n                            <h2 class=\"gform_title\">Talleres de verano<\/h2>\n                            <span class='gform_description'><\/span>\n                        <\/div><form method='post' enctype='multipart\/form-data'  id='gform_18'  action='\/es\/wp-json\/wp\/v2\/pages\/26413' novalidate>\n                        <div class='gform_body gform-body'><div id='gform_fields_18' class='gform_fields top_label form_sublabel_below description_below'><div id=\"field_18_1\"  class=\"gfield gfield_contains_required field_sublabel_below field_description_below gfield_visibility_visible\"  data-js-reload=\"field_18_1\"><label class='gfield_label screen-reader-text' for='input_18_1' >Nombre y apellidos<span class=\"gfield_required\"><span class=\"gfield_required gfield_required_text\">(Obligatorio)<\/span><\/span><\/label><div class='ginput_container ginput_container_text'><input name='input_1' id='input_18_1' type='text' value='' class='large'    placeholder='Nombre y apellidos' aria-required=\"true\" aria-invalid=\"false\"   \/> <\/div><\/div><div id=\"field_18_6\"  class=\"gfield gfield--width-full gfield_contains_required field_sublabel_below field_description_below gfield_visibility_visible\"  data-js-reload=\"field_18_6\"><label class='gfield_label screen-reader-text' for='input_18_6' >Correo electr\u00f3nico<span class=\"gfield_required\"><span class=\"gfield_required gfield_required_text\">(Obligatorio)<\/span><\/span><\/label><div class='ginput_container ginput_container_email'>\n                            <input name='input_6' id='input_18_6' type='email' value='' class='large'   placeholder='Correo electr\u00f3nico' aria-required=\"true\" aria-invalid=\"false\"  \/>\n                        <\/div><\/div><div id=\"field_18_10\"  class=\"gfield gfield--width-full field_sublabel_below field_description_below gfield_visibility_visible\"  data-js-reload=\"field_18_10\"><label class='gfield_label screen-reader-text' for='input_18_10' >Tel\u00e9fono de contacto<\/label><div class='ginput_container ginput_container_text'><input name='input_10' id='input_18_10' type='text' value='' class='large'    placeholder='Tel\u00e9fono de contacto'  aria-invalid=\"false\"   \/> <\/div><\/div><fieldset id=\"field_18_8\"  class=\"gfield gfield--width-full gfield_contains_required field_sublabel_below field_description_below gfield_visibility_visible\"  data-js-reload=\"field_18_8\"><legend class='gfield_label gfield_label_before_complex'  >Selecciona el\/los taller(es) que te interesan<span class=\"gfield_required\"><span class=\"gfield_required gfield_required_text\">(Obligatorio)<\/span><\/span><\/legend><div class='ginput_container ginput_container_checkbox'><div class='gfield_checkbox' id='input_18_8'><div class='gchoice gchoice_18_8_1'>\n\t\t\t\t\t\t\t\t<input class='gfield-choice-input' name='input_8.1' type='checkbox'  value='Yoga + ba\u00f1o \u2013 10 de agosto'  id='choice_18_8_1'   \/>\n\t\t\t\t\t\t\t\t<label for='choice_18_8_1' id='label_18_8_1'>Yoga + ba\u00f1o \u2013 10 de agosto<\/label>\n\t\t\t\t\t\t\t<\/div><\/div><\/div><\/fieldset><div id=\"field_18_9\"  class=\"gfield gfield--width-full field_sublabel_below field_description_below gfield_visibility_visible\"  data-js-reload=\"field_18_9\"><label class='gfield_label' for='input_18_9' >\u00bfQuieres hacer alg\u00fan comentario o consulta?          Preguntar a ChatGPT<\/label><div class='ginput_container ginput_container_textarea'><textarea name='input_9' id='input_18_9' class='textarea large'      aria-invalid=\"false\"   rows='10' cols='50'><\/textarea><\/div><\/div><fieldset id=\"field_18_7\"  class=\"gfield gfield--width-full gfield_contains_required field_sublabel_below field_description_below gfield_visibility_visible\"  data-js-reload=\"field_18_7\"><legend class='gfield_label gfield_label_before_complex'  >*Privacitat La informaci\u00f3 proporcionada en aquest formulari \u00fanicament s&#039;utilitzar\u00e0 per informar d&#039;actualitzacions sobre l&#039;activitat i altres tallers relacionats. La teva privacitat \u00e9s important per a nosaltres. Indica&#039;ns com vols mantenir el contacte:<span class=\"gfield_required\"><span class=\"gfield_required gfield_required_text\">(Obligatorio)<\/span><\/span><\/legend><div class='ginput_container ginput_container_checkbox'><div class='gfield_checkbox' id='input_18_7'><div class='gchoice gchoice_18_7_1'>\n\t\t\t\t\t\t\t\t<input class='gfield-choice-input' name='input_7.1' type='checkbox'  value='Correu electr\u00f2nic'  id='choice_18_7_1'   \/>\n\t\t\t\t\t\t\t\t<label for='choice_18_7_1' id='label_18_7_1'>Correu electr\u00f2nic<\/label>\n\t\t\t\t\t\t\t<\/div><\/div><\/div><\/fieldset><\/div><\/div>\n        <div class='gform_footer top_label'> <input type='submit' id='gform_submit_button_18' class='gform_button button' value='Envia'  onclick='if(window[\"gf_submitting_18\"]){return false;}  if( !jQuery(\"#gform_18\")[0].checkValidity || jQuery(\"#gform_18\")[0].checkValidity()){window[\"gf_submitting_18\"]=true;}  ' onkeypress='if( event.keyCode == 13 ){ if(window[\"gf_submitting_18\"]){return false;} if( !jQuery(\"#gform_18\")[0].checkValidity || jQuery(\"#gform_18\")[0].checkValidity()){window[\"gf_submitting_18\"]=true;}  jQuery(\"#gform_18\").trigger(\"submit\",[true]); }' \/> \n            <input type='hidden' class='gform_hidden' name='is_submit_18' value='1' \/>\n            <input type='hidden' class='gform_hidden' name='gform_submit' value='18' \/>\n            \n            <input type='hidden' class='gform_hidden' name='gform_unique_id' value='' \/>\n            <input type='hidden' class='gform_hidden' name='state_18' value='WyJbXSIsIjEwMWQ2MDI3YWQzMzljZmYzNDI3NmJjYWY3NGE3YTgyIl0=' \/>\n            <input type='hidden' class='gform_hidden' name='gform_target_page_number_18' id='gform_target_page_number_18' value='0' \/>\n            <input type='hidden' class='gform_hidden' name='gform_source_page_number_18' id='gform_source_page_number_18' value='1' \/>\n            <input type='hidden' name='gform_field_values' value='' \/>\n            \n        <\/div>\n                        <\/form>\n                        <\/div><\/div>\n\t\t\t\t\t\t<\/div>\n\t\t\t\t<\/div>\n\t\t\t\t\t<\/div>\n\t\t<\/div>\n\t\t\t\t\t<\/div>\n\t\t<\/section>\n\t\t\t\t<section class=\"elementor-section elementor-top-section elementor-element elementor-element-7b728f0 elementor-section-boxed elementor-section-height-default elementor-section-height-default jltma-glass-effect-no\" data-id=\"7b728f0\" data-element_type=\"section\">\n\t\t\t\t\t\t<div class=\"elementor-container elementor-column-gap-default\">\n\t\t\t\t\t<div class=\"elementor-column elementor-col-100 elementor-top-column elementor-element elementor-element-777eb5f jltma-glass-effect-no\" data-id=\"777eb5f\" data-element_type=\"column\">\n\t\t\t<div class=\"elementor-widget-wrap elementor-element-populated\">\n\t\t\t\t\t\t<div class=\"elementor-element elementor-element-41f0dda jltma-glass-effect-no elementor-widget elementor-widget-html\" data-id=\"41f0dda\" data-element_type=\"widget\" data-widget_type=\"html.default\">\n\t\t\t\t<div class=\"elementor-widget-container\">\n\t\t\t\t\t<style>\r\nh5 a {color: #424242\r\n}!important\r\n\r\n\r\n\r\n\r\n\r\n<\/style>\t\t\t\t<\/div>\n\t\t\t\t<\/div>\n\t\t\t\t\t<\/div>\n\t\t<\/div>\n\t\t\t\t\t<\/div>\n\t\t<\/section>\n\t\t\t\t<\/div>\n\t\t","protected":false},"excerpt":{"rendered":"<p>Talleres y actividades de agosto Reconecta con la naturaleza y la creatividad Este verano, en el Hotel Japon\u00e8s Puigpin\u00f3s, abrimos las puertas a experiencias que cuidan el cuerpo y la mente, inspiradas en la sensibilidad japonesa. Todas las actividades est\u00e1n abiertas al p\u00fablico, con grupos reducidos y reserva previa. Taller de cuencos cer\u00e1micos e ikebana [&hellip;]<\/p>\n","protected":false},"author":5,"featured_media":0,"parent":0,"menu_order":0,"comment_status":"closed","ping_status":"closed","template":"","meta":{"_joinchat":[],"footnotes":""},"class_list":["post-26413","page","type-page","status-publish","hentry","entry","owp-thumbs-layout-horizontal","owp-btn-normal","owp-tabs-layout-horizontal","has-no-thumbnails","has-product-nav"],"_links":{"self":[{"href":"https:\/\/hoteljaponespuigpinos.com\/es\/wp-json\/wp\/v2\/pages\/26413","targetHints":{"allow":["GET"]}}],"collection":[{"href":"https:\/\/hoteljaponespuigpinos.com\/es\/wp-json\/wp\/v2\/pages"}],"about":[{"href":"https:\/\/hoteljaponespuigpinos.com\/es\/wp-json\/wp\/v2\/types\/page"}],"author":[{"embeddable":true,"href":"https:\/\/hoteljaponespuigpinos.com\/es\/wp-json\/wp\/v2\/users\/5"}],"replies":[{"embeddable":true,"href":"https:\/\/hoteljaponespuigpinos.com\/es\/wp-json\/wp\/v2\/comments?post=26413"}],"version-history":[{"count":22,"href":"https:\/\/hoteljaponespuigpinos.com\/es\/wp-json\/wp\/v2\/pages\/26413\/revisions"}],"predecessor-version":[{"id":26585,"href":"https:\/\/hoteljaponespuigpinos.com\/es\/wp-json\/wp\/v2\/pages\/26413\/revisions\/26585"}],"wp:attachment":[{"href":"https:\/\/hoteljaponespuigpinos.com\/es\/wp-json\/wp\/v2\/media?parent=26413"}],"curies":[{"name":"wp","href":"https:\/\/api.w.org\/{rel}","templated":true}]}}