{"id":4091,"date":"2022-03-18T20:02:50","date_gmt":"2022-03-18T20:02:50","guid":{"rendered":"https:\/\/hoteljaponespuigpinos.com\/regala-puigpinos\/"},"modified":"2026-01-20T13:30:07","modified_gmt":"2026-01-20T13:30:07","slug":"regala-puigpinos","status":"publish","type":"page","link":"https:\/\/hoteljaponespuigpinos.com\/es\/regala-puigpinos\/","title":{"rendered":"REGALA PUIGPIN\u00d3S"},"content":{"rendered":"\t\t<div data-elementor-type=\"wp-page\" data-elementor-id=\"4091\" class=\"elementor elementor-4091 elementor-2957\" data-elementor-post-type=\"page\">\n\t\t\t\t\t\t<section class=\"elementor-section elementor-top-section elementor-element elementor-element-5e4eeb5 elementor-section-full_width elementor-section-height-default elementor-section-height-default jltma-glass-effect-no\" data-id=\"5e4eeb5\" data-element_type=\"section\" data-settings=\"{&quot;background_background&quot;:&quot;classic&quot;}\">\n\t\t\t\t\t\t\t<div class=\"elementor-background-overlay\"><\/div>\n\t\t\t\t\t\t\t<div class=\"elementor-container elementor-column-gap-no\">\n\t\t\t\t\t<div class=\"elementor-column elementor-col-100 elementor-top-column elementor-element elementor-element-3cf7e2e jltma-glass-effect-no\" data-id=\"3cf7e2e\" data-element_type=\"column\">\n\t\t\t<div class=\"elementor-widget-wrap elementor-element-populated\">\n\t\t\t\t\t\t<div class=\"elementor-element elementor-element-907b943 jltma-glass-effect-no elementor-widget elementor-widget-heading\" data-id=\"907b943\" data-element_type=\"widget\" data-widget_type=\"heading.default\">\n\t\t\t\t<div class=\"elementor-widget-container\">\n\t\t\t\t\t<h2 class=\"elementor-heading-title elementor-size-default\">REGALA PUIGPIN\u00d3S<\/h2>\t\t\t\t<\/div>\n\t\t\t\t<\/div>\n\t\t\t\t<div class=\"elementor-element elementor-element-b6d2bda jltma-glass-effect-no elementor-widget elementor-widget-heading\" data-id=\"b6d2bda\" data-element_type=\"widget\" data-widget_type=\"heading.default\">\n\t\t\t\t<div class=\"elementor-widget-container\">\n\t\t\t\t\t<h2 class=\"elementor-heading-title elementor-size-default\">\u30ae\u30d5\u30c8\n<\/h2>\t\t\t\t<\/div>\n\t\t\t\t<\/div>\n\t\t\t\t\t<\/div>\n\t\t<\/div>\n\t\t\t\t\t<\/div>\n\t\t<\/section>\n\t\t\t\t<section class=\"elementor-section elementor-top-section elementor-element elementor-element-6ea843e elementor-hidden-tablet elementor-hidden-mobile elementor-section-boxed elementor-section-height-default elementor-section-height-default jltma-glass-effect-no\" data-id=\"6ea843e\" data-element_type=\"section\">\n\t\t\t\t\t\t<div class=\"elementor-container elementor-column-gap-default\">\n\t\t\t\t\t<div class=\"elementor-column elementor-col-50 elementor-top-column elementor-element elementor-element-858033c jltma-glass-effect-no\" data-id=\"858033c\" data-element_type=\"column\">\n\t\t\t<div class=\"elementor-widget-wrap elementor-element-populated\">\n\t\t\t\t\t\t<div class=\"elementor-element elementor-element-8e8cbcc jltma-glass-effect-no elementor-widget elementor-widget-image\" data-id=\"8e8cbcc\" data-element_type=\"widget\" data-widget_type=\"image.default\">\n\t\t\t\t<div class=\"elementor-widget-container\">\n\t\t\t\t\t\t\t\t\t\t\t\t\t\t\t<img decoding=\"async\" src=\"https:\/\/hoteljaponespuigpinos.com\/wp-content\/uploads\/elementor\/thumbs\/puigpinos_icono_regala-qrvlgsnl4l30khj9ug308c5m6s4z2r6qfvpizppt60.png\" title=\"puigpinos_icono_regala\" alt=\"puigpinos_icono_regala\" loading=\"lazy\" \/>\t\t\t\t\t\t\t\t\t\t\t\t\t\t\t<\/div>\n\t\t\t\t<\/div>\n\t\t\t\t\t<\/div>\n\t\t<\/div>\n\t\t\t\t<div class=\"elementor-column elementor-col-50 elementor-top-column elementor-element elementor-element-ba43756 jltma-glass-effect-no\" data-id=\"ba43756\" data-element_type=\"column\">\n\t\t\t<div class=\"elementor-widget-wrap\">\n\t\t\t\t\t\t\t<\/div>\n\t\t<\/div>\n\t\t\t\t\t<\/div>\n\t\t<\/section>\n\t\t\t\t<section class=\"elementor-section elementor-top-section elementor-element elementor-element-b77b1ca elementor-section-boxed elementor-section-height-default elementor-section-height-default jltma-glass-effect-no\" data-id=\"b77b1ca\" data-element_type=\"section\">\n\t\t\t\t\t\t<div class=\"elementor-container elementor-column-gap-default\">\n\t\t\t\t\t<div class=\"elementor-column elementor-col-100 elementor-top-column elementor-element elementor-element-11bd594 jltma-glass-effect-no\" data-id=\"11bd594\" data-element_type=\"column\">\n\t\t\t<div class=\"elementor-widget-wrap elementor-element-populated\">\n\t\t\t\t\t\t<div class=\"elementor-element elementor-element-3aa51b3 jltma-glass-effect-no elementor-widget elementor-widget-heading\" data-id=\"3aa51b3\" data-element_type=\"widget\" data-widget_type=\"heading.default\">\n\t\t\t\t<div class=\"elementor-widget-container\">\n\t\t\t\t\t<h2 class=\"elementor-heading-title elementor-size-default\">Regala SUNAO \u7d20\u76f4 <\/h2>\t\t\t\t<\/div>\n\t\t\t\t<\/div>\n\t\t\t\t<div class=\"elementor-element elementor-element-031e385 jltma-glass-effect-no elementor-widget elementor-widget-heading\" data-id=\"031e385\" data-element_type=\"widget\" data-widget_type=\"heading.default\">\n\t\t\t\t<div class=\"elementor-widget-container\">\n\t\t\t\t\t<h2 class=\"elementor-heading-title elementor-size-default\">ser fiel a los principios\n\n<\/h2>\t\t\t\t<\/div>\n\t\t\t\t<\/div>\n\t\t\t\t<div class=\"elementor-element elementor-element-478e4ff jltma-glass-effect-no elementor-widget elementor-widget-heading\" data-id=\"478e4ff\" data-element_type=\"widget\" data-widget_type=\"heading.default\">\n\t\t\t\t<div class=\"elementor-widget-container\">\n\t\t\t\t\t<h2 class=\"elementor-heading-title elementor-size-default\">\nHabitaciones TSUKI, KAZE, ISHI\n<\/h2>\t\t\t\t<\/div>\n\t\t\t\t<\/div>\n\t\t\t\t<div class=\"elementor-element elementor-element-dae6b7c jltma-glass-effect-no elementor-widget elementor-widget-text-editor\" data-id=\"dae6b7c\" data-element_type=\"widget\" data-widget_type=\"text-editor.default\">\n\t\t\t\t<div class=\"elementor-widget-container\">\n\t\t\t\t\t\t\t\t\t<p><b>Opci\u00f3n SUNAO 1 Incluye: <\/b><\/p><ul><li style=\"font-weight: 400;\" aria-level=\"1\"><span style=\"font-weight: 400;\">1 noche en habitaci\u00f3n doble estilo japon\u00e9s en tatami y fut\u00f3n, con desayuno a escoger (tradicional catal\u00e1n o japon\u00e9s).\u00a0<\/span><\/li><\/ul><div><p style=\"font-variant-ligatures: normal; font-variant-caps: normal; font-family: MrEavesVeintitres, sans-serif; font-size: 16px; font-style: normal; font-weight: 400;\" data-pm-slice=\"1 1 []\"><em><span style=\"font-size: 16px; font-weight: 600;\">*Se puede reservar siempre en d\u00edas de entre semana (jueves o domingo). En fin de semana, el hotel tiene reserva m\u00ednima de dos noches.<\/span><\/em><\/p><\/div><p><strong>Precio para dos personas 210\u20ac<\/strong><\/p><p><b>Opci\u00f3n SUNAO 2. Incluye: <\/b><\/p><ul><li style=\"font-weight: 400;\" aria-level=\"1\"><span style=\"font-weight: 400;\">2 noches en habitaci\u00f3n doble estilo japon\u00e9s en tatami y fut\u00f3n, con desayuno a escoger (tradicional catal\u00e1n o japon\u00e9s)<\/span><\/li><\/ul><p data-pm-slice=\"1 1 []\"><strong style=\"font-size: 16px;\">Precio para dos personas 420\u20ac<\/strong><\/p><p><b>Opci\u00f3n SUNAO 3. Incluye: <\/b><\/p><p>\u2022\u2060 1 noche en habitaci\u00f3n doble estilo japon\u00e9s con tatami y fut\u00f3n, con desayuno a elegir (tradicional catal\u00e1n o japon\u00e9s).<br data-start=\"696\" data-end=\"699\" \/>\u2022\u2060 Cena men\u00fa degustaci\u00f3n japon\u00e9s.<br \/><br \/><em><span style=\"font-size: 16px; font-weight: 600;\">*Se puede reservar siempre en d\u00edas de entre semana (jueves o domingo). En fin de semana, el hotel tiene reserva m\u00ednima de dos noches.<\/span><\/em><\/p><p data-pm-slice=\"1 1 []\"><strong style=\"font-size: 16px;\">Precio para dos personas 330\u20ac<br \/><\/strong><\/p><p><b><br \/>Opci\u00f3n SUNAO 4. Incluye: <\/b><\/p><p>\u2022\u2060 2 noches en habitaci\u00f3n doble estilo japon\u00e9s con tatami y fut\u00f3n, con desayuno a elegir (tradicional catal\u00e1n o japon\u00e9s).<br data-start=\"913\" data-end=\"916\" \/>\u2022\u2060 Cena men\u00fa degustaci\u00f3n japon\u00e9s.<\/p><p data-pm-slice=\"1 1 []\"><strong style=\"font-size: 16px;\">Precio para dos personas 540\u20ac<\/strong><\/p>\t\t\t\t\t\t\t\t<\/div>\n\t\t\t\t<\/div>\n\t\t\t\t<div class=\"elementor-element elementor-element-c903323 elementor-mobile-align-center jltma-glass-effect-no elementor-widget elementor-widget-button\" data-id=\"c903323\" data-element_type=\"widget\" data-widget_type=\"button.default\">\n\t\t\t\t<div class=\"elementor-widget-container\">\n\t\t\t\t\t\t\t\t\t<div class=\"elementor-button-wrapper\">\n\t\t\t\t\t<a class=\"elementor-button elementor-button-link elementor-size-sm\" href=\"https:\/\/hoteljaponespuigpinos.com\/es\/producto\/regala-sunao-%e7%b4%a0%e7%9b%b4-2\/\">\n\t\t\t\t\t\t<span class=\"elementor-button-content-wrapper\">\n\t\t\t\t\t\t\t\t\t<span class=\"elementor-button-text\">Comprar<\/span>\n\t\t\t\t\t<\/span>\n\t\t\t\t\t<\/a>\n\t\t\t\t<\/div>\n\t\t\t\t\t\t\t\t<\/div>\n\t\t\t\t<\/div>\n\t\t\t\t<div class=\"elementor-element elementor-element-9d1863b jltma-glass-effect-no elementor-widget elementor-widget-image\" data-id=\"9d1863b\" data-element_type=\"widget\" data-widget_type=\"image.default\">\n\t\t\t\t<div class=\"elementor-widget-container\">\n\t\t\t\t\t\t\t\t\t\t\t\t\t\t\t<img fetchpriority=\"high\" decoding=\"async\" width=\"2560\" height=\"1708\" src=\"https:\/\/hoteljaponespuigpinos.com\/wp-content\/uploads\/2025\/12\/HJP_-35-scaled.webp\" class=\"attachment-full size-full wp-image-27361\" alt=\"\" srcset=\"https:\/\/hoteljaponespuigpinos.com\/wp-content\/uploads\/2025\/12\/HJP_-35-scaled.webp 2560w, https:\/\/hoteljaponespuigpinos.com\/wp-content\/uploads\/2025\/12\/HJP_-35-300x200.webp 300w, https:\/\/hoteljaponespuigpinos.com\/wp-content\/uploads\/2025\/12\/HJP_-35-1024x683.webp 1024w, https:\/\/hoteljaponespuigpinos.com\/wp-content\/uploads\/2025\/12\/HJP_-35-768x512.webp 768w, https:\/\/hoteljaponespuigpinos.com\/wp-content\/uploads\/2025\/12\/HJP_-35-1536x1025.webp 1536w, https:\/\/hoteljaponespuigpinos.com\/wp-content\/uploads\/2025\/12\/HJP_-35-2048x1366.webp 2048w, https:\/\/hoteljaponespuigpinos.com\/wp-content\/uploads\/2025\/12\/HJP_-35-600x400.webp 600w, https:\/\/hoteljaponespuigpinos.com\/wp-content\/uploads\/2025\/12\/HJP_-35-66x43.webp 66w\" sizes=\"(max-width: 2560px) 100vw, 2560px\" \/>\t\t\t\t\t\t\t\t\t\t\t\t\t\t\t<\/div>\n\t\t\t\t<\/div>\n\t\t\t\t\t<\/div>\n\t\t<\/div>\n\t\t\t\t\t<\/div>\n\t\t<\/section>\n\t\t\t\t<section class=\"elementor-section elementor-top-section elementor-element elementor-element-04a7658 elementor-section-boxed elementor-section-height-default elementor-section-height-default jltma-glass-effect-no\" data-id=\"04a7658\" data-element_type=\"section\">\n\t\t\t\t\t\t<div class=\"elementor-container elementor-column-gap-default\">\n\t\t\t\t\t<div class=\"elementor-column elementor-col-100 elementor-top-column elementor-element elementor-element-aef88ce jltma-glass-effect-no\" data-id=\"aef88ce\" data-element_type=\"column\">\n\t\t\t<div class=\"elementor-widget-wrap elementor-element-populated\">\n\t\t\t\t\t\t<div class=\"elementor-element elementor-element-ad3b960 jltma-glass-effect-no elementor-widget elementor-widget-heading\" data-id=\"ad3b960\" data-element_type=\"widget\" data-widget_type=\"heading.default\">\n\t\t\t\t<div class=\"elementor-widget-container\">\n\t\t\t\t\t<h2 class=\"elementor-heading-title elementor-size-default\">YOGA \n<\/h2>\t\t\t\t<\/div>\n\t\t\t\t<\/div>\n\t\t\t\t<div class=\"elementor-element elementor-element-0fb1cc1 jltma-glass-effect-no elementor-widget elementor-widget-text-editor\" data-id=\"0fb1cc1\" data-element_type=\"widget\" data-widget_type=\"text-editor.default\">\n\t\t\t\t<div class=\"elementor-widget-container\">\n\t\t\t\t\t\t\t\t\t<p><span style=\"font-weight: 400;\">Se trata del tipo de yoga m\u00e1s practicado en Occidente y consta de seis tipos de asanas diferentes: de flexi\u00f3n adelante, de flexi\u00f3n atr\u00e1s, de torsi\u00f3n, de extensi\u00f3n lateral, invertidas y de equilibrio. Es una dosis de conciencia, bienestar y armon\u00eda, una vitamina que te ayuda desde la primera sesi\u00f3n a florecer de dentro afuera. En esta pr\u00e1ctica est\u00e1n presentes las posturas f\u00edsicas, las t\u00e9cnicas de respiraci\u00f3n y la meditaci\u00f3n.\u00a0<\/span><\/p><p><b>Sesi\u00f3n de yoga individual: 60\u20ac\u00a0<\/b><\/p><p><b>Sesi\u00f3n de yoga en pareja: 80\u20ac (la pareja)<\/b><\/p>\t\t\t\t\t\t\t\t<\/div>\n\t\t\t\t<\/div>\n\t\t\t\t<div class=\"elementor-element elementor-element-7d565bb elementor-mobile-align-center jltma-glass-effect-no elementor-widget elementor-widget-button\" data-id=\"7d565bb\" data-element_type=\"widget\" data-widget_type=\"button.default\">\n\t\t\t\t<div class=\"elementor-widget-container\">\n\t\t\t\t\t\t\t\t\t<div class=\"elementor-button-wrapper\">\n\t\t\t\t\t<a class=\"elementor-button elementor-button-link elementor-size-sm\" href=\"https:\/\/hoteljaponespuigpinos.com\/es\/producte\/yoga\/\">\n\t\t\t\t\t\t<span class=\"elementor-button-content-wrapper\">\n\t\t\t\t\t\t\t\t\t<span class=\"elementor-button-text\">Comprar<\/span>\n\t\t\t\t\t<\/span>\n\t\t\t\t\t<\/a>\n\t\t\t\t<\/div>\n\t\t\t\t\t\t\t\t<\/div>\n\t\t\t\t<\/div>\n\t\t\t\t<div class=\"elementor-element elementor-element-355dbd9 jltma-glass-effect-no elementor-widget elementor-widget-image\" data-id=\"355dbd9\" data-element_type=\"widget\" data-widget_type=\"image.default\">\n\t\t\t\t<div class=\"elementor-widget-container\">\n\t\t\t\t\t\t\t\t\t\t\t\t\t\t\t<img decoding=\"async\" width=\"2560\" height=\"1767\" src=\"https:\/\/hoteljaponespuigpinos.com\/wp-content\/uploads\/2025\/12\/HJP_-181-scaled.jpg\" class=\"attachment-full size-full wp-image-27474\" alt=\"\" srcset=\"https:\/\/hoteljaponespuigpinos.com\/wp-content\/uploads\/2025\/12\/HJP_-181-scaled.jpg 2560w, https:\/\/hoteljaponespuigpinos.com\/wp-content\/uploads\/2025\/12\/HJP_-181-300x207.jpg 300w, https:\/\/hoteljaponespuigpinos.com\/wp-content\/uploads\/2025\/12\/HJP_-181-1024x707.jpg 1024w, https:\/\/hoteljaponespuigpinos.com\/wp-content\/uploads\/2025\/12\/HJP_-181-768x530.jpg 768w, https:\/\/hoteljaponespuigpinos.com\/wp-content\/uploads\/2025\/12\/HJP_-181-1536x1060.jpg 1536w, https:\/\/hoteljaponespuigpinos.com\/wp-content\/uploads\/2025\/12\/HJP_-181-2048x1413.jpg 2048w, https:\/\/hoteljaponespuigpinos.com\/wp-content\/uploads\/2025\/12\/HJP_-181-600x414.jpg 600w\" sizes=\"(max-width: 2560px) 100vw, 2560px\" \/>\t\t\t\t\t\t\t\t\t\t\t\t\t\t\t<\/div>\n\t\t\t\t<\/div>\n\t\t\t\t\t<\/div>\n\t\t<\/div>\n\t\t\t\t\t<\/div>\n\t\t<\/section>\n\t\t\t\t<section class=\"elementor-section elementor-top-section elementor-element elementor-element-a5c1dc4 elementor-section-boxed elementor-section-height-default elementor-section-height-default jltma-glass-effect-no\" data-id=\"a5c1dc4\" data-element_type=\"section\">\n\t\t\t\t\t\t<div class=\"elementor-container elementor-column-gap-default\">\n\t\t\t\t\t<div class=\"elementor-column elementor-col-100 elementor-top-column elementor-element elementor-element-e80209e jltma-glass-effect-no\" data-id=\"e80209e\" data-element_type=\"column\">\n\t\t\t<div class=\"elementor-widget-wrap elementor-element-populated\">\n\t\t\t\t\t\t<div class=\"elementor-element elementor-element-da89bb2 jltma-glass-effect-no elementor-widget elementor-widget-heading\" data-id=\"da89bb2\" data-element_type=\"widget\" data-widget_type=\"heading.default\">\n\t\t\t\t<div class=\"elementor-widget-container\">\n\t\t\t\t\t<h2 class=\"elementor-heading-title elementor-size-default\">MASAJE \n<\/h2>\t\t\t\t<\/div>\n\t\t\t\t<\/div>\n\t\t\t\t<div class=\"elementor-element elementor-element-f787d18 jltma-glass-effect-no elementor-widget elementor-widget-text-editor\" data-id=\"f787d18\" data-element_type=\"widget\" data-widget_type=\"text-editor.default\">\n\t\t\t\t<div class=\"elementor-widget-container\">\n\t\t\t\t\t\t\t\t\t<p><span style=\"font-weight: 400;\">Masaje relajante o descontracturante con aceites esenciales.\u00a0<\/span><\/p><p><span style=\"font-weight: 400;\">Masajes terap\u00e9uticos que liberan tensiones en el cuerpo f\u00edsico y la mente, indicados en situaciones de estr\u00e9s o en caso de contracturas o tensiones musculares.\u00a0<\/span><\/p><p><b>Sesi\u00f3n de 50\u2019: 70\u20ac<\/b><\/p>\t\t\t\t\t\t\t\t<\/div>\n\t\t\t\t<\/div>\n\t\t\t\t<div class=\"elementor-element elementor-element-76a2e7f elementor-mobile-align-center jltma-glass-effect-no elementor-widget elementor-widget-button\" data-id=\"76a2e7f\" data-element_type=\"widget\" data-widget_type=\"button.default\">\n\t\t\t\t<div class=\"elementor-widget-container\">\n\t\t\t\t\t\t\t\t\t<div class=\"elementor-button-wrapper\">\n\t\t\t\t\t<a class=\"elementor-button elementor-button-link elementor-size-sm\" href=\"https:\/\/hoteljaponespuigpinos.com\/es\/producte\/masaje\/\">\n\t\t\t\t\t\t<span class=\"elementor-button-content-wrapper\">\n\t\t\t\t\t\t\t\t\t<span class=\"elementor-button-text\">Comprar<\/span>\n\t\t\t\t\t<\/span>\n\t\t\t\t\t<\/a>\n\t\t\t\t<\/div>\n\t\t\t\t\t\t\t\t<\/div>\n\t\t\t\t<\/div>\n\t\t\t\t<div class=\"elementor-element elementor-element-9782f98 jltma-glass-effect-no elementor-widget elementor-widget-image\" data-id=\"9782f98\" data-element_type=\"widget\" data-widget_type=\"image.default\">\n\t\t\t\t<div class=\"elementor-widget-container\">\n\t\t\t\t\t\t\t\t\t\t\t\t\t\t\t<img decoding=\"async\" width=\"2560\" height=\"1668\" src=\"https:\/\/hoteljaponespuigpinos.com\/wp-content\/uploads\/2025\/12\/HJP_-21-scaled.webp\" class=\"attachment-full size-full wp-image-27421\" alt=\"\" srcset=\"https:\/\/hoteljaponespuigpinos.com\/wp-content\/uploads\/2025\/12\/HJP_-21-scaled.webp 2560w, https:\/\/hoteljaponespuigpinos.com\/wp-content\/uploads\/2025\/12\/HJP_-21-300x196.webp 300w, https:\/\/hoteljaponespuigpinos.com\/wp-content\/uploads\/2025\/12\/HJP_-21-1024x667.webp 1024w, https:\/\/hoteljaponespuigpinos.com\/wp-content\/uploads\/2025\/12\/HJP_-21-768x501.webp 768w, https:\/\/hoteljaponespuigpinos.com\/wp-content\/uploads\/2025\/12\/HJP_-21-1536x1001.webp 1536w, https:\/\/hoteljaponespuigpinos.com\/wp-content\/uploads\/2025\/12\/HJP_-21-2048x1335.webp 2048w, https:\/\/hoteljaponespuigpinos.com\/wp-content\/uploads\/2025\/12\/HJP_-21-600x391.webp 600w, https:\/\/hoteljaponespuigpinos.com\/wp-content\/uploads\/2025\/12\/HJP_-21-66x43.webp 66w\" sizes=\"(max-width: 2560px) 100vw, 2560px\" \/>\t\t\t\t\t\t\t\t\t\t\t\t\t\t\t<\/div>\n\t\t\t\t<\/div>\n\t\t\t\t\t<\/div>\n\t\t<\/div>\n\t\t\t\t\t<\/div>\n\t\t<\/section>\n\t\t\t\t<section class=\"elementor-section elementor-top-section elementor-element elementor-element-25f6abd elementor-section-boxed elementor-section-height-default elementor-section-height-default jltma-glass-effect-no\" data-id=\"25f6abd\" data-element_type=\"section\">\n\t\t\t\t\t\t<div class=\"elementor-container elementor-column-gap-default\">\n\t\t\t\t\t<div class=\"elementor-column elementor-col-100 elementor-top-column elementor-element elementor-element-8191ef6 jltma-glass-effect-no\" data-id=\"8191ef6\" data-element_type=\"column\">\n\t\t\t<div class=\"elementor-widget-wrap elementor-element-populated\">\n\t\t\t\t\t\t<div class=\"elementor-element elementor-element-10a74d6 jltma-glass-effect-no elementor-widget elementor-widget-text-editor\" data-id=\"10a74d6\" data-element_type=\"widget\" data-widget_type=\"text-editor.default\">\n\t\t\t\t<div class=\"elementor-widget-container\">\n\t\t\t\t\t\t\t\t\t<p><span style=\"font-weight: 400;\">La temporada alta es julio y agosto, periodo de Navidad y Semana Santa y otros festivos y puentes durante el a\u00f1o.<\/span><\/p><p data-pm-slice=\"1 1 []\">Los vales regalo no son reembolsables y s\u00f3lo se podr\u00e1n intercambiar en temporada baja.<\/p><p data-pm-slice=\"1 1 []\"><strong> Pol\u00edtica de cancelaci\u00f3n en vales regalo<\/strong><\/p><p data-pm-slice=\"1 1 []\">El cliente podr\u00e1 modificar o anular su reserva antes de los 7 d\u00edas anteriores de la llegada. El cambio de fecha se podr\u00e1 realizar en una sola ocasi\u00f3n. No ser\u00e1 posible realizar un segundo cambio de fechas, entonces se perder\u00eda la validez del cheque.<br \/>En el caso de cancelarla durante los \u00faltimos 7 d\u00edas, el cheque regalo dejar\u00e1 de tener validez y ya no se podr\u00e1 utilizar.<br \/><br \/><br \/><span style=\"font-weight: 400;\">Los vales regalo que incluyen el alojamiento, se podr\u00e1n disfrutar en temporada baja. Si el beneficiario quiere alojarse en temporada alta lo podr\u00e1 hacer, pero habr\u00e1 que abonar la diferencia de precio de la habitaci\u00f3n.\u00a0<\/span><\/p>\t\t\t\t\t\t\t\t<\/div>\n\t\t\t\t<\/div>\n\t\t\t\t<div class=\"elementor-element elementor-element-80804a2 elementor-mobile-align-center elementor-align-center jltma-glass-effect-no elementor-widget elementor-widget-button\" data-id=\"80804a2\" data-element_type=\"widget\" data-widget_type=\"button.default\">\n\t\t\t\t<div class=\"elementor-widget-container\">\n\t\t\t\t\t\t\t\t\t<div class=\"elementor-button-wrapper\">\n\t\t\t\t\t<a class=\"elementor-button elementor-button-link elementor-size-sm\" href=\"https:\/\/hoteljaponespuigpinos.com\/es\/como-adquirir-un-vale-regalo\/\" target=\"_blank\">\n\t\t\t\t\t\t<span class=\"elementor-button-content-wrapper\">\n\t\t\t\t\t\t\t\t\t<span class=\"elementor-button-text\">C\u00f3mo adquirir un vale regalo<\/span>\n\t\t\t\t\t<\/span>\n\t\t\t\t\t<\/a>\n\t\t\t\t<\/div>\n\t\t\t\t\t\t\t\t<\/div>\n\t\t\t\t<\/div>\n\t\t\t\t\t<\/div>\n\t\t<\/div>\n\t\t\t\t\t<\/div>\n\t\t<\/section>\n\t\t\t\t<\/div>\n\t\t","protected":false},"excerpt":{"rendered":"<p>REGALA PUIGPIN\u00d3S \u30ae\u30d5\u30c8 Regala SUNAO \u7d20\u76f4 ser fiel a los principios Habitaciones TSUKI, KAZE, ISHI Opci\u00f3n SUNAO 1 Incluye: 1 noche en habitaci\u00f3n doble estilo japon\u00e9s en tatami y fut\u00f3n, con desayuno a escoger (tradicional catal\u00e1n o japon\u00e9s).\u00a0 *Se puede reservar siempre en d\u00edas de entre semana (jueves o domingo). En fin de semana, el [&hellip;]<\/p>\n","protected":false},"author":5,"featured_media":0,"parent":0,"menu_order":0,"comment_status":"closed","ping_status":"closed","template":"elementor_header_footer","meta":{"_joinchat":[],"footnotes":""},"class_list":["post-4091","page","type-page","status-publish","hentry","entry","owp-thumbs-layout-horizontal","owp-btn-normal","owp-tabs-layout-horizontal","has-no-thumbnails","has-product-nav"],"_links":{"self":[{"href":"https:\/\/hoteljaponespuigpinos.com\/es\/wp-json\/wp\/v2\/pages\/4091","targetHints":{"allow":["GET"]}}],"collection":[{"href":"https:\/\/hoteljaponespuigpinos.com\/es\/wp-json\/wp\/v2\/pages"}],"about":[{"href":"https:\/\/hoteljaponespuigpinos.com\/es\/wp-json\/wp\/v2\/types\/page"}],"author":[{"embeddable":true,"href":"https:\/\/hoteljaponespuigpinos.com\/es\/wp-json\/wp\/v2\/users\/5"}],"replies":[{"embeddable":true,"href":"https:\/\/hoteljaponespuigpinos.com\/es\/wp-json\/wp\/v2\/comments?post=4091"}],"version-history":[{"count":130,"href":"https:\/\/hoteljaponespuigpinos.com\/es\/wp-json\/wp\/v2\/pages\/4091\/revisions"}],"predecessor-version":[{"id":27925,"href":"https:\/\/hoteljaponespuigpinos.com\/es\/wp-json\/wp\/v2\/pages\/4091\/revisions\/27925"}],"wp:attachment":[{"href":"https:\/\/hoteljaponespuigpinos.com\/es\/wp-json\/wp\/v2\/media?parent=4091"}],"curies":[{"name":"wp","href":"https:\/\/api.w.org\/{rel}","templated":true}]}}