{"id":4100,"date":"2022-03-18T20:03:45","date_gmt":"2022-03-18T20:03:45","guid":{"rendered":"https:\/\/hoteljaponespuigpinos.com\/blog\/"},"modified":"2025-12-19T20:27:49","modified_gmt":"2025-12-19T20:27:49","slug":"blog","status":"publish","type":"page","link":"https:\/\/hoteljaponespuigpinos.com\/es\/blog\/","title":{"rendered":"Blog"},"content":{"rendered":"\t\t<div data-elementor-type=\"wp-page\" data-elementor-id=\"4100\" class=\"elementor elementor-4100 elementor-1838\" data-elementor-post-type=\"page\">\n\t\t\t\t\t\t<section class=\"elementor-section elementor-top-section elementor-element elementor-element-5e4eeb5 elementor-section-full_width elementor-section-height-default elementor-section-height-default jltma-glass-effect-no\" data-id=\"5e4eeb5\" data-element_type=\"section\" data-settings=\"{&quot;background_background&quot;:&quot;classic&quot;}\">\n\t\t\t\t\t\t\t<div class=\"elementor-background-overlay\"><\/div>\n\t\t\t\t\t\t\t<div class=\"elementor-container elementor-column-gap-no\">\n\t\t\t\t\t<div class=\"elementor-column elementor-col-100 elementor-top-column elementor-element elementor-element-3cf7e2e jltma-glass-effect-no\" data-id=\"3cf7e2e\" data-element_type=\"column\">\n\t\t\t<div class=\"elementor-widget-wrap elementor-element-populated\">\n\t\t\t\t\t\t<div class=\"elementor-element elementor-element-907b943 jltma-glass-effect-no elementor-widget elementor-widget-heading\" data-id=\"907b943\" data-element_type=\"widget\" data-widget_type=\"heading.default\">\n\t\t\t\t<div class=\"elementor-widget-container\">\n\t\t\t\t\t<h2 class=\"elementor-heading-title elementor-size-default\">Blog<\/h2>\t\t\t\t<\/div>\n\t\t\t\t<\/div>\n\t\t\t\t<div class=\"elementor-element elementor-element-b6d2bda jltma-glass-effect-no elementor-widget elementor-widget-heading\" data-id=\"b6d2bda\" data-element_type=\"widget\" data-widget_type=\"heading.default\">\n\t\t\t\t<div class=\"elementor-widget-container\">\n\t\t\t\t\t<h2 class=\"elementor-heading-title elementor-size-default\">\u30d6\u30ed\u30b0<\/h2>\t\t\t\t<\/div>\n\t\t\t\t<\/div>\n\t\t\t\t<div class=\"elementor-element elementor-element-4847546 elementor-align-right boton-reserva elementor-hidden-tablet elementor-hidden-mobile jltma-glass-effect-no elementor-widget elementor-widget-button\" data-id=\"4847546\" data-element_type=\"widget\" id=\"boton-reserva\" data-widget_type=\"button.default\">\n\t\t\t\t<div class=\"elementor-widget-container\">\n\t\t\t\t\t\t\t\t\t<div class=\"elementor-button-wrapper\">\n\t\t\t\t\t<a class=\"elementor-button elementor-button-link elementor-size-sm\" href=\"https:\/\/hoteljaponespuigpinos.com\/es\/reserves\/?channelkey=D5C62B06-FD62-7471-E053-0100007F993A&#038;fullintegration=1&#038;vscroll=1&#038;idiomaid=ca&#038;temp=0\">\n\t\t\t\t\t\t<span class=\"elementor-button-content-wrapper\">\n\t\t\t\t\t\t\t\t\t<span class=\"elementor-button-text\">R<br>E<br>S<br>E<br>R<br>V<br>A<\/span>\n\t\t\t\t\t<\/span>\n\t\t\t\t\t<\/a>\n\t\t\t\t<\/div>\n\t\t\t\t\t\t\t\t<\/div>\n\t\t\t\t<\/div>\n\t\t\t\t\t<\/div>\n\t\t<\/div>\n\t\t\t\t\t<\/div>\n\t\t<\/section>\n\t\t\t\t<section class=\"elementor-section elementor-top-section elementor-element elementor-element-6ea843e elementor-hidden-tablet elementor-hidden-mobile elementor-section-boxed elementor-section-height-default elementor-section-height-default jltma-glass-effect-no\" data-id=\"6ea843e\" data-element_type=\"section\">\n\t\t\t\t\t\t<div class=\"elementor-container elementor-column-gap-default\">\n\t\t\t\t\t<div class=\"elementor-column elementor-col-50 elementor-top-column elementor-element elementor-element-858033c jltma-glass-effect-no\" data-id=\"858033c\" data-element_type=\"column\">\n\t\t\t<div class=\"elementor-widget-wrap elementor-element-populated\">\n\t\t\t\t\t\t<div class=\"elementor-element elementor-element-8e8cbcc jltma-glass-effect-no elementor-widget elementor-widget-image\" data-id=\"8e8cbcc\" data-element_type=\"widget\" data-widget_type=\"image.default\">\n\t\t\t\t<div class=\"elementor-widget-container\">\n\t\t\t\t\t\t\t\t\t\t\t\t\t\t\t<img decoding=\"async\" src=\"https:\/\/hoteljaponespuigpinos.com\/wp-content\/uploads\/elementor\/thumbs\/08_puigpinos_icono_blog-qrvlgsnl4l30khj9ug308c5m6s4z2r6qfvpizppt60.png\" title=\"08_puigpinos_icono_blog\" alt=\"08_puigpinos_icono_blog\" loading=\"lazy\" \/>\t\t\t\t\t\t\t\t\t\t\t\t\t\t\t<\/div>\n\t\t\t\t<\/div>\n\t\t\t\t\t<\/div>\n\t\t<\/div>\n\t\t\t\t<div class=\"elementor-column elementor-col-50 elementor-top-column elementor-element elementor-element-ba43756 jltma-glass-effect-no\" data-id=\"ba43756\" data-element_type=\"column\">\n\t\t\t<div class=\"elementor-widget-wrap\">\n\t\t\t\t\t\t\t<\/div>\n\t\t<\/div>\n\t\t\t\t\t<\/div>\n\t\t<\/section>\n\t\t\t\t<section class=\"elementor-section elementor-top-section elementor-element elementor-element-bfdb3c7 elementor-section-boxed elementor-section-height-default elementor-section-height-default jltma-glass-effect-no\" data-id=\"bfdb3c7\" data-element_type=\"section\">\n\t\t\t\t\t\t<div class=\"elementor-container elementor-column-gap-default\">\n\t\t\t\t\t<div class=\"elementor-column elementor-col-100 elementor-top-column elementor-element elementor-element-3506a4a jltma-glass-effect-no\" data-id=\"3506a4a\" data-element_type=\"column\">\n\t\t\t<div class=\"elementor-widget-wrap elementor-element-populated\">\n\t\t\t\t\t\t<div class=\"elementor-element elementor-element-905df89 jltma-glass-effect-no elementor-widget elementor-widget-heading\" data-id=\"905df89\" data-element_type=\"widget\" data-widget_type=\"heading.default\">\n\t\t\t\t<div class=\"elementor-widget-container\">\n\t\t\t\t\t<h2 class=\"elementor-heading-title elementor-size-default\">Bienvenido y bienvenida a nuestro blog, donde hablaremos de temas de inter\u00e9s de la cultura y la tradici\u00f3n japonesa, y tambi\u00e9n de los valores y novedades del Hotel Japon\u00e8s Puigpin\u00f3s, as\u00ed como del entorno m\u00e1s pr\u00f3ximo y de las actividades especiales que llevaremos a cabo. <\/h2>\t\t\t\t<\/div>\n\t\t\t\t<\/div>\n\t\t\t\t\t<\/div>\n\t\t<\/div>\n\t\t\t\t\t<\/div>\n\t\t<\/section>\n\t\t\t\t<section class=\"elementor-section elementor-top-section elementor-element elementor-element-0a65dde elementor-hidden-desktop elementor-hidden-tablet elementor-hidden-mobile elementor-section-boxed elementor-section-height-default elementor-section-height-default jltma-glass-effect-no\" data-id=\"0a65dde\" data-element_type=\"section\">\n\t\t\t\t\t\t<div class=\"elementor-container elementor-column-gap-default\">\n\t\t\t\t\t<div class=\"elementor-column elementor-col-100 elementor-top-column elementor-element elementor-element-79b035a jltma-glass-effect-no\" data-id=\"79b035a\" data-element_type=\"column\">\n\t\t\t<div class=\"elementor-widget-wrap elementor-element-populated\">\n\t\t\t\t\t\t<div class=\"elementor-element elementor-element-638cc75 jltma-glass-effect-no elementor-widget elementor-widget-html\" data-id=\"638cc75\" data-element_type=\"widget\" data-widget_type=\"html.default\">\n\t\t\t\t<div class=\"elementor-widget-container\">\n\t\t\t\t\t<style>#boton-reserva  {\n  position: fixed;\n  top: 300px;\n  left: 20px;\n  background: transparent;\n}\n\n    \n<\/style>     \t\t\t\t<\/div>\n\t\t\t\t<\/div>\n\t\t\t\t\t<\/div>\n\t\t<\/div>\n\t\t\t\t\t<\/div>\n\t\t<\/section>\n\t\t\t\t<section class=\"elementor-section elementor-top-section elementor-element elementor-element-820eea7 elementor-section-boxed elementor-section-height-default elementor-section-height-default jltma-glass-effect-no\" data-id=\"820eea7\" data-element_type=\"section\">\n\t\t\t\t\t\t<div class=\"elementor-container elementor-column-gap-default\">\n\t\t\t\t\t<div class=\"elementor-column elementor-col-100 elementor-top-column elementor-element elementor-element-645424c jltma-glass-effect-no\" data-id=\"645424c\" data-element_type=\"column\">\n\t\t\t<div class=\"elementor-widget-wrap elementor-element-populated\">\n\t\t\t\t\t\t<div class=\"elementor-element elementor-element-f79cfee jltma-glass-effect-no elementor-widget elementor-widget-ucaddon_post_blocks\" data-id=\"f79cfee\" data-element_type=\"widget\" data-widget_type=\"ucaddon_post_blocks.default\">\n\t\t\t\t<div class=\"elementor-widget-container\">\n\t\t\t\t\t\n<!-- start Post Blocks -->\n\t\t<link id='font-awesome-css' href='https:\/\/hoteljaponespuigpinos.com\/wp-content\/plugins\/unlimited-elements-for-elementor\/assets_libraries\/font-awesome6\/fontawesome-all.min.css' type='text\/css' rel='stylesheet' >\n\t\t<link id='font-awesome-4-shim-css' href='https:\/\/hoteljaponespuigpinos.com\/wp-content\/plugins\/unlimited-elements-for-elementor\/assets_libraries\/font-awesome6\/fontawesome-v4-shims.min.css' type='text\/css' rel='stylesheet' >\n\n<style>\/* widget: Post Blocks *\/\n\n#uc_post_blocks_elementor_f79cfee {\n    display:grid;\n}\n#uc_post_blocks_elementor_f79cfee .ue_post_blocks_box\n{\n  overflow:hidden;\n}\n\n#uc_post_blocks_elementor_f79cfee .ue_post_blocks_image\n{\n  overflow:hidden;\n}\n#uc_post_blocks_elementor_f79cfee .ue_post_blocks_image img\n{\n  object-fit: cover;\n  object-position:center center;\n  width:100%;\n  display:block;\n}\n#uc_post_blocks_elementor_f79cfee .ue_post_blocks_link a\n{\n  display:inline-block;\n  text-decoration:none;\n  text-align:center;\n}\n\n #uc_post_blocks_elementor_f79cfee .ue_post_blocks_box img\n{\n  transition:0.5s;\n}\n #uc_post_blocks_elementor_f79cfee .ue_post_blocks_box:hover img\n{\n  transform:scale(1.1,1.1);\n}\n\n\n\n\n#uc_post_blocks_elementor_f79cfee .ue-grid-item-meta-data\n{\n  display:inlin-flex;\n  flex-wrap: wrap;\n}\n\n.ue-grid-item-meta-data\n{\n  font-size:12px;\n}\n\n#uc_post_blocks_elementor_f79cfee .ue-grid-item-meta-data-icon\n{\n  line-height:1em;\n}\n\n#uc_post_blocks_elementor_f79cfee .ue-grid-item-meta-data-icon svg\n{\n  width:1em;\n  height:1em;\n}\n\n\n.ue-grid-item-category a\n{\n  display:inline-block;\n  font-size:10px;\n  text-transform:uppercase;\n}\n\n<\/style>\n\n<div id=\"uc_post_blocks_elementor_f79cfee\" class=\"ue_post_blocks uc-items-wrapper\" >\n    <div class=\"ue_post_blocks_box\">\n    <div class=\"ue_post_blocks_image\">\n    <a href=\"https:\/\/hoteljaponespuigpinos.com\/es\/escapada-primavera-solsones\/\" style=\"display:block;\"><img decoding=\"async\" src=\"https:\/\/hoteljaponespuigpinos.com\/wp-content\/uploads\/2026\/03\/ca6c7438-4111-4b60-bdc9-232b4200d019.jpg\"><\/a>\n  <\/div>\n    <div class=\"ue_post_blocks_content\">\n      \n     \n               <div class=\"ue-grid-item-meta-data\">\n            <div class=\"ue-grid-item-meta-data-date\"><span class=\"ue-grid-item-meta-data-icon\"><i class=''><\/i><\/span> 31 marzo, 2026<\/div>                      <\/div>\n         \n    <div class=\"ue_post_blocks_title\"><a href=\"https:\/\/hoteljaponespuigpinos.com\/es\/escapada-primavera-solsones\/\">Escapada de primavera al Solson\u00e8s: planes y qu\u00e9 hacer desde el Hotel Japon\u00e8s Puigpin\u00f3s<\/a><\/div>    \n        \n    \n    <div class=\"ue_post_blocks_text\">La primavera es uno de los mejores momentos para hacer una escapada al Solson\u00e8s. Los paisajes cambian,...<\/div>    <div class=\"ue_post_blocks_link\"><a href=\"https:\/\/hoteljaponespuigpinos.com\/es\/escapada-primavera-solsones\/\" class=\"\">LEER M\u00c1S<\/a><\/div>  <\/div>\n<\/div>\n<div class=\"ue_post_blocks_box\">\n    <div class=\"ue_post_blocks_image\">\n    <a href=\"https:\/\/hoteljaponespuigpinos.com\/es\/bono-regalo-hotel-japones-puigpinos-una-forma-diferente-de-regalar-experiencias-con-inspiracion-japonesa\/\" style=\"display:block;\"><img decoding=\"async\" src=\"https:\/\/hoteljaponespuigpinos.com\/wp-content\/uploads\/2026\/02\/chocolat.png\"><\/a>\n  <\/div>\n    <div class=\"ue_post_blocks_content\">\n      \n     \n               <div class=\"ue-grid-item-meta-data\">\n            <div class=\"ue-grid-item-meta-data-date\"><span class=\"ue-grid-item-meta-data-icon\"><i class=''><\/i><\/span> 12 febrero, 2026<\/div>                      <\/div>\n         \n    <div class=\"ue_post_blocks_title\"><a href=\"https:\/\/hoteljaponespuigpinos.com\/es\/bono-regalo-hotel-japones-puigpinos-una-forma-diferente-de-regalar-experiencias-con-inspiracion-japonesa\/\">Bono regalo Hotel Japon\u00e8s Puigpin\u00f3s: una forma diferente de regalar experiencias con inspiraci\u00f3n japonesa<\/a><\/div>    \n        \n    \n    <div class=\"ue_post_blocks_text\">San Valent\u00edn es una de las fechas m\u00e1s populares para hacer un detalle especial. Pero \u00bfy si en lugar de...<\/div>    <div class=\"ue_post_blocks_link\"><a href=\"https:\/\/hoteljaponespuigpinos.com\/es\/bono-regalo-hotel-japones-puigpinos-una-forma-diferente-de-regalar-experiencias-con-inspiracion-japonesa\/\" class=\"\">LEER M\u00c1S<\/a><\/div>  <\/div>\n<\/div>\n<div class=\"ue_post_blocks_box\">\n    <div class=\"ue_post_blocks_image\">\n    <a href=\"https:\/\/hoteljaponespuigpinos.com\/es\/planes-de-invierno-en-el-solsones-nieve-cultura-y-calma-para-una-escapada-diferente\/\" style=\"display:block;\"><img decoding=\"async\" src=\"https:\/\/hoteljaponespuigpinos.com\/wp-content\/uploads\/2026\/01\/Plans-dhivern.jpg\"><\/a>\n  <\/div>\n    <div class=\"ue_post_blocks_content\">\n      \n     \n               <div class=\"ue-grid-item-meta-data\">\n            <div class=\"ue-grid-item-meta-data-date\"><span class=\"ue-grid-item-meta-data-icon\"><i class=''><\/i><\/span> 12 diciembre, 2025<\/div>                      <\/div>\n         \n    <div class=\"ue_post_blocks_title\"><a href=\"https:\/\/hoteljaponespuigpinos.com\/es\/planes-de-invierno-en-el-solsones-nieve-cultura-y-calma-para-una-escapada-diferente\/\">Planes de invierno en el Solson\u00e8s: nieve, cultura y calma para una escapada diferente<\/a><\/div>    \n        \n    \n    <div class=\"ue_post_blocks_text\">El invierno es una buena \u00e9poca para viajar sin prisas. Cuando el paisaje cambia y el ritmo se desacelera,...<\/div>    <div class=\"ue_post_blocks_link\"><a href=\"https:\/\/hoteljaponespuigpinos.com\/es\/planes-de-invierno-en-el-solsones-nieve-cultura-y-calma-para-una-escapada-diferente\/\" class=\"\">LEER M\u00c1S<\/a><\/div>  <\/div>\n<\/div>\n<div class=\"ue_post_blocks_box\">\n    <div class=\"ue_post_blocks_image\">\n    <a href=\"https:\/\/hoteljaponespuigpinos.com\/es\/regalar-calma-vivir-el-fin-de-ano-con-esencia-japonesa-en-el-corazon-del-solsones\/\" style=\"display:block;\"><img decoding=\"async\" src=\"https:\/\/hoteljaponespuigpinos.com\/wp-content\/uploads\/2025\/11\/nov.jpg\"><\/a>\n  <\/div>\n    <div class=\"ue_post_blocks_content\">\n      \n     \n               <div class=\"ue-grid-item-meta-data\">\n            <div class=\"ue-grid-item-meta-data-date\"><span class=\"ue-grid-item-meta-data-icon\"><i class=''><\/i><\/span> 10 noviembre, 2025<\/div>                      <\/div>\n         \n    <div class=\"ue_post_blocks_title\"><a href=\"https:\/\/hoteljaponespuigpinos.com\/es\/regalar-calma-vivir-el-fin-de-ano-con-esencia-japonesa-en-el-corazon-del-solsones\/\">Regalar calma: vivir el Fin de A\u00f1o con esencia japonesa en el coraz\u00f3n del Solson\u00e8s<\/a><\/div>    \n        \n    \n    <div class=\"ue_post_blocks_text\">El final del a\u00f1o, en Jap\u00f3n, es un momento para hacer balance, agradecer y empezar de nuevo con serenidad.\n\n\nEn...<\/div>    <div class=\"ue_post_blocks_link\"><a href=\"https:\/\/hoteljaponespuigpinos.com\/es\/regalar-calma-vivir-el-fin-de-ano-con-esencia-japonesa-en-el-corazon-del-solsones\/\" class=\"\">LEER M\u00c1S<\/a><\/div>  <\/div>\n<\/div>\n<div class=\"ue_post_blocks_box\">\n    <div class=\"ue_post_blocks_image\">\n    <a href=\"https:\/\/hoteljaponespuigpinos.com\/es\/momiji-en-el-solsones-vivir-el-otono-entre-bosques-setas-y-calma-japonesa\/\" style=\"display:block;\"><img decoding=\"async\" src=\"https:\/\/hoteljaponespuigpinos.com\/wp-content\/uploads\/2025\/11\/octubre-scaled.jpg\"><\/a>\n  <\/div>\n    <div class=\"ue_post_blocks_content\">\n      \n     \n               <div class=\"ue-grid-item-meta-data\">\n            <div class=\"ue-grid-item-meta-data-date\"><span class=\"ue-grid-item-meta-data-icon\"><i class=''><\/i><\/span> 16 octubre, 2025<\/div>                      <\/div>\n         \n    <div class=\"ue_post_blocks_title\"><a href=\"https:\/\/hoteljaponespuigpinos.com\/es\/momiji-en-el-solsones-vivir-el-otono-entre-bosques-setas-y-calma-japonesa\/\">Momiji en el Solson\u00e8s: vivir el oto\u00f1o entre bosques, setas y calma japonesa<\/a><\/div>    \n        \n    \n    <div class=\"ue_post_blocks_text\">El oto\u00f1o llega con colores c\u00e1lidos y una luz especial al Solson\u00e8s. En el Hotel Japon\u00e8s Puigpin\u00f3s, esta...<\/div>    <div class=\"ue_post_blocks_link\"><a href=\"https:\/\/hoteljaponespuigpinos.com\/es\/momiji-en-el-solsones-vivir-el-otono-entre-bosques-setas-y-calma-japonesa\/\" class=\"\">LEER M\u00c1S<\/a><\/div>  <\/div>\n<\/div>\n<div class=\"ue_post_blocks_box\">\n    <div class=\"ue_post_blocks_image\">\n    <a href=\"https:\/\/hoteljaponespuigpinos.com\/es\/convenciones-empresa-solsones-hotel-puigpinos\/\" style=\"display:block;\"><img decoding=\"async\" src=\"https:\/\/hoteljaponespuigpinos.com\/wp-content\/uploads\/2025\/09\/Puigpinos_136-1-scaled.jpg\"><\/a>\n  <\/div>\n    <div class=\"ue_post_blocks_content\">\n      \n     \n               <div class=\"ue-grid-item-meta-data\">\n            <div class=\"ue-grid-item-meta-data-date\"><span class=\"ue-grid-item-meta-data-icon\"><i class=''><\/i><\/span> 26 septiembre, 2025<\/div>                      <\/div>\n         \n    <div class=\"ue_post_blocks_title\"><a href=\"https:\/\/hoteljaponespuigpinos.com\/es\/convenciones-empresa-solsones-hotel-puigpinos\/\">Convenciones de empresa en el Solson\u00e8s: un entorno inspirador en el Hotel Japon\u00e8s Puigpin\u00f3s<\/a><\/div>    \n        \n    \n    <div class=\"ue_post_blocks_text\">Con la llegada del oto\u00f1o, muchas empresas empiezan a planificar sus convenciones y reuniones para los...<\/div>    <div class=\"ue_post_blocks_link\"><a href=\"https:\/\/hoteljaponespuigpinos.com\/es\/convenciones-empresa-solsones-hotel-puigpinos\/\" class=\"\">LEER M\u00c1S<\/a><\/div>  <\/div>\n<\/div>\n<div class=\"ue_post_blocks_box\">\n    <div class=\"ue_post_blocks_image\">\n    <a href=\"https:\/\/hoteljaponespuigpinos.com\/es\/planes-para-agosto-en-el-solsones-naturaleza-cultura-y-experiencias-unicas\/\" style=\"display:block;\"><img decoding=\"async\" src=\"https:\/\/hoteljaponespuigpinos.com\/wp-content\/uploads\/2025\/07\/Imagen-de-WhatsApp-2025-07-24-a-las-20.48.09_22891cec.jpg\"><\/a>\n  <\/div>\n    <div class=\"ue_post_blocks_content\">\n      \n     \n               <div class=\"ue-grid-item-meta-data\">\n            <div class=\"ue-grid-item-meta-data-date\"><span class=\"ue-grid-item-meta-data-icon\"><i class=''><\/i><\/span> 28 julio, 2025<\/div>                      <\/div>\n         \n    <div class=\"ue_post_blocks_title\"><a href=\"https:\/\/hoteljaponespuigpinos.com\/es\/planes-para-agosto-en-el-solsones-naturaleza-cultura-y-experiencias-unicas\/\">Planes para agosto en el Solson\u00e8s: naturaleza, cultura y experiencias \u00fanicas<\/a><\/div>    \n        \n    \n    <div class=\"ue_post_blocks_text\">\u00bfBuscas una escapada tranquila, diferente y sin aglomeraciones para este agosto? El Solson\u00e8s es una joya...<\/div>    <div class=\"ue_post_blocks_link\"><a href=\"https:\/\/hoteljaponespuigpinos.com\/es\/planes-para-agosto-en-el-solsones-naturaleza-cultura-y-experiencias-unicas\/\" class=\"\">LEER M\u00c1S<\/a><\/div>  <\/div>\n<\/div>\n<div class=\"ue_post_blocks_box\">\n    <div class=\"ue_post_blocks_image\">\n    <a href=\"https:\/\/hoteljaponespuigpinos.com\/es\/como-es-una-boda-japonesa-tradicion-simbolismo-y-conexion-con-la-naturaleza\/\" style=\"display:block;\"><img decoding=\"async\" src=\"https:\/\/hoteljaponespuigpinos.com\/wp-content\/uploads\/2025\/07\/13606954705_4621680b20_o-scaled.jpg\"><\/a>\n  <\/div>\n    <div class=\"ue_post_blocks_content\">\n      \n     \n               <div class=\"ue-grid-item-meta-data\">\n            <div class=\"ue-grid-item-meta-data-date\"><span class=\"ue-grid-item-meta-data-icon\"><i class=''><\/i><\/span> 25 julio, 2025<\/div>                      <\/div>\n         \n    <div class=\"ue_post_blocks_title\"><a href=\"https:\/\/hoteljaponespuigpinos.com\/es\/como-es-una-boda-japonesa-tradicion-simbolismo-y-conexion-con-la-naturaleza\/\">C\u00f3mo es una boda japonesa: tradici\u00f3n, simbolismo y conexi\u00f3n con la naturaleza<\/a><\/div>    \n        \n    \n    <div class=\"ue_post_blocks_text\">Este mes, en el Hotel Japon\u00e8s Puigpin\u00f3s, acogeremos una boda muy especial: una ceremonia de inspiraci\u00f3n...<\/div>    <div class=\"ue_post_blocks_link\"><a href=\"https:\/\/hoteljaponespuigpinos.com\/es\/como-es-una-boda-japonesa-tradicion-simbolismo-y-conexion-con-la-naturaleza\/\" class=\"\">LEER M\u00c1S<\/a><\/div>  <\/div>\n<\/div>\n<div class=\"ue_post_blocks_box\">\n    <div class=\"ue_post_blocks_image\">\n    <a href=\"https:\/\/hoteljaponespuigpinos.com\/es\/talleres-de-verano-para-reconectar-cuerpo-mente-y-creatividad\/\" style=\"display:block;\"><img decoding=\"async\" src=\"https:\/\/hoteljaponespuigpinos.com\/wp-content\/uploads\/2025\/06\/PHOTO-2025-06-12-09-56-19.jpg\"><\/a>\n  <\/div>\n    <div class=\"ue_post_blocks_content\">\n      \n     \n               <div class=\"ue-grid-item-meta-data\">\n            <div class=\"ue-grid-item-meta-data-date\"><span class=\"ue-grid-item-meta-data-icon\"><i class=''><\/i><\/span> 17 junio, 2025<\/div>                      <\/div>\n         \n    <div class=\"ue_post_blocks_title\"><a href=\"https:\/\/hoteljaponespuigpinos.com\/es\/talleres-de-verano-para-reconectar-cuerpo-mente-y-creatividad\/\">Talleres de verano para reconectar cuerpo, mente y creatividad<\/a><\/div>    \n        \n    \n    <div class=\"ue_post_blocks_text\">En pleno coraz\u00f3n del Solson\u00e8s, rodeado de naturaleza y tranquilidad, el Hotel Japon\u00e8s Puigpin\u00f3s propone...<\/div>    <div class=\"ue_post_blocks_link\"><a href=\"https:\/\/hoteljaponespuigpinos.com\/es\/talleres-de-verano-para-reconectar-cuerpo-mente-y-creatividad\/\" class=\"\">LEER M\u00c1S<\/a><\/div>  <\/div>\n<\/div>\n<div class=\"ue_post_blocks_box\">\n    <div class=\"ue_post_blocks_image\">\n    <a href=\"https:\/\/hoteljaponespuigpinos.com\/es\/escapada-verano-hotel-japones-puigpinos\/\" style=\"display:block;\"><img decoding=\"async\" src=\"https:\/\/hoteljaponespuigpinos.com\/wp-content\/uploads\/2025\/05\/Puigpinos_107-scaled.jpg\"><\/a>\n  <\/div>\n    <div class=\"ue_post_blocks_content\">\n      \n     \n               <div class=\"ue-grid-item-meta-data\">\n            <div class=\"ue-grid-item-meta-data-date\"><span class=\"ue-grid-item-meta-data-icon\"><i class=''><\/i><\/span> 29 mayo, 2025<\/div>                      <\/div>\n         \n    <div class=\"ue_post_blocks_title\"><a href=\"https:\/\/hoteljaponespuigpinos.com\/es\/escapada-verano-hotel-japones-puigpinos\/\">Una escapada de verano en el Hotel Japon\u00e8s Puigpin\u00f3s: calma, esencia japonesa y piscina en el Solson\u00e8s<\/a><\/div>    \n        \n    \n    <div class=\"ue_post_blocks_text\">Si este verano te apetece escapar del ritmo de siempre, el Hotel Japon\u00e8s Puigpin\u00f3s es una apuesta segura....<\/div>    <div class=\"ue_post_blocks_link\"><a href=\"https:\/\/hoteljaponespuigpinos.com\/es\/escapada-verano-hotel-japones-puigpinos\/\" class=\"\">LEER M\u00c1S<\/a><\/div>  <\/div>\n<\/div>\n\n<\/div>\n<!-- end Post Blocks -->\t\t\t\t<\/div>\n\t\t\t\t<\/div>\n\t\t\t\t\t<\/div>\n\t\t<\/div>\n\t\t\t\t\t<\/div>\n\t\t<\/section>\n\t\t\t\t<section class=\"elementor-section elementor-top-section elementor-element elementor-element-c4096e0 elementor-section-boxed elementor-section-height-default elementor-section-height-default jltma-glass-effect-no\" data-id=\"c4096e0\" data-element_type=\"section\">\n\t\t\t\t\t\t<div class=\"elementor-container elementor-column-gap-default\">\n\t\t\t\t\t<div class=\"elementor-column elementor-col-100 elementor-top-column elementor-element elementor-element-f17c428 jltma-glass-effect-no\" data-id=\"f17c428\" data-element_type=\"column\">\n\t\t\t<div class=\"elementor-widget-wrap elementor-element-populated\">\n\t\t\t\t\t\t<div class=\"elementor-element elementor-element-c871c5b jltma-glass-effect-no elementor-widget elementor-widget-html\" data-id=\"c871c5b\" data-element_type=\"widget\" data-widget_type=\"html.default\">\n\t\t\t\t<div class=\"elementor-widget-container\">\n\t\t\t\t\t<style>\n  #boton-reserva   \n    \n    \n<\/style>\t\t\t\t<\/div>\n\t\t\t\t<\/div>\n\t\t\t\t\t<\/div>\n\t\t<\/div>\n\t\t\t\t\t<\/div>\n\t\t<\/section>\n\t\t\t\t<\/div>\n\t\t","protected":false},"excerpt":{"rendered":"<p>Blog \u30d6\u30ed\u30b0 RESERVA Bienvenido y bienvenida a nuestro blog, donde hablaremos de temas de inter\u00e9s de la cultura y la tradici\u00f3n japonesa, y tambi\u00e9n de los valores y novedades del Hotel Japon\u00e8s Puigpin\u00f3s, as\u00ed como del entorno m\u00e1s pr\u00f3ximo y de las actividades especiales que llevaremos a cabo.<\/p>\n","protected":false},"author":5,"featured_media":0,"parent":0,"menu_order":0,"comment_status":"closed","ping_status":"closed","template":"elementor_header_footer","meta":{"_joinchat":[],"footnotes":""},"class_list":["post-4100","page","type-page","status-publish","hentry","entry","owp-thumbs-layout-horizontal","owp-btn-normal","owp-tabs-layout-horizontal","has-no-thumbnails","has-product-nav"],"_links":{"self":[{"href":"https:\/\/hoteljaponespuigpinos.com\/es\/wp-json\/wp\/v2\/pages\/4100","targetHints":{"allow":["GET"]}}],"collection":[{"href":"https:\/\/hoteljaponespuigpinos.com\/es\/wp-json\/wp\/v2\/pages"}],"about":[{"href":"https:\/\/hoteljaponespuigpinos.com\/es\/wp-json\/wp\/v2\/types\/page"}],"author":[{"embeddable":true,"href":"https:\/\/hoteljaponespuigpinos.com\/es\/wp-json\/wp\/v2\/users\/5"}],"replies":[{"embeddable":true,"href":"https:\/\/hoteljaponespuigpinos.com\/es\/wp-json\/wp\/v2\/comments?post=4100"}],"version-history":[{"count":13,"href":"https:\/\/hoteljaponespuigpinos.com\/es\/wp-json\/wp\/v2\/pages\/4100\/revisions"}],"predecessor-version":[{"id":27811,"href":"https:\/\/hoteljaponespuigpinos.com\/es\/wp-json\/wp\/v2\/pages\/4100\/revisions\/27811"}],"wp:attachment":[{"href":"https:\/\/hoteljaponespuigpinos.com\/es\/wp-json\/wp\/v2\/media?parent=4100"}],"curies":[{"name":"wp","href":"https:\/\/api.w.org\/{rel}","templated":true}]}}