{"id":4279,"date":"2022-03-20T16:56:29","date_gmt":"2022-03-20T16:56:29","guid":{"rendered":"https:\/\/hoteljaponespuigpinos.com\/la-meva-reserva\/"},"modified":"2022-03-21T17:14:16","modified_gmt":"2022-03-21T17:14:16","slug":"mi-reserva","status":"publish","type":"page","link":"https:\/\/hoteljaponespuigpinos.com\/es\/mi-reserva\/","title":{"rendered":"Gestionar mi reserva"},"content":{"rendered":"\t\t<div data-elementor-type=\"wp-page\" data-elementor-id=\"4279\" class=\"elementor elementor-4279 elementor-4251\" data-elementor-post-type=\"page\">\n\t\t\t\t\t\t<section class=\"elementor-section elementor-top-section elementor-element elementor-element-9152aef elementor-section-full_width elementor-section-height-default elementor-section-height-default jltma-glass-effect-no\" data-id=\"9152aef\" data-element_type=\"section\" data-settings=\"{&quot;background_background&quot;:&quot;classic&quot;}\">\n\t\t\t\t\t\t\t<div class=\"elementor-background-overlay\"><\/div>\n\t\t\t\t\t\t\t<div class=\"elementor-container elementor-column-gap-no\">\n\t\t\t\t\t<div class=\"elementor-column elementor-col-100 elementor-top-column elementor-element elementor-element-067153c jltma-glass-effect-no\" data-id=\"067153c\" data-element_type=\"column\">\n\t\t\t<div class=\"elementor-widget-wrap elementor-element-populated\">\n\t\t\t\t\t\t<div class=\"elementor-element elementor-element-f808224 jltma-glass-effect-no elementor-widget elementor-widget-heading\" data-id=\"f808224\" data-element_type=\"widget\" data-widget_type=\"heading.default\">\n\t\t\t\t<div class=\"elementor-widget-container\">\n\t\t\t\t\t<h2 class=\"elementor-heading-title elementor-size-default\">Hotel<\/h2>\t\t\t\t<\/div>\n\t\t\t\t<\/div>\n\t\t\t\t<div class=\"elementor-element elementor-element-151ca0c jltma-glass-effect-no elementor-widget elementor-widget-heading\" data-id=\"151ca0c\" data-element_type=\"widget\" data-widget_type=\"heading.default\">\n\t\t\t\t<div class=\"elementor-widget-container\">\n\t\t\t\t\t<h2 class=\"elementor-heading-title elementor-size-default\">\u30db\u30c6\u30eb<\/h2>\t\t\t\t<\/div>\n\t\t\t\t<\/div>\n\t\t\t\t\t<\/div>\n\t\t<\/div>\n\t\t\t\t\t<\/div>\n\t\t<\/section>\n\t\t\t\t<section class=\"elementor-section elementor-top-section elementor-element elementor-element-75980d8 elementor-hidden-tablet elementor-hidden-mobile elementor-section-boxed elementor-section-height-default elementor-section-height-default jltma-glass-effect-no\" data-id=\"75980d8\" data-element_type=\"section\">\n\t\t\t\t\t\t<div class=\"elementor-container elementor-column-gap-default\">\n\t\t\t\t\t<div class=\"elementor-column elementor-col-50 elementor-top-column elementor-element elementor-element-f5c6b13 jltma-glass-effect-no\" data-id=\"f5c6b13\" data-element_type=\"column\">\n\t\t\t<div class=\"elementor-widget-wrap elementor-element-populated\">\n\t\t\t\t\t\t<div class=\"elementor-element elementor-element-b24afa6 jltma-glass-effect-no elementor-widget elementor-widget-image\" data-id=\"b24afa6\" data-element_type=\"widget\" data-widget_type=\"image.default\">\n\t\t\t\t<div class=\"elementor-widget-container\">\n\t\t\t\t\t\t\t\t\t\t\t\t\t\t\t<img decoding=\"async\" src=\"https:\/\/hoteljaponespuigpinos.com\/wp-content\/uploads\/elementor\/thumbs\/01_puigpinos_icono_hotel-qrvlgrpqxr1q8vkmzxodnue5le9lv2303r21ifr7c8.png\" title=\"01_puigpinos_icono_hotel\" alt=\"01_puigpinos_icono_hotel\" loading=\"lazy\" \/>\t\t\t\t\t\t\t\t\t\t\t\t\t\t\t<\/div>\n\t\t\t\t<\/div>\n\t\t\t\t\t<\/div>\n\t\t<\/div>\n\t\t\t\t<div class=\"elementor-column elementor-col-50 elementor-top-column elementor-element elementor-element-947081a jltma-glass-effect-no\" data-id=\"947081a\" data-element_type=\"column\">\n\t\t\t<div class=\"elementor-widget-wrap\">\n\t\t\t\t\t\t\t<\/div>\n\t\t<\/div>\n\t\t\t\t\t<\/div>\n\t\t<\/section>\n\t\t\t\t<section class=\"elementor-section elementor-top-section elementor-element elementor-element-3617ce1 elementor-section-boxed elementor-section-height-default elementor-section-height-default jltma-glass-effect-no\" data-id=\"3617ce1\" data-element_type=\"section\">\n\t\t\t\t\t\t<div class=\"elementor-container elementor-column-gap-default\">\n\t\t\t\t\t<div class=\"elementor-column elementor-col-100 elementor-top-column elementor-element elementor-element-be2c262 jltma-glass-effect-no\" data-id=\"be2c262\" data-element_type=\"column\">\n\t\t\t<div class=\"elementor-widget-wrap elementor-element-populated\">\n\t\t\t\t\t\t<div class=\"elementor-element elementor-element-453f564 jltma-glass-effect-no elementor-widget elementor-widget-text-editor\" data-id=\"453f564\" data-element_type=\"widget\" data-widget_type=\"text-editor.default\">\n\t\t\t\t<div class=\"elementor-widget-container\">\n\t\t\t\t\t\t\t\t\tDesde esta p\u00e1gina podr\u00e1s modificar o cancelar tu reserva si as\u00ed lo deseas.\n<br>Recuerda leer las condiciones de cancelaci\u00f3n de tu reserva.\n<br>Si tienes alguna duda, puedes ponerte en contacto con nuestro departamento de reservas:\n<br>info@hoteljaponespuigpinos.com\t\t\t\t\t\t\t\t<\/div>\n\t\t\t\t<\/div>\n\t\t\t\t<div class=\"elementor-element elementor-element-05f994c jltma-glass-effect-no elementor-widget elementor-widget-html\" data-id=\"05f994c\" data-element_type=\"widget\" data-widget_type=\"html.default\">\n\t\t\t\t<div class=\"elementor-widget-container\">\n\t\t\t\t\t\n<div id=\"calendario-container\"><form class=\"disponibilidad\" style=\"text-align: -webkit-center;\" action=\"https:\/\/hoteljaponespuigpinos.com\/reserves\" method=\"get\"><input name=\"channelkey\" type=\"hidden\" value=\"D5C62B06-FD62-7471-E053-0100007F993A\">\n<table>\n<tbody>\n<tr>\n<td><label for=\"email\" style=\"color:#fff;\">Email<\/label><\/td>\n<td><input id=\"email\" style=\"max-width: 300px; position: relative;\" name=\"email\" type=\"email\" value=\"\" required=\"\"><\/td>\n<td><label for=\"localizador\" style=\"color:#fff;\">Localizador<\/label><\/td>\n<td><input id=\"localizador\" style=\"max-width: 90px; position: relative;\" name=\"localizador\" type=\"text\" value=\"\" required=\"\"><\/td>\n<td><input id=\"enviar\" style=\"border-radius: 0; background: #555; color: #fff; font-size: 13px; border: 0px solid #000; margin-left: 10px; height: 35px; padding-left: 50px; padding-right: 50px;\" type=\"submit\" value=\"ENVIAR\"><\/td>\n<\/tr>\n<\/tbody>\n<\/table>\n<input name=\"fullintegration\" type=\"hidden\" value=\"1\">\n<input name=\"vscroll\" type=\"hidden\" value=\"1\">\n<input name=\"idiomaid\" type=\"hidden\" value=\"es\">\n<input name=\"temp\" type=\"hidden\" value=\"0\">\n\n<\/form><\/div>\n\t\t\t\t<\/div>\n\t\t\t\t<\/div>\n\t\t\t\t\t<\/div>\n\t\t<\/div>\n\t\t\t\t\t<\/div>\n\t\t<\/section>\n\t\t\t\t<section class=\"elementor-section elementor-top-section elementor-element elementor-element-64b98e2 elementor-section-boxed elementor-section-height-default elementor-section-height-default jltma-glass-effect-no\" data-id=\"64b98e2\" data-element_type=\"section\">\n\t\t\t\t\t\t<div class=\"elementor-container elementor-column-gap-default\">\n\t\t\t\t\t<div class=\"elementor-column elementor-col-100 elementor-top-column elementor-element elementor-element-63905fc jltma-glass-effect-no\" data-id=\"63905fc\" data-element_type=\"column\">\n\t\t\t<div class=\"elementor-widget-wrap elementor-element-populated\">\n\t\t\t\t\t\t<div class=\"elementor-element elementor-element-4f6c42e jltma-glass-effect-no elementor-widget elementor-widget-spacer\" data-id=\"4f6c42e\" data-element_type=\"widget\" data-widget_type=\"spacer.default\">\n\t\t\t\t<div class=\"elementor-widget-container\">\n\t\t\t\t\t\t\t<div class=\"elementor-spacer\">\n\t\t\t<div class=\"elementor-spacer-inner\"><\/div>\n\t\t<\/div>\n\t\t\t\t\t\t<\/div>\n\t\t\t\t<\/div>\n\t\t\t\t\t<\/div>\n\t\t<\/div>\n\t\t\t\t\t<\/div>\n\t\t<\/section>\n\t\t\t\t<\/div>\n\t\t","protected":false},"excerpt":{"rendered":"<p>Hotel \u30db\u30c6\u30eb Desde esta p\u00e1gina podr\u00e1s modificar o cancelar tu reserva si as\u00ed lo deseas. Recuerda leer las condiciones de cancelaci\u00f3n de tu reserva. Si tienes alguna duda, puedes ponerte en contacto con nuestro departamento de reservas: info@hoteljaponespuigpinos.com Email Localizador<\/p>\n","protected":false},"author":1,"featured_media":0,"parent":0,"menu_order":0,"comment_status":"closed","ping_status":"closed","template":"elementor_header_footer","meta":{"_joinchat":[],"footnotes":""},"class_list":["post-4279","page","type-page","status-publish","hentry","entry","owp-thumbs-layout-horizontal","owp-btn-normal","owp-tabs-layout-horizontal","has-no-thumbnails","has-product-nav"],"_links":{"self":[{"href":"https:\/\/hoteljaponespuigpinos.com\/es\/wp-json\/wp\/v2\/pages\/4279","targetHints":{"allow":["GET"]}}],"collection":[{"href":"https:\/\/hoteljaponespuigpinos.com\/es\/wp-json\/wp\/v2\/pages"}],"about":[{"href":"https:\/\/hoteljaponespuigpinos.com\/es\/wp-json\/wp\/v2\/types\/page"}],"author":[{"embeddable":true,"href":"https:\/\/hoteljaponespuigpinos.com\/es\/wp-json\/wp\/v2\/users\/1"}],"replies":[{"embeddable":true,"href":"https:\/\/hoteljaponespuigpinos.com\/es\/wp-json\/wp\/v2\/comments?post=4279"}],"version-history":[{"count":11,"href":"https:\/\/hoteljaponespuigpinos.com\/es\/wp-json\/wp\/v2\/pages\/4279\/revisions"}],"predecessor-version":[{"id":4390,"href":"https:\/\/hoteljaponespuigpinos.com\/es\/wp-json\/wp\/v2\/pages\/4279\/revisions\/4390"}],"wp:attachment":[{"href":"https:\/\/hoteljaponespuigpinos.com\/es\/wp-json\/wp\/v2\/media?parent=4279"}],"curies":[{"name":"wp","href":"https:\/\/api.w.org\/{rel}","templated":true}]}}