{"id":18680,"date":"2023-01-02T14:38:37","date_gmt":"2023-01-02T14:40:17","guid":{"rendered":"https:\/\/hoteljaponespuigpinos.com\/?post_type=product&#038;p=18680"},"modified":"2026-01-09T17:07:51","modified_gmt":"2026-01-09T17:07:51","slug":"yoga","status":"publish","type":"product","link":"https:\/\/hoteljaponespuigpinos.com\/es\/producto\/yoga\/","title":{"rendered":"YOGA"},"content":{"rendered":"<p><span style=\"font-weight: 400;\">Se trata del tipo de yoga m\u00e1s practicado en Occidente y consta de seis tipos de asanas diferentes: de flexi\u00f3n adelante, de flexi\u00f3n atr\u00e1s, de torsi\u00f3n, de extensi\u00f3n lateral, invertidas y de equilibrio. Es una dosis de conciencia, bienestar y armon\u00eda, una vitamina que te ayuda desde la primera sesi\u00f3n a florecer de dentro afuera. En esta pr\u00e1ctica est\u00e1n presentes las posturas f\u00edsicas, las t\u00e9cnicas de respiraci\u00f3n y la meditaci\u00f3n.\u00a0<\/span><\/p>\n<p><b>Sesi\u00f3n de yoga individual: 60\u20ac\u00a0<\/b><\/p>\n<p><b>Sesi\u00f3n de yoga en pareja: 80\u20ac (la pareja)<\/b><\/p>\n","protected":false},"excerpt":{"rendered":"<p>Se trata del tipo de yoga m\u00e1s practicado en Occidente y consta de seis tipos de asanas diferentes: de flexi\u00f3n adelante, de flexi\u00f3n atr\u00e1s, de torsi\u00f3n, de extensi\u00f3n lateral, invertidas y de equilibrio. Es una dosis de conciencia, bienestar y armon\u00eda, una vitamina que te ayuda desde la primera sesi\u00f3n a florecer de dentro afuera. [&hellip;]<\/p>\n","protected":false},"featured_media":18674,"comment_status":"closed","ping_status":"closed","template":"","meta":{"_joinchat":[]},"product_brand":[],"product_cat":[69],"product_tag":[],"class_list":{"0":"post-18680","1":"product","2":"type-product","3":"status-publish","4":"has-post-thumbnail","6":"product_cat-sin-categoria","8":"entry","9":"has-media","11":"first","12":"instock","13":"shipping-taxable","14":"purchasable","15":"product-type-variable","16":"has-product-nav","17":"col","18":"span_1_of_3","19":"owp-content-center","20":"owp-thumbs-layout-horizontal","21":"owp-btn-normal","22":"owp-tabs-layout-horizontal","23":"has-no-thumbnails"},"_links":{"self":[{"href":"https:\/\/hoteljaponespuigpinos.com\/es\/wp-json\/wp\/v2\/product\/18680","targetHints":{"allow":["GET"]}}],"collection":[{"href":"https:\/\/hoteljaponespuigpinos.com\/es\/wp-json\/wp\/v2\/product"}],"about":[{"href":"https:\/\/hoteljaponespuigpinos.com\/es\/wp-json\/wp\/v2\/types\/product"}],"replies":[{"embeddable":true,"href":"https:\/\/hoteljaponespuigpinos.com\/es\/wp-json\/wp\/v2\/comments?post=18680"}],"wp:featuredmedia":[{"embeddable":true,"href":"https:\/\/hoteljaponespuigpinos.com\/es\/wp-json\/wp\/v2\/media\/18674"}],"wp:attachment":[{"href":"https:\/\/hoteljaponespuigpinos.com\/es\/wp-json\/wp\/v2\/media?parent=18680"}],"wp:term":[{"taxonomy":"product_brand","embeddable":true,"href":"https:\/\/hoteljaponespuigpinos.com\/es\/wp-json\/wp\/v2\/product_brand?post=18680"},{"taxonomy":"product_cat","embeddable":true,"href":"https:\/\/hoteljaponespuigpinos.com\/es\/wp-json\/wp\/v2\/product_cat?post=18680"},{"taxonomy":"product_tag","embeddable":true,"href":"https:\/\/hoteljaponespuigpinos.com\/es\/wp-json\/wp\/v2\/product_tag?post=18680"}],"curies":[{"name":"wp","href":"https:\/\/api.w.org\/{rel}","templated":true}]}}