{"id":18690,"date":"2023-01-02T15:05:56","date_gmt":"2023-01-02T15:07:08","guid":{"rendered":"https:\/\/hoteljaponespuigpinos.com\/?post_type=product&#038;p=18690"},"modified":"2023-01-02T15:07:08","modified_gmt":"2023-01-02T15:07:08","slug":"masaje","status":"publish","type":"product","link":"https:\/\/hoteljaponespuigpinos.com\/es\/producto\/masaje\/","title":{"rendered":"MASAJE"},"content":{"rendered":"<p><span style=\"font-weight: 400;\">Masaje relajante o descontracturante con aceites esenciales.\u00a0<\/span><\/p>\n<p><span style=\"font-weight: 400;\">Masajes terap\u00e9uticos que liberan tensiones en el cuerpo f\u00edsico y la mente, indicados en situaciones de estr\u00e9s o en caso de contracturas o tensiones musculares.\u00a0<\/span><\/p>\n<p><b>Sesi\u00f3n de 50\u2019: 70\u20ac<\/b><\/p>\n","protected":false},"excerpt":{"rendered":"<p>Masaje relajante o descontracturante con aceites esenciales.\u00a0 Masajes terap\u00e9uticos que liberan tensiones en el cuerpo f\u00edsico y la mente, indicados en situaciones de estr\u00e9s o en caso de contracturas o tensiones musculares.\u00a0 Sesi\u00f3n de 50\u2019: 70\u20ac<\/p>\n","protected":false},"featured_media":18677,"comment_status":"closed","ping_status":"closed","template":"","meta":{"_joinchat":[]},"product_brand":[],"product_cat":[69],"product_tag":[],"class_list":{"0":"post-18690","1":"product","2":"type-product","3":"status-publish","4":"has-post-thumbnail","6":"product_cat-sin-categoria","8":"entry","9":"has-media","11":"first","12":"instock","13":"shipping-taxable","14":"purchasable","15":"product-type-simple","16":"has-product-nav","17":"col","18":"span_1_of_3","19":"owp-content-center","20":"owp-thumbs-layout-horizontal","21":"owp-btn-normal","22":"owp-tabs-layout-horizontal","23":"has-no-thumbnails"},"_links":{"self":[{"href":"https:\/\/hoteljaponespuigpinos.com\/es\/wp-json\/wp\/v2\/product\/18690","targetHints":{"allow":["GET"]}}],"collection":[{"href":"https:\/\/hoteljaponespuigpinos.com\/es\/wp-json\/wp\/v2\/product"}],"about":[{"href":"https:\/\/hoteljaponespuigpinos.com\/es\/wp-json\/wp\/v2\/types\/product"}],"replies":[{"embeddable":true,"href":"https:\/\/hoteljaponespuigpinos.com\/es\/wp-json\/wp\/v2\/comments?post=18690"}],"wp:featuredmedia":[{"embeddable":true,"href":"https:\/\/hoteljaponespuigpinos.com\/es\/wp-json\/wp\/v2\/media\/18677"}],"wp:attachment":[{"href":"https:\/\/hoteljaponespuigpinos.com\/es\/wp-json\/wp\/v2\/media?parent=18690"}],"wp:term":[{"taxonomy":"product_brand","embeddable":true,"href":"https:\/\/hoteljaponespuigpinos.com\/es\/wp-json\/wp\/v2\/product_brand?post=18690"},{"taxonomy":"product_cat","embeddable":true,"href":"https:\/\/hoteljaponespuigpinos.com\/es\/wp-json\/wp\/v2\/product_cat?post=18690"},{"taxonomy":"product_tag","embeddable":true,"href":"https:\/\/hoteljaponespuigpinos.com\/es\/wp-json\/wp\/v2\/product_tag?post=18690"}],"curies":[{"name":"wp","href":"https:\/\/api.w.org\/{rel}","templated":true}]}}