{"id":4631,"date":"2022-03-24T20:07:26","date_gmt":"2022-03-24T20:07:26","guid":{"rendered":"https:\/\/hoteljaponespuigpinos.com\/producte\/regala-sunao-%e7%b4%a0%e7%9b%b4\/"},"modified":"2026-01-20T13:35:12","modified_gmt":"2026-01-20T13:35:12","slug":"regala-sunao-%e7%b4%a0%e7%9b%b4","status":"publish","type":"product","link":"https:\/\/hoteljaponespuigpinos.com\/es\/producto\/regala-sunao-%e7%b4%a0%e7%9b%b4\/","title":{"rendered":"Regala SUNAO \u7d20\u76f4"},"content":{"rendered":"<p data-start=\"0\" data-end=\"60\">ser fiel a los principios<br data-start=\"25\" data-end=\"28\" \/>Habitaciones TSUKI, KAZE, ISHI<\/p>\n<p data-start=\"62\" data-end=\"86\"><strong>Opci\u00f3n SUNAO 1. Incluye:<\/strong><\/p>\n<p data-start=\"88\" data-end=\"205\">1 noche en habitaci\u00f3n doble estilo japon\u00e9s con tatami y fut\u00f3n, con desayuno a elegir (tradicional catal\u00e1n o japon\u00e9s).<\/p>\n<p data-start=\"207\" data-end=\"338\">*Se podr\u00e1 reservar siempre en d\u00edas entre semana (jueves o domingo). En fin de semana, el hotel tiene estancia m\u00ednima de dos noches.<\/p>\n<p data-start=\"340\" data-end=\"370\">Precio para dos personas 210 \u20ac<\/p>\n<p data-start=\"372\" data-end=\"396\"><strong>Opci\u00f3n SUNAO 2. Incluye:<\/strong><\/p>\n<p data-start=\"398\" data-end=\"516\">2 noches en habitaci\u00f3n doble estilo japon\u00e9s con tatami y fut\u00f3n, con desayuno a elegir (tradicional catal\u00e1n o japon\u00e9s).<\/p>\n<p data-start=\"518\" data-end=\"548\">Precio para dos personas 420 \u20ac<\/p>\n<p data-start=\"550\" data-end=\"574\"><strong>Opci\u00f3n SUNAO 3. Incluye:<\/strong><\/p>\n<p data-start=\"576\" data-end=\"732\">\u2022\u2060 1 noche en habitaci\u00f3n doble estilo japon\u00e9s con tatami y fut\u00f3n, con desayuno a elegir (tradicional catal\u00e1n o japon\u00e9s).<br data-start=\"696\" data-end=\"699\" \/>\u2022\u2060 Cena men\u00fa degustaci\u00f3n japon\u00e9s.<\/p>\n<p>*Se podr\u00e1 reservar siempre en d\u00edas entre semana (jueves o domingo). En fin de semana, el hotel tiene estancia m\u00ednima de dos noches.<\/p>\n<p data-start=\"734\" data-end=\"764\">Precio para dos personas 330 \u20ac<\/p>\n<p data-start=\"766\" data-end=\"790\"><strong>Opci\u00f3n SUNAO 4. Incluye:<\/strong><\/p>\n<p data-start=\"792\" data-end=\"949\">\u2022\u2060 2 noches en habitaci\u00f3n doble estilo japon\u00e9s con tatami y fut\u00f3n, con desayuno a elegir (tradicional catal\u00e1n o japon\u00e9s).<br data-start=\"913\" data-end=\"916\" \/>\u2022\u2060 Cena men\u00fa degustaci\u00f3n japon\u00e9s.<\/p>\n<p data-start=\"951\" data-end=\"1082\">*Se podr\u00e1 reservar siempre en d\u00edas entre semana (jueves o domingo). En fin de semana, el hotel tiene estancia m\u00ednima de dos noches.<\/p>\n<p data-start=\"1084\" data-end=\"1114\" data-is-last-node=\"\" data-is-only-node=\"\">Precio para dos personas 540 \u20ac<\/p>\n","protected":false},"excerpt":{"rendered":"<p>ser fiel a los principiosHabitaciones TSUKI, KAZE, ISHI Opci\u00f3n SUNAO 1. Incluye: 1 noche en habitaci\u00f3n doble estilo japon\u00e9s con tatami y fut\u00f3n, con desayuno a elegir (tradicional catal\u00e1n o japon\u00e9s). *Se podr\u00e1 reservar siempre en d\u00edas entre semana (jueves o domingo). En fin de semana, el hotel tiene estancia m\u00ednima de dos noches. Precio [&hellip;]<\/p>\n","protected":false},"featured_media":7618,"comment_status":"open","ping_status":"closed","template":"","meta":{"_joinchat":[]},"product_brand":[],"product_cat":[69],"product_tag":[],"class_list":{"0":"post-4631","1":"product","2":"type-product","3":"status-publish","4":"has-post-thumbnail","6":"product_cat-sin-categoria","8":"entry","9":"has-media","11":"first","12":"instock","13":"shipping-taxable","14":"purchasable","15":"product-type-variable","16":"has-product-nav","17":"col","18":"span_1_of_3","19":"owp-content-center","20":"owp-thumbs-layout-horizontal","21":"owp-btn-normal","22":"owp-tabs-layout-horizontal","23":"has-no-thumbnails"},"_links":{"self":[{"href":"https:\/\/hoteljaponespuigpinos.com\/es\/wp-json\/wp\/v2\/product\/4631","targetHints":{"allow":["GET"]}}],"collection":[{"href":"https:\/\/hoteljaponespuigpinos.com\/es\/wp-json\/wp\/v2\/product"}],"about":[{"href":"https:\/\/hoteljaponespuigpinos.com\/es\/wp-json\/wp\/v2\/types\/product"}],"replies":[{"embeddable":true,"href":"https:\/\/hoteljaponespuigpinos.com\/es\/wp-json\/wp\/v2\/comments?post=4631"}],"wp:featuredmedia":[{"embeddable":true,"href":"https:\/\/hoteljaponespuigpinos.com\/es\/wp-json\/wp\/v2\/media\/7618"}],"wp:attachment":[{"href":"https:\/\/hoteljaponespuigpinos.com\/es\/wp-json\/wp\/v2\/media?parent=4631"}],"wp:term":[{"taxonomy":"product_brand","embeddable":true,"href":"https:\/\/hoteljaponespuigpinos.com\/es\/wp-json\/wp\/v2\/product_brand?post=4631"},{"taxonomy":"product_cat","embeddable":true,"href":"https:\/\/hoteljaponespuigpinos.com\/es\/wp-json\/wp\/v2\/product_cat?post=4631"},{"taxonomy":"product_tag","embeddable":true,"href":"https:\/\/hoteljaponespuigpinos.com\/es\/wp-json\/wp\/v2\/product_tag?post=4631"}],"curies":[{"name":"wp","href":"https:\/\/api.w.org\/{rel}","templated":true}]}}